{"id":42802,"date":"2023-03-10T23:15:53","date_gmt":"2023-03-10T22:15:53","guid":{"rendered":"https:\/\/dev.netpet.ch\/produit\/powerheat-ampoule-ceramique-60w\/"},"modified":"2026-02-23T10:15:24","modified_gmt":"2026-02-23T09:15:24","slug":"powerheat-ampoule-ceramique-60w","status":"publish","type":"product","link":"https:\/\/netpet.ch\/de\/produit\/powerheat-ampoule-ceramique-60w\/","title":{"rendered":"Powerheat - Dunkelstrahler 60W"},"content":{"rendered":"<p>Keramik-W\u00e4rmelampen werden h\u00e4ufig bei der Aufzucht von K\u00fcken oder in Tiergehegen verwendet, um die Tiere zu w\u00e4rmen. Sie erm\u00f6glichen den Tieren einen nat\u00fcrlichen Tag- und Nachtrhythmus, da sie nur W\u00e4rme und kein Licht abstrahlen.<\/p>\n<p>Die Powerheat Dunkelstrahler werden aus hochwertiger, glasierter Keramik hergestellt und bieten ein sch\u00f6nes Finish.<\/p>\n<p>Dunkelstrahler haben eine l\u00e4ngere Lebensdauer als herk\u00f6mmliche W\u00e4rmelampen. Au\u00dferdem sind sie zu 100% thermisch effizient : die gesamte Energie wird in W\u00e4rme umgewandelt und es geht keine Energie in Form von Licht verloren.<\/p>\n<p>Die Powerheat Dunkelstrahler sind in den Leistungsst\u00e4rken 60W, 100W, 150W und 250W erh\u00e4ltlich. Der standardisierte E27-Sockel erm\u00f6glicht eine einfache und sichere Installation.<\/p>\n<p>Verwenden Sie die Dunkelstrahler immer in Kombination mit einer Keramikfassung, da sie sehr hei\u00df werden. Sie k\u00f6nnen auch in Kombination mit einem Aluminiumreflektor verwendet werden. Dieser sorgt f\u00fcr eine bessere W\u00e4rmeverteilung und reduziert den W\u00e4rmeverlust nach oben.<\/p>\n<p>(\u00fcbersetzt mit www.deepL.com)<\/p>\n","protected":false},"excerpt":{"rendered":"<p>Keramik-W\u00e4rmelampen werden h\u00e4ufig bei der Aufzucht von K\u00fcken oder in Tiergehegen verwendet, um die Tiere zu w\u00e4rmen. Sie erm\u00f6glichen den Tieren einen nat\u00fcrlichen Tag- und Nachtrhythmus, da sie nur W\u00e4rme und kein Licht abstrahlen. Die Powerheat Dunkelstrahler werden aus hochwertiger, glasierter Keramik hergestellt und bieten ein sch\u00f6nes Finish. Dunkelstrahler haben eine l\u00e4ngere Lebensdauer als herk\u00f6mmliche [&hellip;]<\/p>\n","protected":false},"featured_media":46347,"template":"","meta":{"_acf_changed":false,"wds_primary_product_brand":0,"wds_primary_product_cat":0},"product_brand":[],"product_cat":[453],"product_tag":[],"class_list":{"0":"post-42802","1":"product","2":"type-product","3":"status-publish","4":"has-post-thumbnail","6":"product_cat-kuekenaufzucht-zubehoer","8":"first","9":"instock","10":"taxable","11":"shipping-taxable","12":"purchasable","13":"product-type-simple"},"acf":[],"_links":{"self":[{"href":"https:\/\/netpet.ch\/de\/wp-json\/wp\/v2\/product\/42802","targetHints":{"allow":["GET"]}}],"collection":[{"href":"https:\/\/netpet.ch\/de\/wp-json\/wp\/v2\/product"}],"about":[{"href":"https:\/\/netpet.ch\/de\/wp-json\/wp\/v2\/types\/product"}],"wp:featuredmedia":[{"embeddable":true,"href":"https:\/\/netpet.ch\/de\/wp-json\/wp\/v2\/media\/46347"}],"wp:attachment":[{"href":"https:\/\/netpet.ch\/de\/wp-json\/wp\/v2\/media?parent=42802"}],"wp:term":[{"taxonomy":"product_brand","embeddable":true,"href":"https:\/\/netpet.ch\/de\/wp-json\/wp\/v2\/product_brand?post=42802"},{"taxonomy":"product_cat","embeddable":true,"href":"https:\/\/netpet.ch\/de\/wp-json\/wp\/v2\/product_cat?post=42802"},{"taxonomy":"product_tag","embeddable":true,"href":"https:\/\/netpet.ch\/de\/wp-json\/wp\/v2\/product_tag?post=42802"}],"curies":[{"name":"wp","href":"https:\/\/api.w.org\/{rel}","templated":true}]}}