{"id":42803,"date":"2023-03-10T23:15:51","date_gmt":"2023-03-10T22:15:51","guid":{"rendered":"https:\/\/dev.netpet.ch\/produit\/mangeoire-lineaire-galvanisee-100cm-uniquement-retrait-au-depot\/"},"modified":"2024-05-26T23:09:09","modified_gmt":"2024-05-26T21:09:09","slug":"mangeoire-lineaire-galvanisee-100cm-uniquement-retrait-au-depot","status":"publish","type":"product","link":"https:\/\/netpet.ch\/de\/produit\/mangeoire-lineaire-galvanisee-100cm-uniquement-retrait-au-depot\/","title":{"rendered":"Verzinkter linearer Futtertrog, 100cm (nur Abholung im Depot)"},"content":{"rendered":"<p>Dieser verzinkte Futtertrog mit einer L\u00e4nge von 100cm verf\u00fcgt \u00fcber ein aufklappbares Fressgitter. Er ist ideal f\u00fcr die t\u00e4gliche F\u00fctterung von Gefl\u00fcgel, wobei kein Futter gelagert werden muss.<\/p>\n<p>Ebenfalls in einer Kunststoffausf\u00fchrung erh\u00e4ltlich (Produktcode : olnl-hd100p).<\/p>\n<p><span style=\"color: #ff6600\">Bitte beachten Sie: Dieses Produkt muss im Depot abgeholt werden; f\u00fcr andere Vereinbarungen kontaktieren Sie uns bitte vor der Bestellung.<\/span><\/p>\n<p>(\u00fcbersetzt mit www.deepL.com)<\/p>\n","protected":false},"excerpt":{"rendered":"<p><span style=\"color: #ff6600\">Achtung: Dieses Produkt muss im Lager abgeholt werden; sollten Sie eine andere Vereinbarung treffen wollen, kontaktieren Sie uns bitte vor einer Bestellung.<\/span><\/p>\n","protected":false},"featured_media":39960,"template":"","meta":{"_acf_changed":false,"wds_primary_product_brand":0,"wds_primary_product_cat":0},"product_brand":[],"product_cat":[452],"product_tag":[],"class_list":{"0":"post-42803","1":"product","2":"type-product","3":"status-publish","4":"has-post-thumbnail","6":"product_cat-futterautomaten","8":"first","9":"instock","10":"taxable","11":"shipping-taxable","12":"purchasable","13":"product-type-simple"},"acf":[],"_links":{"self":[{"href":"https:\/\/netpet.ch\/de\/wp-json\/wp\/v2\/product\/42803","targetHints":{"allow":["GET"]}}],"collection":[{"href":"https:\/\/netpet.ch\/de\/wp-json\/wp\/v2\/product"}],"about":[{"href":"https:\/\/netpet.ch\/de\/wp-json\/wp\/v2\/types\/product"}],"wp:featuredmedia":[{"embeddable":true,"href":"https:\/\/netpet.ch\/de\/wp-json\/wp\/v2\/media\/39960"}],"wp:attachment":[{"href":"https:\/\/netpet.ch\/de\/wp-json\/wp\/v2\/media?parent=42803"}],"wp:term":[{"taxonomy":"product_brand","embeddable":true,"href":"https:\/\/netpet.ch\/de\/wp-json\/wp\/v2\/product_brand?post=42803"},{"taxonomy":"product_cat","embeddable":true,"href":"https:\/\/netpet.ch\/de\/wp-json\/wp\/v2\/product_cat?post=42803"},{"taxonomy":"product_tag","embeddable":true,"href":"https:\/\/netpet.ch\/de\/wp-json\/wp\/v2\/product_tag?post=42803"}],"curies":[{"name":"wp","href":"https:\/\/api.w.org\/{rel}","templated":true}]}}