{"id":42804,"date":"2023-03-10T23:15:47","date_gmt":"2023-03-10T22:15:47","guid":{"rendered":"https:\/\/dev.netpet.ch\/produit\/thermometre-dincubation-digital-check-up\/"},"modified":"2026-04-15T10:14:06","modified_gmt":"2026-04-15T08:14:06","slug":"thermometre-dincubation-digital-check-up","status":"publish","type":"product","link":"https:\/\/netpet.ch\/de\/produit\/thermometre-dincubation-digital-check-up\/","title":{"rendered":"Digitales Inkubationsthermometer 'Check-Up'"},"content":{"rendered":"<p>Sehr pr\u00e4zises Inkubationsthermometer mit digitaler LCD Display mit einer Anzeige von bis zu 0,1 Grad.<\/p>\n<p>Dieses Thermometer ist auch mit einem Schalter ausgestattet, um zwischen Fahrenheit und Celsius zu w\u00e4hlen.<\/p>\n<p>Der Temperaturbereich dieses Thermometers liegt zwischen 32 und 42 Grad Celsius. Unterhalb oder oberhalb dieser Werte zeigt es keine Werte an. Der begrenzte Temperaturbereich macht dieses Thermometer so pr\u00e4zis.<\/p>\n<p>Der Sensor dieses Thermometers reagiert sehr schnell und gibt Temperatur\u00e4nderungen sofort weiter. Der 50 cm lange Sensor erm\u00f6glicht es, das Thermometer au\u00dfen am Inkubator zu montieren.<\/p>\n<p>Das Ausschalten nach Gebrauch schont die Batterien.<\/p>\n","protected":false},"excerpt":{"rendered":"<p>Sehr pr\u00e4zises Inkubationsthermometer mit digitaler LCD Display mit einer Anzeige von bis zu 0,1 Grad. Dieses Thermometer ist auch mit einem Schalter ausgestattet, um zwischen Fahrenheit und Celsius zu w\u00e4hlen. Der Temperaturbereich dieses Thermometers liegt zwischen 32 und 42 Grad Celsius. Unterhalb oder oberhalb dieser Werte zeigt es keine Werte an. Der begrenzte Temperaturbereich macht [&hellip;]<\/p>\n","protected":false},"featured_media":43405,"template":"","meta":{"_acf_changed":false,"wds_primary_product_brand":0,"wds_primary_product_cat":0},"product_brand":[],"product_cat":[434,821,447],"product_tag":[],"class_list":{"0":"post-42804","1":"product","2":"type-product","3":"status-publish","4":"has-post-thumbnail","6":"product_cat-zubehoer","7":"product_cat-zubehoer-fuer-brinsea-inkubatoren","8":"product_cat-zubehoer-fuer-fiem-inkubatoren","10":"first","11":"instock","12":"taxable","13":"shipping-taxable","14":"purchasable","15":"product-type-simple"},"acf":[],"_links":{"self":[{"href":"https:\/\/netpet.ch\/de\/wp-json\/wp\/v2\/product\/42804","targetHints":{"allow":["GET"]}}],"collection":[{"href":"https:\/\/netpet.ch\/de\/wp-json\/wp\/v2\/product"}],"about":[{"href":"https:\/\/netpet.ch\/de\/wp-json\/wp\/v2\/types\/product"}],"wp:featuredmedia":[{"embeddable":true,"href":"https:\/\/netpet.ch\/de\/wp-json\/wp\/v2\/media\/43405"}],"wp:attachment":[{"href":"https:\/\/netpet.ch\/de\/wp-json\/wp\/v2\/media?parent=42804"}],"wp:term":[{"taxonomy":"product_brand","embeddable":true,"href":"https:\/\/netpet.ch\/de\/wp-json\/wp\/v2\/product_brand?post=42804"},{"taxonomy":"product_cat","embeddable":true,"href":"https:\/\/netpet.ch\/de\/wp-json\/wp\/v2\/product_cat?post=42804"},{"taxonomy":"product_tag","embeddable":true,"href":"https:\/\/netpet.ch\/de\/wp-json\/wp\/v2\/product_tag?post=42804"}],"curies":[{"name":"wp","href":"https:\/\/api.w.org\/{rel}","templated":true}]}}