{"id":42807,"date":"2023-03-10T23:15:41","date_gmt":"2023-03-10T22:15:41","guid":{"rendered":"https:\/\/dev.netpet.ch\/produit\/pet-mate-pompe-de-remplacement-pour-fontaine-animaliere\/"},"modified":"2024-10-02T08:20:48","modified_gmt":"2024-10-02T06:20:48","slug":"pet-mate-pompe-de-remplacement-pour-fontaine-animaliere","status":"publish","type":"product","link":"https:\/\/netpet.ch\/de\/produit\/pet-mate-pompe-de-remplacement-pour-fontaine-animaliere\/","title":{"rendered":"Petmate - Ersatzpumpe f\u00fcr Heimtier-Trinkbrunnen"},"content":{"rendered":"<p>Ersatzpumpe f\u00fcr Cat Mate Heimtier-Trinkbrunnen (Ref. 335), Heimtier-Muscheltrinkbrunnen (Ref. 410E, 411E, 412E, 413E) und gro\u00dfen Dog Mate Heimtier-Trinkbrunnen (Ref. 385).<\/p>\n","protected":false},"excerpt":{"rendered":"<p>Ersatzpumpe f\u00fcr Cat Mate Heimtier-Trinkbrunnen (Ref. 335), Heimtier-Muscheltrinkbrunnen (Ref. 410E, 411E, 412E, 413E) und gro\u00dfen Dog Mate Heimtier-Trinkbrunnen (Ref. 385).<\/p>\n","protected":false},"featured_media":47782,"template":"","meta":{"_acf_changed":false,"wds_primary_product_brand":0,"wds_primary_product_cat":0},"product_brand":[],"product_cat":[481],"product_tag":[],"class_list":{"0":"post-42807","1":"product","2":"type-product","3":"status-publish","4":"has-post-thumbnail","6":"product_cat-ersatzfilter-und-ersatzteile","8":"first","9":"instock","10":"taxable","11":"shipping-taxable","12":"purchasable","13":"product-type-simple"},"acf":[],"_links":{"self":[{"href":"https:\/\/netpet.ch\/de\/wp-json\/wp\/v2\/product\/42807","targetHints":{"allow":["GET"]}}],"collection":[{"href":"https:\/\/netpet.ch\/de\/wp-json\/wp\/v2\/product"}],"about":[{"href":"https:\/\/netpet.ch\/de\/wp-json\/wp\/v2\/types\/product"}],"wp:featuredmedia":[{"embeddable":true,"href":"https:\/\/netpet.ch\/de\/wp-json\/wp\/v2\/media\/47782"}],"wp:attachment":[{"href":"https:\/\/netpet.ch\/de\/wp-json\/wp\/v2\/media?parent=42807"}],"wp:term":[{"taxonomy":"product_brand","embeddable":true,"href":"https:\/\/netpet.ch\/de\/wp-json\/wp\/v2\/product_brand?post=42807"},{"taxonomy":"product_cat","embeddable":true,"href":"https:\/\/netpet.ch\/de\/wp-json\/wp\/v2\/product_cat?post=42807"},{"taxonomy":"product_tag","embeddable":true,"href":"https:\/\/netpet.ch\/de\/wp-json\/wp\/v2\/product_tag?post=42807"}],"curies":[{"name":"wp","href":"https:\/\/api.w.org\/{rel}","templated":true}]}}