{"id":43181,"date":"2023-03-11T00:04:22","date_gmt":"2023-03-10T23:04:22","guid":{"rendered":"https:\/\/dev.netpet.ch\/produit\/epuisette-o-58cm\/"},"modified":"2024-05-26T23:05:40","modified_gmt":"2024-05-26T21:05:40","slug":"epuisette-o-58cm","status":"publish","type":"product","link":"https:\/\/netpet.ch\/de\/produit\/epuisette-o-58cm\/","title":{"rendered":"Fangnetz, \u00d8 58cm (nur Abholung im Lager)"},"content":{"rendered":"<p>Fangnetz mit schwarzem PE Netz und Rahmen aus Aluminium mit einem Durchmesser von 58cm.<\/p>\n<p>Das Netz verf\u00fcgt \u00fcber eine Teleskopstange, die zwischen 102cm und 152cm verstellbar ist; Gesamtl\u00e4nge zwischen 167cm und 220cm.<\/p>\n<p><span style=\"color: #ff6600\">Bitte beachten Sie: Dieses Produkt muss im Depot abgeholt werden; f\u00fcr andere Vereinbarungen kontaktieren Sie uns bitte vor der Bestellung.<\/span><\/p>\n<p>(\u00fcbersetzt mit www.deepL.com)<\/p>\n","protected":false},"excerpt":{"rendered":"<p><span style=\"color: #ff6600\">Achtung: Dieses Produkt muss im Lager abgeholt werden; sollten Sie eine andere Vereinbarung treffen wollen, kontaktieren Sie uns bitte vor einer Bestellung.<\/span><\/p>\n","protected":false},"featured_media":44578,"template":"","meta":{"_acf_changed":false,"wds_primary_product_brand":0,"wds_primary_product_cat":0},"product_brand":[],"product_cat":[434],"product_tag":[],"class_list":{"0":"post-43181","1":"product","2":"type-product","3":"status-publish","4":"has-post-thumbnail","6":"product_cat-zubehoer","8":"first","9":"instock","10":"taxable","11":"shipping-taxable","12":"purchasable","13":"product-type-simple"},"acf":[],"_links":{"self":[{"href":"https:\/\/netpet.ch\/de\/wp-json\/wp\/v2\/product\/43181","targetHints":{"allow":["GET"]}}],"collection":[{"href":"https:\/\/netpet.ch\/de\/wp-json\/wp\/v2\/product"}],"about":[{"href":"https:\/\/netpet.ch\/de\/wp-json\/wp\/v2\/types\/product"}],"wp:featuredmedia":[{"embeddable":true,"href":"https:\/\/netpet.ch\/de\/wp-json\/wp\/v2\/media\/44578"}],"wp:attachment":[{"href":"https:\/\/netpet.ch\/de\/wp-json\/wp\/v2\/media?parent=43181"}],"wp:term":[{"taxonomy":"product_brand","embeddable":true,"href":"https:\/\/netpet.ch\/de\/wp-json\/wp\/v2\/product_brand?post=43181"},{"taxonomy":"product_cat","embeddable":true,"href":"https:\/\/netpet.ch\/de\/wp-json\/wp\/v2\/product_cat?post=43181"},{"taxonomy":"product_tag","embeddable":true,"href":"https:\/\/netpet.ch\/de\/wp-json\/wp\/v2\/product_tag?post=43181"}],"curies":[{"name":"wp","href":"https:\/\/api.w.org\/{rel}","templated":true}]}}