{"id":43182,"date":"2023-03-11T00:04:17","date_gmt":"2023-03-10T23:04:17","guid":{"rendered":"https:\/\/dev.netpet.ch\/produit\/philips-ampoule-infrarouge-175w\/"},"modified":"2023-03-11T18:23:58","modified_gmt":"2023-03-11T17:23:58","slug":"philips-ampoule-infrarouge-175w","status":"publish","type":"product","link":"https:\/\/netpet.ch\/de\/produit\/philips-ampoule-infrarouge-175w\/","title":{"rendered":"Philips - Infrarotlampe 175W"},"content":{"rendered":"<p>Diese energiesparende Infrarot-W\u00e4rmelampe mit E27-Sockel hat eine Leistung von 175 Watt. Sie ist aus dickem Glas hergestellt, wodurch sie spritzwassergesch\u00fctzt ist und sich insbesondere f\u00fcr die Aufzucht von Wasserv\u00f6geln eignet.<\/p>\n<p>(\u00fcbersetzt mit www.deepL.com)<\/p>\n","protected":false},"excerpt":{"rendered":"<p>Diese energiesparende Infrarot-W\u00e4rmelampe mit E27-Sockel hat eine Leistung von 175 Watt. Sie ist aus dickem Glas hergestellt, wodurch sie spritzwassergesch\u00fctzt ist und sich insbesondere f\u00fcr die Aufzucht von Wasserv\u00f6geln eignet. (\u00fcbersetzt mit www.deepL.com)<\/p>\n","protected":false},"featured_media":46556,"template":"","meta":{"_acf_changed":false,"wds_primary_product_brand":0,"wds_primary_product_cat":0},"product_brand":[],"product_cat":[453],"product_tag":[],"class_list":{"0":"post-43182","1":"product","2":"type-product","3":"status-publish","4":"has-post-thumbnail","6":"product_cat-kuekenaufzucht-zubehoer","8":"first","9":"instock","10":"taxable","11":"shipping-taxable","12":"purchasable","13":"product-type-simple"},"acf":[],"_links":{"self":[{"href":"https:\/\/netpet.ch\/de\/wp-json\/wp\/v2\/product\/43182","targetHints":{"allow":["GET"]}}],"collection":[{"href":"https:\/\/netpet.ch\/de\/wp-json\/wp\/v2\/product"}],"about":[{"href":"https:\/\/netpet.ch\/de\/wp-json\/wp\/v2\/types\/product"}],"wp:featuredmedia":[{"embeddable":true,"href":"https:\/\/netpet.ch\/de\/wp-json\/wp\/v2\/media\/46556"}],"wp:attachment":[{"href":"https:\/\/netpet.ch\/de\/wp-json\/wp\/v2\/media?parent=43182"}],"wp:term":[{"taxonomy":"product_brand","embeddable":true,"href":"https:\/\/netpet.ch\/de\/wp-json\/wp\/v2\/product_brand?post=43182"},{"taxonomy":"product_cat","embeddable":true,"href":"https:\/\/netpet.ch\/de\/wp-json\/wp\/v2\/product_cat?post=43182"},{"taxonomy":"product_tag","embeddable":true,"href":"https:\/\/netpet.ch\/de\/wp-json\/wp\/v2\/product_tag?post=43182"}],"curies":[{"name":"wp","href":"https:\/\/api.w.org\/{rel}","templated":true}]}}