{"id":43187,"date":"2023-03-11T00:02:34","date_gmt":"2023-03-10T23:02:34","guid":{"rendered":"https:\/\/dev.netpet.ch\/produit\/couvercle-de-protection-pour-panneaux-chauffants-25x25cm\/"},"modified":"2026-03-06T17:43:37","modified_gmt":"2026-03-06T16:43:37","slug":"couvercle-de-protection-pour-panneaux-chauffants-25x25cm","status":"publish","type":"product","link":"https:\/\/netpet.ch\/de\/produit\/couvercle-de-protection-pour-panneaux-chauffants-25x25cm\/","title":{"rendered":"Schutzabdeckung f\u00fcr W\u00e4rmeplatte 25x25cm"},"content":{"rendered":"<p>Eine fantastische L\u00f6sung f\u00fcr ein bekanntes Problem!<\/p>\n<p>W\u00e4rmeplatten werden schmutzig, weil K\u00fcken auf sie klettern\/springen. Mit dieser Schutzabdeckung f\u00fcr W\u00e4rmeplatten ist dieses Problem endg\u00fcltig gel\u00f6st. Die Form der Schutzabdeckung sorgt daf\u00fcr, dass die K\u00fcken, wenn sie auf die W\u00e4rmeplatte springen oder klettern, von dieser gleich wieder abrutschen. Die Schutzabdeckung ist sehr einfach an zu bringen und zu entfernen. Sie ist aus durchsichtigem Kunststoff (PET) angefertigt. Nach jeder Verwendung ist die Schutzabdeckung ganz einfach mit warmen Wasser von allen Staubresten zu reinigen.<\/p>\n<p><span style=\"color: #993300\">W\u00e4rmeplatte nicht inbegriffen; separat erh\u00e4ltlich.<\/span><\/p>\n","protected":false},"excerpt":{"rendered":"<p>Eine fantastische L\u00f6sung f\u00fcr ein bekanntes Problem! W\u00e4rmeplatten werden schmutzig, weil K\u00fcken auf sie klettern\/springen. Mit dieser Schutzabdeckung f\u00fcr W\u00e4rmeplatten ist dieses Problem endg\u00fcltig gel\u00f6st. Die Form der Schutzabdeckung sorgt daf\u00fcr, dass die K\u00fcken, wenn sie auf die W\u00e4rmeplatte springen oder klettern, von dieser gleich wieder abrutschen. Die Schutzabdeckung ist sehr einfach an zu bringen [&hellip;]<\/p>\n","protected":false},"featured_media":44349,"template":"","meta":{"_acf_changed":false,"wds_primary_product_brand":0,"wds_primary_product_cat":0},"product_brand":[],"product_cat":[457,453],"product_tag":[],"class_list":{"0":"post-43187","1":"product","2":"type-product","3":"status-publish","4":"has-post-thumbnail","6":"product_cat-fur-kuken-und-wachteln","7":"product_cat-kuekenaufzucht-zubehoer","9":"first","10":"instock","11":"taxable","12":"shipping-taxable","13":"purchasable","14":"product-type-simple"},"acf":[],"_links":{"self":[{"href":"https:\/\/netpet.ch\/de\/wp-json\/wp\/v2\/product\/43187","targetHints":{"allow":["GET"]}}],"collection":[{"href":"https:\/\/netpet.ch\/de\/wp-json\/wp\/v2\/product"}],"about":[{"href":"https:\/\/netpet.ch\/de\/wp-json\/wp\/v2\/types\/product"}],"wp:featuredmedia":[{"embeddable":true,"href":"https:\/\/netpet.ch\/de\/wp-json\/wp\/v2\/media\/44349"}],"wp:attachment":[{"href":"https:\/\/netpet.ch\/de\/wp-json\/wp\/v2\/media?parent=43187"}],"wp:term":[{"taxonomy":"product_brand","embeddable":true,"href":"https:\/\/netpet.ch\/de\/wp-json\/wp\/v2\/product_brand?post=43187"},{"taxonomy":"product_cat","embeddable":true,"href":"https:\/\/netpet.ch\/de\/wp-json\/wp\/v2\/product_cat?post=43187"},{"taxonomy":"product_tag","embeddable":true,"href":"https:\/\/netpet.ch\/de\/wp-json\/wp\/v2\/product_tag?post=43187"}],"curies":[{"name":"wp","href":"https:\/\/api.w.org\/{rel}","templated":true}]}}