{"id":43189,"date":"2023-03-11T00:02:26","date_gmt":"2023-03-10T23:02:26","guid":{"rendered":"https:\/\/dev.netpet.ch\/produit\/mangeoire-pour-cailles-et-poussins-1kg\/"},"modified":"2026-04-19T10:37:40","modified_gmt":"2026-04-19T08:37:40","slug":"mangeoire-pour-cailles-et-poussins-1kg","status":"publish","type":"product","link":"https:\/\/netpet.ch\/de\/produit\/mangeoire-pour-cailles-et-poussins-1kg\/","title":{"rendered":"Futtertrog f\u00fcr Wachteln und K\u00fcken, 1kg"},"content":{"rendered":"<p>Dieser gr\u00fcne und wei\u00dfe Futtertrog mit Schraubverschluss hat ein Fassungsverm\u00f6gen von 1kg und ist ideal f\u00fcr Wachteln und K\u00fcken.<\/p>\n<p>Der Futtertrog besteht aus 3 Elementen: einem F\u00e4sschen, einem Ring mit 7 L\u00f6chern, damit die K\u00fcken ihr Futter aufpicken k\u00f6nnen, und einem Sockel. Die Verwendung ist ganz einfach: das F\u00e4sschen mit Tierfutter f\u00fcllen, den Ring mit den L\u00f6chern darauf schrauben, den Sockel auf den Ring klipsen und das Ganze umdrehen. Fertig ist der Futtertrog!<\/p>\n<p>Die Konstruktion aus drei trennbaren Teilen erleichtert die Reinigung.<\/p>\n<p>Hergestellt aus hochwertigem, UV-best\u00e4ndigem Kunststoff.<\/p>\n<p>Hinweis: dieser Futtertrog ist die Futtervariante der K\u00fckentr\u00e4nke mit 7 L\u00f6chern zur Verwendung mit einer PET-Flasche (Produktcode: olnl-d7gg).<\/p>\n<p>(\u00fcbersetzt mit www.deepL.com)<\/p>\n","protected":false},"excerpt":{"rendered":"<p>Dieser gr\u00fcne und wei\u00dfe Futtertrog mit Schraubverschluss hat ein Fassungsverm\u00f6gen von 1kg und ist ideal f\u00fcr Wachteln und K\u00fcken. Der Futtertrog besteht aus 3 Elementen: einem F\u00e4sschen, einem Ring mit 7 L\u00f6chern, damit die K\u00fcken ihr Futter aufpicken k\u00f6nnen, und einem Sockel. Die Verwendung ist ganz einfach: das F\u00e4sschen mit Tierfutter f\u00fcllen, den Ring mit [&hellip;]<\/p>\n","protected":false},"featured_media":46600,"template":"","meta":{"_acf_changed":false,"wds_primary_product_brand":0,"wds_primary_product_cat":0},"product_brand":[],"product_cat":[457,452],"product_tag":[],"class_list":{"0":"post-43189","1":"product","2":"type-product","3":"status-publish","4":"has-post-thumbnail","6":"product_cat-fur-kuken-und-wachteln","7":"product_cat-futterautomaten","9":"first","10":"instock","11":"taxable","12":"shipping-taxable","13":"purchasable","14":"product-type-simple"},"acf":[],"_links":{"self":[{"href":"https:\/\/netpet.ch\/de\/wp-json\/wp\/v2\/product\/43189","targetHints":{"allow":["GET"]}}],"collection":[{"href":"https:\/\/netpet.ch\/de\/wp-json\/wp\/v2\/product"}],"about":[{"href":"https:\/\/netpet.ch\/de\/wp-json\/wp\/v2\/types\/product"}],"wp:featuredmedia":[{"embeddable":true,"href":"https:\/\/netpet.ch\/de\/wp-json\/wp\/v2\/media\/46600"}],"wp:attachment":[{"href":"https:\/\/netpet.ch\/de\/wp-json\/wp\/v2\/media?parent=43189"}],"wp:term":[{"taxonomy":"product_brand","embeddable":true,"href":"https:\/\/netpet.ch\/de\/wp-json\/wp\/v2\/product_brand?post=43189"},{"taxonomy":"product_cat","embeddable":true,"href":"https:\/\/netpet.ch\/de\/wp-json\/wp\/v2\/product_cat?post=43189"},{"taxonomy":"product_tag","embeddable":true,"href":"https:\/\/netpet.ch\/de\/wp-json\/wp\/v2\/product_tag?post=43189"}],"curies":[{"name":"wp","href":"https:\/\/api.w.org\/{rel}","templated":true}]}}