{"id":43190,"date":"2023-03-11T00:02:12","date_gmt":"2023-03-10T23:02:12","guid":{"rendered":"https:\/\/dev.netpet.ch\/produit\/mangeoire-lineaire-pour-poussins-30cm\/"},"modified":"2026-04-15T10:14:06","modified_gmt":"2026-04-15T08:14:06","slug":"mangeoire-lineaire-pour-poussins-30cm","status":"publish","type":"product","link":"https:\/\/netpet.ch\/de\/produit\/mangeoire-lineaire-pour-poussins-30cm\/","title":{"rendered":"Linearer Futtertrog f\u00fcr K\u00fcken, 30cm"},"content":{"rendered":"<p>Dieser gr\u00fcne und gelbe Kunststoff-Futtertrog mit einer L\u00e4nge von 30cm ist ideal f\u00fcr K\u00fcken.<\/p>\n<p>Er l\u00e4sst sich leicht \u00f6ffnen\/schlie\u00dfen und reinigen.<\/p>\n<p>Das verwendete weiche Material (Polypropylen-Copolymer) bietet Flexibilit\u00e4t und St\u00e4rke, insbesondere in der kalten Jahreszeit.<\/p>\n<p>(\u00fcbersetzt mit www.deepL.com)<\/p>\n","protected":false},"excerpt":{"rendered":"<p>Dieser gr\u00fcne und gelbe Kunststoff-Futtertrog mit einer L\u00e4nge von 30cm ist ideal f\u00fcr K\u00fcken. Er l\u00e4sst sich leicht \u00f6ffnen\/schlie\u00dfen und reinigen. Das verwendete weiche Material (Polypropylen-Copolymer) bietet Flexibilit\u00e4t und St\u00e4rke, insbesondere in der kalten Jahreszeit. (\u00fcbersetzt mit www.deepL.com)<\/p>\n","protected":false},"featured_media":44410,"template":"","meta":{"_acf_changed":false,"wds_primary_product_brand":0,"wds_primary_product_cat":0},"product_brand":[],"product_cat":[457],"product_tag":[],"class_list":{"0":"post-43190","1":"product","2":"type-product","3":"status-publish","4":"has-post-thumbnail","6":"product_cat-fur-kuken-und-wachteln","8":"first","9":"instock","10":"taxable","11":"shipping-taxable","12":"purchasable","13":"product-type-simple"},"acf":[],"_links":{"self":[{"href":"https:\/\/netpet.ch\/de\/wp-json\/wp\/v2\/product\/43190","targetHints":{"allow":["GET"]}}],"collection":[{"href":"https:\/\/netpet.ch\/de\/wp-json\/wp\/v2\/product"}],"about":[{"href":"https:\/\/netpet.ch\/de\/wp-json\/wp\/v2\/types\/product"}],"wp:featuredmedia":[{"embeddable":true,"href":"https:\/\/netpet.ch\/de\/wp-json\/wp\/v2\/media\/44410"}],"wp:attachment":[{"href":"https:\/\/netpet.ch\/de\/wp-json\/wp\/v2\/media?parent=43190"}],"wp:term":[{"taxonomy":"product_brand","embeddable":true,"href":"https:\/\/netpet.ch\/de\/wp-json\/wp\/v2\/product_brand?post=43190"},{"taxonomy":"product_cat","embeddable":true,"href":"https:\/\/netpet.ch\/de\/wp-json\/wp\/v2\/product_cat?post=43190"},{"taxonomy":"product_tag","embeddable":true,"href":"https:\/\/netpet.ch\/de\/wp-json\/wp\/v2\/product_tag?post=43190"}],"curies":[{"name":"wp","href":"https:\/\/api.w.org\/{rel}","templated":true}]}}