{"id":43193,"date":"2023-03-11T00:01:22","date_gmt":"2023-03-10T23:01:22","guid":{"rendered":"https:\/\/dev.netpet.ch\/produit\/piege-a-animaux-43x14x11cm-zingue\/"},"modified":"2024-05-30T22:41:40","modified_gmt":"2024-05-30T20:41:40","slug":"piege-a-animaux-43x14x11cm-zingue","status":"publish","type":"product","link":"https:\/\/netpet.ch\/de\/produit\/piege-a-animaux-43x14x11cm-zingue\/","title":{"rendered":"Lebendfalle, 43x14x11cm, verzinkt"},"content":{"rendered":"<p>Diese nicht t\u00f6dliche, verzinkte Falle mit 2 Eing\u00e4ngen ist einfach aufzustellen und zu verwenden, und eignet sich ideal f\u00fcr Tiere wie Ratten oder M\u00e4use.<\/p>\n<p>Sie verf\u00fcgt \u00fcber eine hochempfindliche Mittelplatte, auf der auch ein K\u00f6der platziert werden kann. Wenn das Tier den K\u00e4fig betritt und die Platte ber\u00fchrt, schlie\u00dft sich die Falle sofort um das Tier.<\/p>\n<p><strong>Wichtigste Merkmale:<\/strong><br \/>\n\u2022 lange Lebensdauer durch verzinkten Stahl<br \/>\n\u2022 starkes Drahtgeflecht<br \/>\n\u2022 im Innen- und Au\u00dfenbereich einsetzbar<br \/>\n\u2022 effektiv und tierfreundlich.<\/p>\n<p><strong>Tipp:<\/strong> Beim Aufstellen der Falle, idealerweise im Laufweg des zu fangenden Tieres, verhindert die Verwendung von Handschuhen, dass Ger\u00fcche in der Falle zur\u00fcckbleiben.<\/p>\n<p>Abmessungen des Produkts: 43x14x11cm.<\/p>\n<p>(\u00fcbersetzt mit www.deepL.com)<\/p>\n","protected":false},"excerpt":{"rendered":"<p>Diese nicht t\u00f6dliche, verzinkte Falle mit 2 Eing\u00e4ngen ist einfach aufzustellen und zu verwenden, und eignet sich ideal f\u00fcr Tiere wie Ratten oder M\u00e4use. Sie verf\u00fcgt \u00fcber eine hochempfindliche Mittelplatte, auf der auch ein K\u00f6der platziert werden kann. Wenn das Tier den K\u00e4fig betritt und die Platte ber\u00fchrt, schlie\u00dft sich die Falle sofort um das [&hellip;]<\/p>\n","protected":false},"featured_media":37088,"template":"","meta":{"_acf_changed":false,"wds_primary_product_brand":0,"wds_primary_product_cat":0},"product_brand":[],"product_cat":[449],"product_tag":[],"class_list":{"0":"post-43193","1":"product","2":"type-product","3":"status-publish","4":"has-post-thumbnail","6":"product_cat-lebendfallen","8":"first","9":"instock","10":"taxable","11":"shipping-taxable","12":"purchasable","13":"product-type-simple"},"acf":[],"_links":{"self":[{"href":"https:\/\/netpet.ch\/de\/wp-json\/wp\/v2\/product\/43193","targetHints":{"allow":["GET"]}}],"collection":[{"href":"https:\/\/netpet.ch\/de\/wp-json\/wp\/v2\/product"}],"about":[{"href":"https:\/\/netpet.ch\/de\/wp-json\/wp\/v2\/types\/product"}],"wp:featuredmedia":[{"embeddable":true,"href":"https:\/\/netpet.ch\/de\/wp-json\/wp\/v2\/media\/37088"}],"wp:attachment":[{"href":"https:\/\/netpet.ch\/de\/wp-json\/wp\/v2\/media?parent=43193"}],"wp:term":[{"taxonomy":"product_brand","embeddable":true,"href":"https:\/\/netpet.ch\/de\/wp-json\/wp\/v2\/product_brand?post=43193"},{"taxonomy":"product_cat","embeddable":true,"href":"https:\/\/netpet.ch\/de\/wp-json\/wp\/v2\/product_cat?post=43193"},{"taxonomy":"product_tag","embeddable":true,"href":"https:\/\/netpet.ch\/de\/wp-json\/wp\/v2\/product_tag?post=43193"}],"curies":[{"name":"wp","href":"https:\/\/api.w.org\/{rel}","templated":true}]}}