{"id":43195,"date":"2023-03-11T00:00:55","date_gmt":"2023-03-10T23:00:55","guid":{"rendered":"https:\/\/dev.netpet.ch\/produit\/abreuvoir-seau-a-pipettes-12l\/"},"modified":"2026-04-08T22:56:06","modified_gmt":"2026-04-08T20:56:06","slug":"abreuvoir-seau-a-pipettes-12l","status":"publish","type":"product","link":"https:\/\/netpet.ch\/de\/produit\/abreuvoir-seau-a-pipettes-12l\/","title":{"rendered":"Tr\u00e4nke-Eimer mit Nippeln, 12L"},"content":{"rendered":"<p>Ist es immer schwierig, das Wasser f\u00fcr Ihr Gefl\u00fcgel sauber und gesund zu halten? Dieser Tr\u00e4nke-Eimer mit Nippeln ist die L\u00f6sung!<\/p>\n<p>Der Eimer mit einer Kapazit\u00e4t von 12L verf\u00fcgt \u00fcber drei hochwertige Nippel mit Filtern, aus denen die Tiere trinken, indem sie die Wassertropfen aufpicken.<\/p>\n<p>Die Filter der Nippel sorgen daf\u00fcr, dass diese nicht durch eventuelle Verschmutzungen verstopft werden. Da der Tr\u00e4nke-Eimer mit Nippeln mit einem Deckel verschlossen ist, ist das darin enthaltene Wasser au\u00dferdem vor Kot, Einstreu oder Laub gesch\u00fctzt. Das t\u00e4gliche Wechseln und Auff\u00fcllen des Wassers ist nicht mehr n\u00f6tig.<\/p>\n<p>Die Eimertr\u00e4nke wird mit einem Aufh\u00e4ngesystem (Griff, Seil und Haken) geliefert, mit dem die H\u00f6he der Tr\u00e4nke korrekt eingestellt werden kann.<\/p>\n<p>(\u00fcbersetzt mit www.deepL.com)<\/p>\n","protected":false},"excerpt":{"rendered":"<p>Ist es immer schwierig, das Wasser f\u00fcr Ihr Gefl\u00fcgel sauber und gesund zu halten? Dieser Tr\u00e4nke-Eimer mit Nippeln ist die L\u00f6sung! Der Eimer mit einer Kapazit\u00e4t von 12L verf\u00fcgt \u00fcber drei hochwertige Nippel mit Filtern, aus denen die Tiere trinken, indem sie die Wassertropfen aufpicken. Die Filter der Nippel sorgen daf\u00fcr, dass diese nicht durch [&hellip;]<\/p>\n","protected":false},"featured_media":43815,"template":"","meta":{"_acf_changed":false,"wds_primary_product_brand":0,"wds_primary_product_cat":0},"product_brand":[],"product_cat":[433],"product_tag":[],"class_list":{"0":"post-43195","1":"product","2":"type-product","3":"status-publish","4":"has-post-thumbnail","6":"product_cat-tranken","8":"first","9":"instock","10":"taxable","11":"shipping-taxable","12":"purchasable","13":"product-type-simple"},"acf":[],"_links":{"self":[{"href":"https:\/\/netpet.ch\/de\/wp-json\/wp\/v2\/product\/43195","targetHints":{"allow":["GET"]}}],"collection":[{"href":"https:\/\/netpet.ch\/de\/wp-json\/wp\/v2\/product"}],"about":[{"href":"https:\/\/netpet.ch\/de\/wp-json\/wp\/v2\/types\/product"}],"wp:featuredmedia":[{"embeddable":true,"href":"https:\/\/netpet.ch\/de\/wp-json\/wp\/v2\/media\/43815"}],"wp:attachment":[{"href":"https:\/\/netpet.ch\/de\/wp-json\/wp\/v2\/media?parent=43195"}],"wp:term":[{"taxonomy":"product_brand","embeddable":true,"href":"https:\/\/netpet.ch\/de\/wp-json\/wp\/v2\/product_brand?post=43195"},{"taxonomy":"product_cat","embeddable":true,"href":"https:\/\/netpet.ch\/de\/wp-json\/wp\/v2\/product_cat?post=43195"},{"taxonomy":"product_tag","embeddable":true,"href":"https:\/\/netpet.ch\/de\/wp-json\/wp\/v2\/product_tag?post=43195"}],"curies":[{"name":"wp","href":"https:\/\/api.w.org\/{rel}","templated":true}]}}