{"id":43199,"date":"2023-03-10T23:59:42","date_gmt":"2023-03-10T22:59:42","guid":{"rendered":"https:\/\/dev.netpet.ch\/produit\/abreuvoir-siphoide-10l\/"},"modified":"2023-05-26T19:18:21","modified_gmt":"2023-05-26T17:18:21","slug":"abreuvoir-siphoide-10l","status":"publish","type":"product","link":"https:\/\/netpet.ch\/de\/produit\/abreuvoir-siphoide-10l\/","title":{"rendered":"Siphontr\u00e4nke, 10L"},"content":{"rendered":"<p>Diese gr\u00fcne und wei\u00dfe Tr\u00e4nke mit Bajonettverschluss hat ein Fassungsverm\u00f6gen von 10L und bietet viele Vorteile:<br \/>\n\u2022 sie kann sowohl auf dem Boden platziert als auch ganz einfach an einem Schnur* aufgeh\u00e4ngt werden<br \/>\n\u2022 zuverl\u00e4ssiger und stabiler Bajonettverschluss<br \/>\n\u2022 einfaches Bef\u00fcllen und Reinigen, indem man sie auf den Kopf stellt.<\/p>\n<p>*die verstellbare Aufh\u00e4ngung ist separat erh\u00e4ltlich (Produktcode: oh-prset).<\/p>\n<p>(\u00fcbersetzt mit www.deepL.com)<\/p>\n","protected":false},"excerpt":{"rendered":"<p>Diese gr\u00fcne und wei\u00dfe Tr\u00e4nke mit Bajonettverschluss hat ein Fassungsverm\u00f6gen von 10L und bietet viele Vorteile: \u2022 sie kann sowohl auf dem Boden platziert als auch ganz einfach an einem Schnur* aufgeh\u00e4ngt werden \u2022 zuverl\u00e4ssiger und stabiler Bajonettverschluss \u2022 einfaches Bef\u00fcllen und Reinigen, indem man sie auf den Kopf stellt. *die verstellbare Aufh\u00e4ngung ist separat [&hellip;]<\/p>\n","protected":false},"featured_media":36937,"template":"","meta":{"_acf_changed":false,"wds_primary_product_brand":0,"wds_primary_product_cat":0},"product_brand":[],"product_cat":[433],"product_tag":[],"class_list":{"0":"post-43199","1":"product","2":"type-product","3":"status-publish","4":"has-post-thumbnail","6":"product_cat-tranken","8":"first","9":"instock","10":"taxable","11":"shipping-taxable","12":"purchasable","13":"product-type-simple"},"acf":[],"_links":{"self":[{"href":"https:\/\/netpet.ch\/de\/wp-json\/wp\/v2\/product\/43199","targetHints":{"allow":["GET"]}}],"collection":[{"href":"https:\/\/netpet.ch\/de\/wp-json\/wp\/v2\/product"}],"about":[{"href":"https:\/\/netpet.ch\/de\/wp-json\/wp\/v2\/types\/product"}],"wp:featuredmedia":[{"embeddable":true,"href":"https:\/\/netpet.ch\/de\/wp-json\/wp\/v2\/media\/36937"}],"wp:attachment":[{"href":"https:\/\/netpet.ch\/de\/wp-json\/wp\/v2\/media?parent=43199"}],"wp:term":[{"taxonomy":"product_brand","embeddable":true,"href":"https:\/\/netpet.ch\/de\/wp-json\/wp\/v2\/product_brand?post=43199"},{"taxonomy":"product_cat","embeddable":true,"href":"https:\/\/netpet.ch\/de\/wp-json\/wp\/v2\/product_cat?post=43199"},{"taxonomy":"product_tag","embeddable":true,"href":"https:\/\/netpet.ch\/de\/wp-json\/wp\/v2\/product_tag?post=43199"}],"curies":[{"name":"wp","href":"https:\/\/api.w.org\/{rel}","templated":true}]}}