{"id":43200,"date":"2023-03-10T23:59:19","date_gmt":"2023-03-10T22:59:19","guid":{"rendered":"https:\/\/dev.netpet.ch\/produit\/brinsea-tuyau-deau-en-silicone-1-metre\/"},"modified":"2026-01-22T08:13:55","modified_gmt":"2026-01-22T07:13:55","slug":"brinsea-tuyau-deau-en-silicone-1-metre","status":"publish","type":"product","link":"https:\/\/netpet.ch\/de\/produit\/brinsea-tuyau-deau-en-silicone-1-metre\/","title":{"rendered":"Brinsea - Silikon-Wasserschlauch - 1 Meter"},"content":{"rendered":"<p>Wasserschlauch aus Silikon f\u00fcr den Anschluss des Brutger\u00e4tes und des Wasserbeh\u00e4lters.<\/p>\n<p>Geeignet f\u00fcr die folgenden Modelle von Brutger\u00e4ten :<br \/>\n- Mini II<br \/>\n- Maxi II<br \/>\n- Ovation.<\/p>\n<p>F\u00fcr eine optimale Leistung sollte der Wasserschlauch je nach Nutzung etwa alle 3 Monate ausgetauscht werden.<\/p>\n<p>Wird in einer L\u00e4nge von 1m verkauft.<\/p>\n<p>(\u00fcbersetzt mit www.deepL.com)<\/p>\n","protected":false},"excerpt":{"rendered":"<p>Wasserschlauch aus Silikon f\u00fcr den Anschluss des Brutger\u00e4tes und des Wasserbeh\u00e4lters. Geeignet f\u00fcr die folgenden Modelle von Brutger\u00e4ten : - Mini II - Maxi II - Ovation. F\u00fcr eine optimale Leistung sollte der Wasserschlauch je nach Nutzung etwa alle 3 Monate ausgetauscht werden. Wird in einer L\u00e4nge von 1m verkauft. (\u00fcbersetzt mit www.deepL.com)<\/p>\n","protected":false},"featured_media":38283,"template":"","meta":{"_acf_changed":false,"wds_primary_product_brand":0,"wds_primary_product_cat":0},"product_brand":[],"product_cat":[821],"product_tag":[],"class_list":{"0":"post-43200","1":"product","2":"type-product","3":"status-publish","4":"has-post-thumbnail","6":"product_cat-zubehoer-fuer-brinsea-inkubatoren","8":"first","9":"instock","10":"taxable","11":"shipping-taxable","12":"purchasable","13":"product-type-simple"},"acf":[],"_links":{"self":[{"href":"https:\/\/netpet.ch\/de\/wp-json\/wp\/v2\/product\/43200","targetHints":{"allow":["GET"]}}],"collection":[{"href":"https:\/\/netpet.ch\/de\/wp-json\/wp\/v2\/product"}],"about":[{"href":"https:\/\/netpet.ch\/de\/wp-json\/wp\/v2\/types\/product"}],"wp:featuredmedia":[{"embeddable":true,"href":"https:\/\/netpet.ch\/de\/wp-json\/wp\/v2\/media\/38283"}],"wp:attachment":[{"href":"https:\/\/netpet.ch\/de\/wp-json\/wp\/v2\/media?parent=43200"}],"wp:term":[{"taxonomy":"product_brand","embeddable":true,"href":"https:\/\/netpet.ch\/de\/wp-json\/wp\/v2\/product_brand?post=43200"},{"taxonomy":"product_cat","embeddable":true,"href":"https:\/\/netpet.ch\/de\/wp-json\/wp\/v2\/product_cat?post=43200"},{"taxonomy":"product_tag","embeddable":true,"href":"https:\/\/netpet.ch\/de\/wp-json\/wp\/v2\/product_tag?post=43200"}],"curies":[{"name":"wp","href":"https:\/\/api.w.org\/{rel}","templated":true}]}}