{"id":43203,"date":"2023-03-10T23:58:43","date_gmt":"2023-03-10T22:58:43","guid":{"rendered":"https:\/\/dev.netpet.ch\/produit\/brinsea-kit-de-demarrage-mini-ii-eco\/"},"modified":"2025-03-23T13:20:39","modified_gmt":"2025-03-23T12:20:39","slug":"brinsea-kit-de-demarrage-mini-ii-eco","status":"publish","type":"product","link":"https:\/\/netpet.ch\/de\/produit\/brinsea-kit-de-demarrage-mini-ii-eco\/","title":{"rendered":"Brinsea - Mini II Eco Starter Kit"},"content":{"rendered":"<p>Das Mini II Eco Starter Kit von Brinsea bietet die ideale Ausr\u00fcstung, um mit dem Ausbr\u00fcten von Eiern und der Aufzucht von K\u00fcken in kleinem Ma\u00dfstab zu beginnen. Es ist einfach zu bedienen und macht viel Spa\u00df!<\/p>\n<p>Fangen Sie an, eine brillante Idee auszubr\u00fcten!<\/p>\n<p>Das Mini II Eco Starter Kit umfasst:<\/p>\n<ul>\n<li>ein Brinsea Mini II Eco* Brutger\u00e4t mit manueller Eierwendung f\u00fcr bis zu 10 H\u00fchnereier, das die gleiche Designqualit\u00e4t wie die anspruchsvolleren Modelle mit einfacher Bedienung verbindet: transparente Kuppel f\u00fcr eine hervorragende Sicht, antimikrobielle Kunststoffbehandlung Biomaster\u2122, Wasserbef\u00fcllung von au\u00dfen, ventilatorgesteuerte Luftzirkulation, Glasthermometer zur Kontrolle<\/li>\n<li>eine Brinsea OvaView* Schierlampe: effiziente LED-Lampe, die mit Batterien betrieben wird; sie ist ideal f\u00fcr die Untersuchung von Eiern mit heller, einfarbiger Schale und hat den Vorteil, dass die Eier beim Spiegeln nicht \u00fcberhitzt werden<\/li>\n<li>eine Brinsea EcoGlow Safety 600* energiesparende W\u00e4rmeplatte, die frisch geschl\u00fcpfte K\u00fcken, Wachteln und Entenk\u00fcken in den ersten Tagen und Wochen ihres Lebens sicher und effizient warm h\u00e4lt<\/li>\n<li>ein Futterautomat mit einem Inhalt von 1.5kg<\/li>\n<li>eine robuste und leicht zu reinigende 1-Liter-Tr\u00e4nke<\/li>\n<li>ein Brinsea-Desinfektionsmittel (vollst\u00e4ndig biologisch abbaubare halogenierte terti\u00e4re Amine), das zur zur Anwendung bei der Sanierung von Eiern, Inkubatoren, Brutger\u00e4ten und Intensivstationen formuliert ist.<\/li>\n<\/ul>\n<p>*3 Jahre Herstellergarantie, vorbehaltlich einer Online-Registrierung<\/p>\n<p>(\u00fcbersetzt mit www.deepL.com)<\/p>\n","protected":false},"excerpt":{"rendered":"<p><span style=\"color: #339966\">KOSTENLOSER VERSAND<\/span><\/p>\n","protected":false},"featured_media":44556,"template":"","meta":{"_acf_changed":false,"wds_primary_product_brand":0,"wds_primary_product_cat":0},"product_brand":[],"product_cat":[448,457,453,454,821],"product_tag":[],"class_list":{"0":"post-43203","1":"product","2":"type-product","3":"status-publish","4":"has-post-thumbnail","6":"product_cat-couveuses-brinsea-de","7":"product_cat-fur-kuken-und-wachteln","8":"product_cat-kuekenaufzucht-zubehoer","9":"product_cat-schierlampe","10":"product_cat-zubehoer-fuer-brinsea-inkubatoren","12":"first","13":"instock","14":"taxable","15":"shipping-taxable","16":"purchasable","17":"product-type-simple"},"acf":[],"_links":{"self":[{"href":"https:\/\/netpet.ch\/de\/wp-json\/wp\/v2\/product\/43203","targetHints":{"allow":["GET"]}}],"collection":[{"href":"https:\/\/netpet.ch\/de\/wp-json\/wp\/v2\/product"}],"about":[{"href":"https:\/\/netpet.ch\/de\/wp-json\/wp\/v2\/types\/product"}],"wp:featuredmedia":[{"embeddable":true,"href":"https:\/\/netpet.ch\/de\/wp-json\/wp\/v2\/media\/44556"}],"wp:attachment":[{"href":"https:\/\/netpet.ch\/de\/wp-json\/wp\/v2\/media?parent=43203"}],"wp:term":[{"taxonomy":"product_brand","embeddable":true,"href":"https:\/\/netpet.ch\/de\/wp-json\/wp\/v2\/product_brand?post=43203"},{"taxonomy":"product_cat","embeddable":true,"href":"https:\/\/netpet.ch\/de\/wp-json\/wp\/v2\/product_cat?post=43203"},{"taxonomy":"product_tag","embeddable":true,"href":"https:\/\/netpet.ch\/de\/wp-json\/wp\/v2\/product_tag?post=43203"}],"curies":[{"name":"wp","href":"https:\/\/api.w.org\/{rel}","templated":true}]}}