{"id":43204,"date":"2023-03-10T23:58:11","date_gmt":"2023-03-10T22:58:11","guid":{"rendered":"https:\/\/dev.netpet.ch\/produit\/feed-o-matic-mangeoire-anti-gaspi-a-pedale-8kg\/"},"modified":"2023-03-11T21:46:32","modified_gmt":"2023-03-11T20:46:32","slug":"feed-o-matic-mangeoire-anti-gaspi-a-pedale-8kg","status":"publish","type":"product","link":"https:\/\/netpet.ch\/de\/produit\/feed-o-matic-mangeoire-anti-gaspi-a-pedale-8kg\/","title":{"rendered":"Feed-o-matic, Futterautomat mit Trittklappe, 8kg"},"content":{"rendered":"<p>Der feed-o-matic ist eine automatische Futterstelle gegen Ungeziefer und Verschwendung: die \u00d6ffnung des Futtertroges wird durch das Gewicht ausgel\u00f6st, das ein Huhn, eine Ente oder ein Fasan auf das Pedal aus\u00fcbt.<\/p>\n<p>Dank diesem Mechanismus, dessen Widerstandsst\u00e4rke je nach den gez\u00fcchteten Tieren angepasst werden kann, bleibt das Futter f\u00fcr M\u00e4use, Ratten, kleine V\u00f6gel oder andere Sch\u00e4dlinge unerreichbar.<\/p>\n<p>Hauptmerkmale des feed-o-matic:<br \/>\n\u2022 wasserdichte Konstruktion, die gew\u00e4hrleistet, dass das Futter trocken bleibt<br \/>\n\u2022 breiter, UV-best\u00e4ndiger Kunststoffdeckel f\u00fcr leichtes Auff\u00fcllen<br \/>\n\u2022 sch\u00fctzt das Futter vor Verunreinigungen durch Sch\u00e4dlinge<br \/>\n\u2022 zahlreiche M\u00f6glichkeiten zur Einstellung des Gewichts - zwischen 250g und 2kg -, das die Futterklappe \u00f6ffnet<br \/>\n\u2022 durchbrochene Trittfl\u00e4che verhindert die Akkumulation von Mist und erleichtert die Reinigung<br \/>\n\u2022 innen abgerundete R\u00e4nder, die verhindern, dass sich Futter in Ecken ansammelt und Schimmel entsteht<br \/>\n\u2022 Trog mit einem Gitter gegen Verschwendung<br \/>\n\u2022 effizient, hygienisch, robust und widerstandsf\u00e4hig, \u00e4sthetisch<br \/>\n\u2022 erh\u00e4ltlich in den Gr\u00f6\u00dfen 5kg, 8kg, 12kg und 20kg.<\/p>\n<p>ACHTUNG: Dieses Produkt darf nicht in Anwesenheit von K\u00fcken verwendet werden und ist nicht f\u00fcr Haubenh\u00fchner geeignet.<\/p>\n<p>TIPP: Bei Installation eines Feed-o-matic hilft es dem Gefl\u00fcgel zu verstehen, wo es sein Futter finden kann, wenn das Ger\u00e4t ein oder zwei Tage lang mittels eines Steins auf dem Pedal offen gehalten wird.<\/p>\n<p><strong>W\u00e4hlen Sie das Original-Feed-o-matic, das von der Firma Olba entworfen, entwickelt und hergestellt wird.<\/strong><\/p>\n<p>(\u00fcbersetzt mit www.deepL.com)<\/p>\n","protected":false},"excerpt":{"rendered":"<p>Der feed-o-matic ist eine automatische Futterstelle gegen Ungeziefer und Verschwendung: die \u00d6ffnung des Futtertroges wird durch das Gewicht ausgel\u00f6st, das ein Huhn, eine Ente oder ein Fasan auf das Pedal aus\u00fcbt. Dank diesem Mechanismus, dessen Widerstandsst\u00e4rke je nach den gez\u00fcchteten Tieren angepasst werden kann, bleibt das Futter f\u00fcr M\u00e4use, Ratten, kleine V\u00f6gel oder andere Sch\u00e4dlinge [&hellip;]<\/p>\n","protected":false},"featured_media":45171,"template":"","meta":{"_acf_changed":false,"wds_primary_product_brand":0,"wds_primary_product_cat":0},"product_brand":[],"product_cat":[452],"product_tag":[],"class_list":{"0":"post-43204","1":"product","2":"type-product","3":"status-publish","4":"has-post-thumbnail","6":"product_cat-futterautomaten","8":"first","9":"instock","10":"taxable","11":"shipping-taxable","12":"purchasable","13":"product-type-simple"},"acf":[],"_links":{"self":[{"href":"https:\/\/netpet.ch\/de\/wp-json\/wp\/v2\/product\/43204","targetHints":{"allow":["GET"]}}],"collection":[{"href":"https:\/\/netpet.ch\/de\/wp-json\/wp\/v2\/product"}],"about":[{"href":"https:\/\/netpet.ch\/de\/wp-json\/wp\/v2\/types\/product"}],"wp:featuredmedia":[{"embeddable":true,"href":"https:\/\/netpet.ch\/de\/wp-json\/wp\/v2\/media\/45171"}],"wp:attachment":[{"href":"https:\/\/netpet.ch\/de\/wp-json\/wp\/v2\/media?parent=43204"}],"wp:term":[{"taxonomy":"product_brand","embeddable":true,"href":"https:\/\/netpet.ch\/de\/wp-json\/wp\/v2\/product_brand?post=43204"},{"taxonomy":"product_cat","embeddable":true,"href":"https:\/\/netpet.ch\/de\/wp-json\/wp\/v2\/product_cat?post=43204"},{"taxonomy":"product_tag","embeddable":true,"href":"https:\/\/netpet.ch\/de\/wp-json\/wp\/v2\/product_tag?post=43204"}],"curies":[{"name":"wp","href":"https:\/\/api.w.org\/{rel}","templated":true}]}}