{"id":43206,"date":"2023-03-10T23:58:00","date_gmt":"2023-03-10T22:58:00","guid":{"rendered":"https:\/\/dev.netpet.ch\/produit\/furminator-outil-anti-mue-pour-equides\/"},"modified":"2024-02-19T18:24:48","modified_gmt":"2024-02-19T17:24:48","slug":"furminator-outil-anti-mue-pour-equides","status":"publish","type":"product","link":"https:\/\/netpet.ch\/de\/produit\/furminator-outil-anti-mue-pour-equides\/","title":{"rendered":"FURminator\u00ae - deShedding-Fellpflegewerkzeug f\u00fcr Pferde und Esel"},"content":{"rendered":"<p>Das f\u00fcr Pferde und Esel bestimmte FURminator deShedding-Fellpflegewerkzeug f\u00fcr Unterwolle entfernt Winterfell und lose Haare bis zu 90%. Zur Verwendung 1-2 Mal in der Woche von jeweils 10 bis 20 Minuten bei trockenem Fell.<\/p>\n<p><strong>Hauptmerkmale:<\/strong><br \/>\n\u2022 der deShedding-Edelstahlkamm dringt tief in das Deckfell ein und entfernt schonend die Unterwolle, ohne das Fell oder die Haut zu verletzen<br \/>\n\u2022 der gebogene Kamm passt sich der K\u00f6rperkontur des Tieres an und sorgt so f\u00fcr mehr Komfort<br \/>\n\u2022 der Hautschutz Skin Guard gleitet sanft \u00fcber die Haut und verhindert, dass die Zinken des Kamms die Haut reizen<br \/>\n\u2022 der ergonomische Griff sorgt f\u00fcr eine einfache und bequeme Handhabung<br \/>\n\u2022 mit Hilfe des FURejector\u00ae-Druckknopfes werden lose Haare bequem aus dem Kamm entfernt \u2013 so einfach war Fellpflege noch nie<br \/>\n\u2022 der Edge Guard sch\u00fctzt die Zinken, wenn das Werkzeug nicht verwendet wird.<\/p>\n<p>(\u00fcbersetzt mit www.deepL.com)<\/p>\n","protected":false},"excerpt":{"rendered":"<p>Das f\u00fcr Pferde und Esel bestimmte FURminator deShedding-Fellpflegewerkzeug f\u00fcr Unterwolle entfernt Winterfell und lose Haare bis zu 90%. Zur Verwendung 1-2 Mal in der Woche von jeweils 10 bis 20 Minuten bei trockenem Fell. Hauptmerkmale: \u2022 der deShedding-Edelstahlkamm dringt tief in das Deckfell ein und entfernt schonend die Unterwolle, ohne das Fell oder die Haut [&hellip;]<\/p>\n","protected":false},"featured_media":38227,"template":"","meta":{"_acf_changed":false,"wds_primary_product_brand":0,"wds_primary_product_cat":0},"product_brand":[],"product_cat":[529,488],"product_tag":[444],"class_list":{"0":"post-43206","1":"product","2":"type-product","3":"status-publish","4":"has-post-thumbnail","6":"product_cat-furminator-de","7":"product_cat-pferdepflege","8":"product_tag-promo-de","10":"first","11":"instock","12":"sale","13":"taxable","14":"shipping-taxable","15":"purchasable","16":"product-type-simple"},"acf":[],"_links":{"self":[{"href":"https:\/\/netpet.ch\/de\/wp-json\/wp\/v2\/product\/43206","targetHints":{"allow":["GET"]}}],"collection":[{"href":"https:\/\/netpet.ch\/de\/wp-json\/wp\/v2\/product"}],"about":[{"href":"https:\/\/netpet.ch\/de\/wp-json\/wp\/v2\/types\/product"}],"wp:featuredmedia":[{"embeddable":true,"href":"https:\/\/netpet.ch\/de\/wp-json\/wp\/v2\/media\/38227"}],"wp:attachment":[{"href":"https:\/\/netpet.ch\/de\/wp-json\/wp\/v2\/media?parent=43206"}],"wp:term":[{"taxonomy":"product_brand","embeddable":true,"href":"https:\/\/netpet.ch\/de\/wp-json\/wp\/v2\/product_brand?post=43206"},{"taxonomy":"product_cat","embeddable":true,"href":"https:\/\/netpet.ch\/de\/wp-json\/wp\/v2\/product_cat?post=43206"},{"taxonomy":"product_tag","embeddable":true,"href":"https:\/\/netpet.ch\/de\/wp-json\/wp\/v2\/product_tag?post=43206"}],"curies":[{"name":"wp","href":"https:\/\/api.w.org\/{rel}","templated":true}]}}