{"id":43207,"date":"2023-03-10T23:57:35","date_gmt":"2023-03-10T22:57:35","guid":{"rendered":"https:\/\/dev.netpet.ch\/produit\/brinsea-eleveuse-tlc-30-advance\/"},"modified":"2025-10-12T14:58:35","modified_gmt":"2025-10-12T12:58:35","slug":"brinsea-eleveuse-tlc-30-advance","status":"publish","type":"product","link":"https:\/\/netpet.ch\/de\/produit\/brinsea-eleveuse-tlc-30-advance\/","title":{"rendered":"Brinsea - TLC-30\u00a0Advance Intensiv-Inkubator"},"content":{"rendered":"<p>Die Brinsea TLC-30 Advance ist eine vielseitig einsetzbare Intensivstation f\u00fcr Kleintiere, die W\u00e4rme und Schutz f\u00fcr die speziellen Pflegebed\u00fcrfnisse vieler junger, kranker, verletzter oder schwacher Tiere und V\u00f6gel bietet. Mit einer Innenfl\u00e4che von ca. 24cm\u00b2 ist die TLC-30 Advance f\u00fcr die Rettung und Bergung von Kleins\u00e4ugern oder V\u00f6geln oder f\u00fcr die Intensivpflege von Jungtieren konzipiert. Das Ger\u00e4t eignet sich auch f\u00fcr die Pflege von Wildtieren oder f\u00fcr Haustierz\u00fcchter, wenn Tragbarkeit und einfache Reinigung entscheidende Vorteile sind.<\/p>\n<p><strong>Hauptmerkmale:<\/strong><br \/>\n\u2022 Hochwertige Herstellung<br \/>\n\u2022 Tragbar, mit integriertem Tragegriff<br \/>\n\u2022 Stapelbare Einheiten: Die F\u00fc\u00dfe einer oberen Einheit werden auf die untere Einheit gesteckt.<br \/>\n\u2022 Transparente T\u00fcr zur einfachen Beobachtung, hergestellt aus robustem, UV-best\u00e4ndigem Polycarbonat, die mit einer Hand geschlossen und verriegelt werden kann.<br \/>\n\u2022 Einfache Reinigung: die aufklappbare T\u00fcr l\u00e4sst sich anheben und die Teile lassen sich einfach ausclipsen und herausgleiten - es sind keine Werkzeuge erforderlich -, sodass der Innenraum f\u00fcr eine gr\u00fcndliche Reinigung leer bleibt.<br \/>\n\u2022 Doppelwandiger Schrank zur W\u00e4rme- und Schalld\u00e4mmung<br \/>\n\u2022 Digitales Steuerungssystem, das die Temperatur auf einem digitalen Display in \u00b0C oder \u00b0F anzeigt.<br \/>\n\u2022 Zwei einstellbare Alarme zur Warnung vor internen und externen Temperaturschwankungen \u00fcber benutzerdefinierte Schwellenwerte hinaus.<br \/>\n\u2022 Temperaturstabilit\u00e4t, die durch einen kleinen L\u00fcfter aufrechterhalten wird, der mit niedriger Geschwindigkeit l\u00e4uft, um L\u00e4rm und St\u00f6rungen zu minimieren.<br \/>\n\u2022 Netz- oder 12-V-Netzteil mit Zigarettenanz\u00fcnder-Adapter im Lieferumfang enthalten (Produktcode: bs-15.45).<br \/>\n\u2022 Schutz durch den antimikrobiellen Polygiene Biomaster\u2122-Zusatz*<br \/>\n\u2022 3 Jahre Herstellergarantie, vorbehaltlich einer Online-Registrierung beim Kauf auf <span style=\"color: #ffc50b\"><a style=\"color: #ffc50b\" href=\"http:\/\/www.brinsea.co.uk\" target=\"_blank\" rel=\"noopener\">brinsea.co.uk<\/a><\/span>.<\/p>\n<p><strong>Technische Daten:<\/strong><br \/>\n\u2022 \u00c4ussere Abmessungen: 297 x 270 x 275mm.<br \/>\n\u2022 Gewicht: 2.1kg<br \/>\n\u2022 Maximaler Stromverbrauch: 36W<br \/>\n\u2022 Durchschnittlicher Stromverbrauch: 18W<\/p>\n<p><em>*Es ist nachgewiesen, dass der antimikrobielle Zusatzstoff Biomaster\u2122 das Bakterienwachstum um bis zu 99.99% reduziert und dabei 100% sicher f\u00fcr Eier, K\u00fcken und Menschen ist. Der Polygiene Biomaster\u2122-Schutz ist direkt im Kunststoff integriert, wodurch das Wachstum sch\u00e4dlicher Bakterien verhindert wird und ein optimales Umfeld f\u00fcr Jungtiere entsteht.<\/em><\/p>\n<p>HINWEIS: Der Alarm f\u00fcr niedrige Umgebungstemperatur kann bei der folgenden Temperatur ausgel\u00f6st werden, um fr\u00fchzeitig vor einer Leistungsminderung zu warnen: TLC-30 Advance - 15\u00b0C<\/p>\n<p>(\u00fcbersetzt mit www.deepL.com)<br \/>\n<img loading=\"lazy\" decoding=\"async\" class=\"alignnone size-medium wp-image-48246\" src=\"https:\/\/netpet.ch\/wp-content\/uploads\/2023\/03\/bs-biomaster-2024-300x300.jpg\" alt=\"\" width=\"300\" height=\"300\" srcset=\"https:\/\/netpet.ch\/wp-content\/uploads\/2023\/03\/bs-biomaster-2024-300x300.jpg 300w, https:\/\/netpet.ch\/wp-content\/uploads\/2023\/03\/bs-biomaster-2024-1024x1024.jpg 1024w, https:\/\/netpet.ch\/wp-content\/uploads\/2023\/03\/bs-biomaster-2024-150x150.jpg 150w, https:\/\/netpet.ch\/wp-content\/uploads\/2023\/03\/bs-biomaster-2024-768x768.jpg 768w, https:\/\/netpet.ch\/wp-content\/uploads\/2023\/03\/bs-biomaster-2024-1536x1536.jpg 1536w, https:\/\/netpet.ch\/wp-content\/uploads\/2023\/03\/bs-biomaster-2024-2048x2048.jpg 2048w, https:\/\/netpet.ch\/wp-content\/uploads\/2023\/03\/bs-biomaster-2024-600x600.jpg 600w, https:\/\/netpet.ch\/wp-content\/uploads\/2023\/03\/bs-biomaster-2024-100x100.jpg 100w, https:\/\/netpet.ch\/wp-content\/uploads\/2023\/03\/bs-biomaster-2024.jpg 2362w\" sizes=\"auto, (max-width: 300px) 100vw, 300px\" \/><img loading=\"lazy\" decoding=\"async\" class=\"alignnone size-medium wp-image-48244\" src=\"https:\/\/netpet.ch\/wp-content\/uploads\/2023\/03\/bs-3yearguarantee-2024-300x300.jpg\" alt=\"\" width=\"300\" height=\"300\" srcset=\"https:\/\/netpet.ch\/wp-content\/uploads\/2023\/03\/bs-3yearguarantee-2024-300x300.jpg 300w, https:\/\/netpet.ch\/wp-content\/uploads\/2023\/03\/bs-3yearguarantee-2024-1024x1024.jpg 1024w, https:\/\/netpet.ch\/wp-content\/uploads\/2023\/03\/bs-3yearguarantee-2024-150x150.jpg 150w, https:\/\/netpet.ch\/wp-content\/uploads\/2023\/03\/bs-3yearguarantee-2024-768x768.jpg 768w, https:\/\/netpet.ch\/wp-content\/uploads\/2023\/03\/bs-3yearguarantee-2024-1536x1536.jpg 1536w, https:\/\/netpet.ch\/wp-content\/uploads\/2023\/03\/bs-3yearguarantee-2024-2048x2048.jpg 2048w, https:\/\/netpet.ch\/wp-content\/uploads\/2023\/03\/bs-3yearguarantee-2024-600x600.jpg 600w, https:\/\/netpet.ch\/wp-content\/uploads\/2023\/03\/bs-3yearguarantee-2024-100x100.jpg 100w, https:\/\/netpet.ch\/wp-content\/uploads\/2023\/03\/bs-3yearguarantee-2024.jpg 2362w\" sizes=\"auto, (max-width: 300px) 100vw, 300px\" \/><\/p>\n","protected":false},"excerpt":{"rendered":"<p><span style=\"color: #339966\">KOSTENLOSER VERSAND<\/span><\/p>\n<p>&nbsp;<\/p>\n<p><img loading=\"lazy\" decoding=\"async\" class=\"size-medium wp-image-48250 alignleft\" src=\"https:\/\/netpet.ch\/wp-content\/uploads\/2023\/03\/Image16-300x183.png\" alt=\"\" width=\"300\" height=\"183\" srcset=\"https:\/\/netpet.ch\/wp-content\/uploads\/2023\/03\/Image16-300x183.png 300w, https:\/\/netpet.ch\/wp-content\/uploads\/2023\/03\/Image16-1024x625.png 1024w, https:\/\/netpet.ch\/wp-content\/uploads\/2023\/03\/Image16-768x469.png 768w, https:\/\/netpet.ch\/wp-content\/uploads\/2023\/03\/Image16-1536x937.png 1536w, https:\/\/netpet.ch\/wp-content\/uploads\/2023\/03\/Image16-600x366.png 600w, https:\/\/netpet.ch\/wp-content\/uploads\/2023\/03\/Image16.png 1822w\" sizes=\"auto, (max-width: 300px) 100vw, 300px\" \/><\/p>\n","protected":false},"featured_media":46212,"template":"","meta":{"_acf_changed":false,"wds_primary_product_brand":0,"wds_primary_product_cat":0},"product_brand":[],"product_cat":[448,457,453,451],"product_tag":[],"class_list":{"0":"post-43207","1":"product","2":"type-product","3":"status-publish","4":"has-post-thumbnail","6":"product_cat-couveuses-brinsea-de","7":"product_cat-fur-kuken-und-wachteln","8":"product_cat-kuekenaufzucht-zubehoer","9":"product_cat-professionelle-brutgeraete","11":"first","12":"instock","13":"taxable","14":"shipping-taxable","15":"purchasable","16":"product-type-simple"},"acf":[],"_links":{"self":[{"href":"https:\/\/netpet.ch\/de\/wp-json\/wp\/v2\/product\/43207","targetHints":{"allow":["GET"]}}],"collection":[{"href":"https:\/\/netpet.ch\/de\/wp-json\/wp\/v2\/product"}],"about":[{"href":"https:\/\/netpet.ch\/de\/wp-json\/wp\/v2\/types\/product"}],"wp:featuredmedia":[{"embeddable":true,"href":"https:\/\/netpet.ch\/de\/wp-json\/wp\/v2\/media\/46212"}],"wp:attachment":[{"href":"https:\/\/netpet.ch\/de\/wp-json\/wp\/v2\/media?parent=43207"}],"wp:term":[{"taxonomy":"product_brand","embeddable":true,"href":"https:\/\/netpet.ch\/de\/wp-json\/wp\/v2\/product_brand?post=43207"},{"taxonomy":"product_cat","embeddable":true,"href":"https:\/\/netpet.ch\/de\/wp-json\/wp\/v2\/product_cat?post=43207"},{"taxonomy":"product_tag","embeddable":true,"href":"https:\/\/netpet.ch\/de\/wp-json\/wp\/v2\/product_tag?post=43207"}],"curies":[{"name":"wp","href":"https:\/\/api.w.org\/{rel}","templated":true}]}}