{"id":43211,"date":"2023-03-10T23:57:09","date_gmt":"2023-03-10T22:57:09","guid":{"rendered":"https:\/\/dev.netpet.ch\/produit\/racloir-a-fumier\/"},"modified":"2026-02-17T20:40:32","modified_gmt":"2026-02-17T19:40:32","slug":"racloir-a-fumier","status":"publish","type":"product","link":"https:\/\/netpet.ch\/de\/produit\/racloir-a-fumier\/","title":{"rendered":"Mistkratzer"},"content":{"rendered":"<p>Dieser Mistkratzer ist ein praktisches Werkzeug f\u00fcr die schnelle und effektive Reinigung eines H\u00fchnerstalls oder Kaninchenstalls.<\/p>\n<p>Mit einer L\u00e4nge von 34cm besteht er aus einer 16x6cm Stahlklinge und einem Holzgriff.<\/p>\n<p>(\u00fcbersetzt mit www.deepL.com)<\/p>\n","protected":false},"excerpt":{"rendered":"<p>Dieser Mistkratzer ist ein praktisches Werkzeug f\u00fcr die schnelle und effektive Reinigung eines H\u00fchnerstalls oder Kaninchenstalls. Mit einer L\u00e4nge von 34cm besteht er aus einer 16x6cm Stahlklinge und einem Holzgriff. (\u00fcbersetzt mit www.deepL.com)<\/p>\n","protected":false},"featured_media":46684,"template":"","meta":{"_acf_changed":false,"wds_primary_product_brand":0,"wds_primary_product_cat":0},"product_brand":[],"product_cat":[455],"product_tag":[],"class_list":{"0":"post-43211","1":"product","2":"type-product","3":"status-publish","4":"has-post-thumbnail","6":"product_cat-reinigung","8":"first","9":"instock","10":"taxable","11":"shipping-taxable","12":"purchasable","13":"product-type-simple"},"acf":[],"_links":{"self":[{"href":"https:\/\/netpet.ch\/de\/wp-json\/wp\/v2\/product\/43211","targetHints":{"allow":["GET"]}}],"collection":[{"href":"https:\/\/netpet.ch\/de\/wp-json\/wp\/v2\/product"}],"about":[{"href":"https:\/\/netpet.ch\/de\/wp-json\/wp\/v2\/types\/product"}],"wp:featuredmedia":[{"embeddable":true,"href":"https:\/\/netpet.ch\/de\/wp-json\/wp\/v2\/media\/46684"}],"wp:attachment":[{"href":"https:\/\/netpet.ch\/de\/wp-json\/wp\/v2\/media?parent=43211"}],"wp:term":[{"taxonomy":"product_brand","embeddable":true,"href":"https:\/\/netpet.ch\/de\/wp-json\/wp\/v2\/product_brand?post=43211"},{"taxonomy":"product_cat","embeddable":true,"href":"https:\/\/netpet.ch\/de\/wp-json\/wp\/v2\/product_cat?post=43211"},{"taxonomy":"product_tag","embeddable":true,"href":"https:\/\/netpet.ch\/de\/wp-json\/wp\/v2\/product_tag?post=43211"}],"curies":[{"name":"wp","href":"https:\/\/api.w.org\/{rel}","templated":true}]}}