{"id":43214,"date":"2023-03-10T23:56:28","date_gmt":"2023-03-10T22:56:28","guid":{"rendered":"https:\/\/dev.netpet.ch\/produit\/brinsea-mini-ii-advance\/"},"modified":"2026-03-01T17:53:06","modified_gmt":"2026-03-01T16:53:06","slug":"brinsea-mini-ii-advance","status":"publish","type":"product","link":"https:\/\/netpet.ch\/de\/produit\/brinsea-mini-ii-advance\/","title":{"rendered":"Brinsea - Brutger\u00e4t Mini II Advance"},"content":{"rendered":"<p>Der Brinsea Mini II Advance Inkubator ist perfekt f\u00fcr erste Erfahrungen mit dem Br\u00fcten. Er bietet den Komfort eines automatischen Eierwenders und eines integrierten Schlupf-Countdowns sowie die Sicherheit digitaler Temperaturalarme.<\/p>\n<p><strong>Hauptmerkmale:<\/strong><br \/>\n\u2022 Transparente Kuppel f\u00fcr eine hervorragende Sicht<br \/>\n\u2022 Automatisches Wenden der Eier<br \/>\n\u2022 Schutz durch den antimikrobiellen Polygiene Biomaster\u2122-Zusatz*<br \/>\n\u2022 Wasserbef\u00fcllung von au\u00dfen<br \/>\n\u2022 Umluftheizung<br \/>\n\u2022 Temperatur in \u00b0C oder \u00b0F<br \/>\n\u2022 Schlupf-Countdown mit automatischem Stopp des Wendens<br \/>\n\u2022 Periodische K\u00fchlfunktion f\u00fcr die Eier<br \/>\n\u2022 Alarm f\u00fcr die Raumtemperatur<br \/>\n\u2022 Temperaturalarm in der Brutmaschine<br \/>\n\u2022 Anzeige f\u00fcr Stromausfall<br \/>\n\u2022 Intervall und Winkel des Wendens der Eier einstellbar<br \/>\n\u2022 3 Jahre Herstellergarantie, vorbehaltlich einer Online-Registrierung beim Kauf auf <span style=\"color: #ffc50b\"><a style=\"color: #ffc50b\" href=\"http:\/\/www.brinsea.co.uk\" target=\"_blank\" rel=\"noopener\">brinsea.co.uk<\/a><\/span><br \/>\n\u2022 Herstellung in Gro\u00dfbritannien<\/p>\n<p><strong>Maximale Eierkapazit\u00e4t (ungef\u00e4hr):<\/strong><br \/>\n\u2022 Hennen - 7<br \/>\n\u2022 Wachteln - 7<br \/>\n\u2022 Enten - 7<br \/>\n\u2022 Fasane - 7<\/p>\n<p><strong>Maximale Eierkapazit\u00e4t (ungef\u00e4hr) mit dem Einsatz f\u00fcr kleine Eier (optional):<\/strong><br \/>\n\u2022 Wachteln - 12<br \/>\n\u2022 Fasanen - 12<\/p>\n<p><em>*nachweislich reduziert der antimikrobielle Biomaster\u2122-Zusatz das Bakterienwachstum um bis zu 99.99% und ist 100% sicher f\u00fcr Eier, K\u00fcken und Menschen; er sch\u00fctzt den Inkubator vor mikrobiellem Wachstum, indem er das Risiko einer Kreuzkontamination verringert und eine hygienischere Umgebung f\u00fcr die Eier schafft.<\/em><\/p>\n<p>(\u00fcbersetzt mit www.deepL.com)<br \/>\n<img loading=\"lazy\" decoding=\"async\" class=\"alignnone size-medium wp-image-48246\" src=\"https:\/\/netpet.ch\/wp-content\/uploads\/2023\/03\/bs-biomaster-2024-300x300.jpg\" alt=\"\" width=\"300\" height=\"300\" srcset=\"https:\/\/netpet.ch\/wp-content\/uploads\/2023\/03\/bs-biomaster-2024-300x300.jpg 300w, https:\/\/netpet.ch\/wp-content\/uploads\/2023\/03\/bs-biomaster-2024-1024x1024.jpg 1024w, https:\/\/netpet.ch\/wp-content\/uploads\/2023\/03\/bs-biomaster-2024-150x150.jpg 150w, https:\/\/netpet.ch\/wp-content\/uploads\/2023\/03\/bs-biomaster-2024-768x768.jpg 768w, https:\/\/netpet.ch\/wp-content\/uploads\/2023\/03\/bs-biomaster-2024-1536x1536.jpg 1536w, https:\/\/netpet.ch\/wp-content\/uploads\/2023\/03\/bs-biomaster-2024-2048x2048.jpg 2048w, https:\/\/netpet.ch\/wp-content\/uploads\/2023\/03\/bs-biomaster-2024-600x600.jpg 600w, https:\/\/netpet.ch\/wp-content\/uploads\/2023\/03\/bs-biomaster-2024-100x100.jpg 100w, https:\/\/netpet.ch\/wp-content\/uploads\/2023\/03\/bs-biomaster-2024.jpg 2362w\" sizes=\"auto, (max-width: 300px) 100vw, 300px\" \/><img loading=\"lazy\" decoding=\"async\" class=\"alignnone size-medium wp-image-48244\" src=\"https:\/\/netpet.ch\/wp-content\/uploads\/2023\/03\/bs-3yearguarantee-2024-300x300.jpg\" alt=\"\" width=\"300\" height=\"300\" srcset=\"https:\/\/netpet.ch\/wp-content\/uploads\/2023\/03\/bs-3yearguarantee-2024-300x300.jpg 300w, https:\/\/netpet.ch\/wp-content\/uploads\/2023\/03\/bs-3yearguarantee-2024-1024x1024.jpg 1024w, https:\/\/netpet.ch\/wp-content\/uploads\/2023\/03\/bs-3yearguarantee-2024-150x150.jpg 150w, https:\/\/netpet.ch\/wp-content\/uploads\/2023\/03\/bs-3yearguarantee-2024-768x768.jpg 768w, https:\/\/netpet.ch\/wp-content\/uploads\/2023\/03\/bs-3yearguarantee-2024-1536x1536.jpg 1536w, https:\/\/netpet.ch\/wp-content\/uploads\/2023\/03\/bs-3yearguarantee-2024-2048x2048.jpg 2048w, https:\/\/netpet.ch\/wp-content\/uploads\/2023\/03\/bs-3yearguarantee-2024-600x600.jpg 600w, https:\/\/netpet.ch\/wp-content\/uploads\/2023\/03\/bs-3yearguarantee-2024-100x100.jpg 100w, https:\/\/netpet.ch\/wp-content\/uploads\/2023\/03\/bs-3yearguarantee-2024.jpg 2362w\" sizes=\"auto, (max-width: 300px) 100vw, 300px\" \/><img loading=\"lazy\" decoding=\"async\" class=\"alignnone size-medium wp-image-48248\" src=\"https:\/\/netpet.ch\/wp-content\/uploads\/2023\/03\/bs-mib-2024-300x300.jpg\" alt=\"\" width=\"300\" height=\"300\" srcset=\"https:\/\/netpet.ch\/wp-content\/uploads\/2023\/03\/bs-mib-2024-300x300.jpg 300w, https:\/\/netpet.ch\/wp-content\/uploads\/2023\/03\/bs-mib-2024-1024x1024.jpg 1024w, https:\/\/netpet.ch\/wp-content\/uploads\/2023\/03\/bs-mib-2024-150x150.jpg 150w, https:\/\/netpet.ch\/wp-content\/uploads\/2023\/03\/bs-mib-2024-768x768.jpg 768w, https:\/\/netpet.ch\/wp-content\/uploads\/2023\/03\/bs-mib-2024-1536x1536.jpg 1536w, https:\/\/netpet.ch\/wp-content\/uploads\/2023\/03\/bs-mib-2024-2048x2048.jpg 2048w, https:\/\/netpet.ch\/wp-content\/uploads\/2023\/03\/bs-mib-2024-600x600.jpg 600w, https:\/\/netpet.ch\/wp-content\/uploads\/2023\/03\/bs-mib-2024-100x100.jpg 100w, https:\/\/netpet.ch\/wp-content\/uploads\/2023\/03\/bs-mib-2024.jpg 2362w\" sizes=\"auto, (max-width: 300px) 100vw, 300px\" \/><\/p>\n","protected":false},"excerpt":{"rendered":"<p><span style=\"color: #339966\">KOSTENLOSER VERSAND<\/span><\/p>\n<p>&nbsp;<\/p>\n<p><img loading=\"lazy\" decoding=\"async\" class=\"size-medium wp-image-48250 alignleft\" src=\"https:\/\/netpet.ch\/wp-content\/uploads\/2023\/03\/Image16-300x183.png\" alt=\"\" width=\"300\" height=\"183\" srcset=\"https:\/\/netpet.ch\/wp-content\/uploads\/2023\/03\/Image16-300x183.png 300w, https:\/\/netpet.ch\/wp-content\/uploads\/2023\/03\/Image16-1024x625.png 1024w, https:\/\/netpet.ch\/wp-content\/uploads\/2023\/03\/Image16-768x469.png 768w, https:\/\/netpet.ch\/wp-content\/uploads\/2023\/03\/Image16-1536x937.png 1536w, https:\/\/netpet.ch\/wp-content\/uploads\/2023\/03\/Image16-600x366.png 600w, https:\/\/netpet.ch\/wp-content\/uploads\/2023\/03\/Image16.png 1822w\" sizes=\"auto, (max-width: 300px) 100vw, 300px\" \/><\/p>\n","protected":false},"featured_media":44528,"template":"","meta":{"_acf_changed":false,"wds_primary_product_brand":0,"wds_primary_product_cat":0},"product_brand":[],"product_cat":[448],"product_tag":[],"class_list":{"0":"post-43214","1":"product","2":"type-product","3":"status-publish","4":"has-post-thumbnail","6":"product_cat-couveuses-brinsea-de","8":"first","9":"outofstock","10":"taxable","11":"shipping-taxable","12":"purchasable","13":"product-type-simple"},"acf":[],"_links":{"self":[{"href":"https:\/\/netpet.ch\/de\/wp-json\/wp\/v2\/product\/43214","targetHints":{"allow":["GET"]}}],"collection":[{"href":"https:\/\/netpet.ch\/de\/wp-json\/wp\/v2\/product"}],"about":[{"href":"https:\/\/netpet.ch\/de\/wp-json\/wp\/v2\/types\/product"}],"wp:featuredmedia":[{"embeddable":true,"href":"https:\/\/netpet.ch\/de\/wp-json\/wp\/v2\/media\/44528"}],"wp:attachment":[{"href":"https:\/\/netpet.ch\/de\/wp-json\/wp\/v2\/media?parent=43214"}],"wp:term":[{"taxonomy":"product_brand","embeddable":true,"href":"https:\/\/netpet.ch\/de\/wp-json\/wp\/v2\/product_brand?post=43214"},{"taxonomy":"product_cat","embeddable":true,"href":"https:\/\/netpet.ch\/de\/wp-json\/wp\/v2\/product_cat?post=43214"},{"taxonomy":"product_tag","embeddable":true,"href":"https:\/\/netpet.ch\/de\/wp-json\/wp\/v2\/product_tag?post=43214"}],"curies":[{"name":"wp","href":"https:\/\/api.w.org\/{rel}","templated":true}]}}