{"id":43215,"date":"2023-03-10T23:56:23","date_gmt":"2023-03-10T22:56:23","guid":{"rendered":"https:\/\/dev.netpet.ch\/produit\/kit-anti-poux-rouges\/"},"modified":"2026-02-17T20:40:32","modified_gmt":"2026-02-17T19:40:32","slug":"kit-anti-poux-rouges","status":"publish","type":"product","link":"https:\/\/netpet.ch\/de\/produit\/kit-anti-poux-rouges\/","title":{"rendered":"Anti Blutmilben Kit"},"content":{"rendered":"<p>Blutmilben sind f\u00fcr H\u00fchner extrem gef\u00e4hrlich. Dieses Kit von Olba verhindert, dass die Blutmilben \u00fcber die Sitzstangen zu den Tieren gelangen. Ein nat\u00fcrliches und sehr wirksames Mittel zur Bek\u00e4mpfung!<\/p>\n<p>Blutmilben besuchen die H\u00fchner jede Nacht auf der Sitzstange. Sie trinken sich mit Blut voll und verstecken sich dann wieder in den Ritzen und Spalten der St\u00e4lle. Die Folgen f\u00fcr das Gefl\u00fcgel sind gravierend: An\u00e4mie und Tod. Junge Tiere sind besonders anf\u00e4llig f\u00fcr diese Sch\u00e4dlinge. Blutmilben verursachen aber auch eine verminderte Eierproduktion.<\/p>\n<p>Vorteile des Anti Blutmilben Kit:<br \/>\n\u2022 ein nat\u00fcrliches und sehr wirksames Bek\u00e4mpfungsmittel<br \/>\n\u2022 drehbare Blutlausschalen, die nicht schmutzig werden<br \/>\n\u2022 lange Wandhalterungen und Befestigungsmaterial enthalten<br \/>\n\u2022 einfach zu installieren.<\/p>\n<p>Verwendung des Anti Blutmilben Kit:<br \/>\nNach der - unkomplizierten - Installation des Kit, die Drehschalen zu drei Vierteln mit einem \u00d6l ihrer Wahl f\u00fcllen, das verhindert, dass die Blutmilben die H\u00fchner erreichen..<br \/>\n\u00dcberpr\u00fcfen Sie die Drehschalen regelm\u00e4\u00dfig, um sicher zu sein, dass sie immer genug \u00d6l enthalten.<\/p>\n<p>(\u00fcbersetzt mit www.deepL.com)<\/p>\n","protected":false},"excerpt":{"rendered":"<p>Blutmilben sind f\u00fcr H\u00fchner extrem gef\u00e4hrlich. Dieses Kit von Olba verhindert, dass die Blutmilben \u00fcber die Sitzstangen zu den Tieren gelangen. Ein nat\u00fcrliches und sehr wirksames Mittel zur Bek\u00e4mpfung! Blutmilben besuchen die H\u00fchner jede Nacht auf der Sitzstange. Sie trinken sich mit Blut voll und verstecken sich dann wieder in den Ritzen und Spalten der [&hellip;]<\/p>\n","protected":false},"featured_media":36970,"template":"","meta":{"_acf_changed":false,"wds_primary_product_brand":0,"wds_primary_product_cat":0},"product_brand":[],"product_cat":[455,439,435],"product_tag":[],"class_list":{"0":"post-43215","1":"product","2":"type-product","3":"status-publish","4":"has-post-thumbnail","6":"product_cat-reinigung","7":"product_cat-schaedlingsbekaempfung","8":"product_cat-wohlbefinden-und-futter","10":"first","11":"instock","12":"sale","13":"taxable","14":"shipping-taxable","15":"purchasable","16":"product-type-simple"},"acf":[],"_links":{"self":[{"href":"https:\/\/netpet.ch\/de\/wp-json\/wp\/v2\/product\/43215","targetHints":{"allow":["GET"]}}],"collection":[{"href":"https:\/\/netpet.ch\/de\/wp-json\/wp\/v2\/product"}],"about":[{"href":"https:\/\/netpet.ch\/de\/wp-json\/wp\/v2\/types\/product"}],"wp:featuredmedia":[{"embeddable":true,"href":"https:\/\/netpet.ch\/de\/wp-json\/wp\/v2\/media\/36970"}],"wp:attachment":[{"href":"https:\/\/netpet.ch\/de\/wp-json\/wp\/v2\/media?parent=43215"}],"wp:term":[{"taxonomy":"product_brand","embeddable":true,"href":"https:\/\/netpet.ch\/de\/wp-json\/wp\/v2\/product_brand?post=43215"},{"taxonomy":"product_cat","embeddable":true,"href":"https:\/\/netpet.ch\/de\/wp-json\/wp\/v2\/product_cat?post=43215"},{"taxonomy":"product_tag","embeddable":true,"href":"https:\/\/netpet.ch\/de\/wp-json\/wp\/v2\/product_tag?post=43215"}],"curies":[{"name":"wp","href":"https:\/\/api.w.org\/{rel}","templated":true}]}}