{"id":43216,"date":"2023-03-10T23:56:19","date_gmt":"2023-03-10T22:56:19","guid":{"rendered":"https:\/\/dev.netpet.ch\/produit\/raccord-en-croix-o-10mm\/"},"modified":"2024-01-03T11:02:26","modified_gmt":"2024-01-03T10:02:26","slug":"raccord-en-croix-o-10mm","status":"publish","type":"product","link":"https:\/\/netpet.ch\/de\/produit\/raccord-en-croix-o-10mm\/","title":{"rendered":"Kreuzst\u00fcck, \u00d8 10mm"},"content":{"rendered":"<p>Dieses Kreuzverbindungsst\u00fcck mit 4 Endst\u00fccken mit einem Durchmesser von 10mm erm\u00f6glicht es, mehrere automatische Tr\u00e4nken dank eines PVC-Schlauchs in Reihe zu verbinden (Produktcodes: olnl-s9z-1_bySPS und olnl-s9z-50).<\/p>\n<p>Hergestellt aus extrem widerstandsf\u00e4higem, schwarzem ABS-Kunststoff.<\/p>\n<p>(\u00fcbersetzt mit www.deepL.com)<\/p>\n","protected":false},"excerpt":{"rendered":"<p>Dieses Kreuzverbindungsst\u00fcck mit 4 Endst\u00fccken mit einem Durchmesser von 10mm erm\u00f6glicht es, mehrere automatische Tr\u00e4nken dank eines PVC-Schlauchs in Reihe zu verbinden (Produktcodes: olnl-s9z-1_bySPS und olnl-s9z-50). Hergestellt aus extrem widerstandsf\u00e4higem, schwarzem ABS-Kunststoff. (\u00fcbersetzt mit www.deepL.com)<\/p>\n","protected":false},"featured_media":35315,"template":"","meta":{"_acf_changed":false,"wds_primary_product_brand":0,"wds_primary_product_cat":0},"product_brand":[],"product_cat":[433],"product_tag":[],"class_list":{"0":"post-43216","1":"product","2":"type-product","3":"status-publish","4":"has-post-thumbnail","6":"product_cat-tranken","8":"first","9":"instock","10":"taxable","11":"shipping-taxable","12":"purchasable","13":"product-type-simple"},"acf":[],"_links":{"self":[{"href":"https:\/\/netpet.ch\/de\/wp-json\/wp\/v2\/product\/43216","targetHints":{"allow":["GET"]}}],"collection":[{"href":"https:\/\/netpet.ch\/de\/wp-json\/wp\/v2\/product"}],"about":[{"href":"https:\/\/netpet.ch\/de\/wp-json\/wp\/v2\/types\/product"}],"wp:featuredmedia":[{"embeddable":true,"href":"https:\/\/netpet.ch\/de\/wp-json\/wp\/v2\/media\/35315"}],"wp:attachment":[{"href":"https:\/\/netpet.ch\/de\/wp-json\/wp\/v2\/media?parent=43216"}],"wp:term":[{"taxonomy":"product_brand","embeddable":true,"href":"https:\/\/netpet.ch\/de\/wp-json\/wp\/v2\/product_brand?post=43216"},{"taxonomy":"product_cat","embeddable":true,"href":"https:\/\/netpet.ch\/de\/wp-json\/wp\/v2\/product_cat?post=43216"},{"taxonomy":"product_tag","embeddable":true,"href":"https:\/\/netpet.ch\/de\/wp-json\/wp\/v2\/product_tag?post=43216"}],"curies":[{"name":"wp","href":"https:\/\/api.w.org\/{rel}","templated":true}]}}