{"id":43221,"date":"2023-03-10T23:55:23","date_gmt":"2023-03-10T22:55:23","guid":{"rendered":"https:\/\/dev.netpet.ch\/produit\/brinsea-augettes-larges-pour-couveuse-ovation-56-lot-de-5\/"},"modified":"2026-03-18T09:04:04","modified_gmt":"2026-03-18T08:04:04","slug":"brinsea-augettes-larges-pour-couveuse-ovation-56-lot-de-5","status":"publish","type":"product","link":"https:\/\/netpet.ch\/de\/produit\/brinsea-augettes-larges-pour-couveuse-ovation-56-lot-de-5\/","title":{"rendered":"Brinsea - Breite Wendehorde f\u00fcr Ovation 56 Brutger\u00e4te (5er-Pack)"},"content":{"rendered":"<p>Set aus 5 breiten Wendehorden f\u00fcr die Brutger\u00e4te Ovation 56 Eco, Advance und EX.<br \/>\nSie werden anstelle der Standardwendehorden installiert und erm\u00f6glichen das automatische Wenden von gro\u00dfen Eiern.<\/p>\n<p>Die Kapazit\u00e4t der 5 Wendehorden betr\u00e4gt 15 G\u00e4nseeier, 95 Fasaneneier oder 110 Wachteleier.<\/p>\n<p>Gesch\u00fctzt durch den antimikrobiellen Zusatzstoff Biomaster: Reduziert das Bakterienwachstum nachweislich um bis zu 99,99 % und ist 100 % sicher f\u00fcr Eier, K\u00fcken und Menschen; sch\u00fctzt den Brutkasten vor Bakterienwachstum, indem es das Risiko einer Kreuzkontamination verringert und eine hygienischere Umgebung f\u00fcr die Eier schafft.<\/p>\n<p>(\u00fcbersetzt mit www.deepL.com)<\/p>\n","protected":false},"excerpt":{"rendered":"<p>Set aus 5 breiten Wendehorden f\u00fcr die Brutger\u00e4te Ovation 56 Eco, Advance und EX. Sie werden anstelle der Standardwendehorden installiert und erm\u00f6glichen das automatische Wenden von gro\u00dfen Eiern. Die Kapazit\u00e4t der 5 Wendehorden betr\u00e4gt 15 G\u00e4nseeier, 95 Fasaneneier oder 110 Wachteleier. Gesch\u00fctzt durch den antimikrobiellen Zusatzstoff Biomaster: Reduziert das Bakterienwachstum nachweislich um bis zu 99,99 [&hellip;]<\/p>\n","protected":false},"featured_media":44494,"template":"","meta":{"_acf_changed":false,"wds_primary_product_brand":0,"wds_primary_product_cat":0},"product_brand":[],"product_cat":[821],"product_tag":[],"class_list":{"0":"post-43221","1":"product","2":"type-product","3":"status-publish","4":"has-post-thumbnail","6":"product_cat-zubehoer-fuer-brinsea-inkubatoren","8":"first","9":"instock","10":"taxable","11":"shipping-taxable","12":"purchasable","13":"product-type-simple"},"acf":[],"_links":{"self":[{"href":"https:\/\/netpet.ch\/de\/wp-json\/wp\/v2\/product\/43221","targetHints":{"allow":["GET"]}}],"collection":[{"href":"https:\/\/netpet.ch\/de\/wp-json\/wp\/v2\/product"}],"about":[{"href":"https:\/\/netpet.ch\/de\/wp-json\/wp\/v2\/types\/product"}],"wp:featuredmedia":[{"embeddable":true,"href":"https:\/\/netpet.ch\/de\/wp-json\/wp\/v2\/media\/44494"}],"wp:attachment":[{"href":"https:\/\/netpet.ch\/de\/wp-json\/wp\/v2\/media?parent=43221"}],"wp:term":[{"taxonomy":"product_brand","embeddable":true,"href":"https:\/\/netpet.ch\/de\/wp-json\/wp\/v2\/product_brand?post=43221"},{"taxonomy":"product_cat","embeddable":true,"href":"https:\/\/netpet.ch\/de\/wp-json\/wp\/v2\/product_cat?post=43221"},{"taxonomy":"product_tag","embeddable":true,"href":"https:\/\/netpet.ch\/de\/wp-json\/wp\/v2\/product_tag?post=43221"}],"curies":[{"name":"wp","href":"https:\/\/api.w.org\/{rel}","templated":true}]}}