{"id":43223,"date":"2023-03-10T23:55:01","date_gmt":"2023-03-10T22:55:01","guid":{"rendered":"https:\/\/dev.netpet.ch\/produit\/reservoir-a-eau-avec-flotteur-et-couvercle-8l\/"},"modified":"2026-04-15T10:14:06","modified_gmt":"2026-04-15T08:14:06","slug":"reservoir-a-eau-avec-flotteur-et-couvercle-8l","status":"publish","type":"product","link":"https:\/\/netpet.ch\/de\/produit\/reservoir-a-eau-avec-flotteur-et-couvercle-8l\/","title":{"rendered":"Wasserbeh\u00e4lter mit Schwimmer und Deckel, 8l"},"content":{"rendered":"<p>Dieser Wassertank mit einem Fassungsverm\u00f6gen von 8l wird u. a. in Kombination mit dem automatischen Schalen- oder Nippeltr\u00e4nkesystem mit niedrigem Wasserdruck verwendet (Produktcodes: olnl-dhsz-dclg, olnl-dhsz-dclr und olnl-dhsz-mk11).<\/p>\n<p>Er ist mit einem Schwimmer ausgestattet, mit dem der Wasserdruck reguliert wird.<\/p>\n<p>(\u00fcbersetzt mit www.deepL.com)<\/p>\n","protected":false},"excerpt":{"rendered":"<p>Dieser Wassertank mit einem Fassungsverm\u00f6gen von 8l wird u. a. in Kombination mit dem automatischen Schalen- oder Nippeltr\u00e4nkesystem mit niedrigem Wasserdruck verwendet (Produktcodes: olnl-dhsz-dclg, olnl-dhsz-dclr und olnl-dhsz-mk11). Er ist mit einem Schwimmer ausgestattet, mit dem der Wasserdruck reguliert wird. (\u00fcbersetzt mit www.deepL.com)<\/p>\n","protected":false},"featured_media":45307,"template":"","meta":{"_acf_changed":false,"wds_primary_product_brand":0,"wds_primary_product_cat":0},"product_brand":[],"product_cat":[433],"product_tag":[],"class_list":{"0":"post-43223","1":"product","2":"type-product","3":"status-publish","4":"has-post-thumbnail","6":"product_cat-tranken","8":"first","9":"instock","10":"taxable","11":"shipping-taxable","12":"purchasable","13":"product-type-simple"},"acf":[],"_links":{"self":[{"href":"https:\/\/netpet.ch\/de\/wp-json\/wp\/v2\/product\/43223","targetHints":{"allow":["GET"]}}],"collection":[{"href":"https:\/\/netpet.ch\/de\/wp-json\/wp\/v2\/product"}],"about":[{"href":"https:\/\/netpet.ch\/de\/wp-json\/wp\/v2\/types\/product"}],"wp:featuredmedia":[{"embeddable":true,"href":"https:\/\/netpet.ch\/de\/wp-json\/wp\/v2\/media\/45307"}],"wp:attachment":[{"href":"https:\/\/netpet.ch\/de\/wp-json\/wp\/v2\/media?parent=43223"}],"wp:term":[{"taxonomy":"product_brand","embeddable":true,"href":"https:\/\/netpet.ch\/de\/wp-json\/wp\/v2\/product_brand?post=43223"},{"taxonomy":"product_cat","embeddable":true,"href":"https:\/\/netpet.ch\/de\/wp-json\/wp\/v2\/product_cat?post=43223"},{"taxonomy":"product_tag","embeddable":true,"href":"https:\/\/netpet.ch\/de\/wp-json\/wp\/v2\/product_tag?post=43223"}],"curies":[{"name":"wp","href":"https:\/\/api.w.org\/{rel}","templated":true}]}}