{"id":43225,"date":"2023-03-10T23:54:50","date_gmt":"2023-03-10T22:54:50","guid":{"rendered":"https:\/\/dev.netpet.ch\/produit\/brinsea-panneau-chauffant-pour-poussins-ecoglow-safety-1200\/"},"modified":"2023-03-22T19:29:58","modified_gmt":"2023-03-22T18:29:58","slug":"brinsea-panneau-chauffant-pour-poussins-ecoglow-safety-1200","status":"publish","type":"product","link":"https:\/\/netpet.ch\/de\/produit\/brinsea-panneau-chauffant-pour-poussins-ecoglow-safety-1200\/","title":{"rendered":"Brinsea - W\u00e4rmeplatte f\u00fcr K\u00fcken EcoGlow Safety 1200"},"content":{"rendered":"<p>Die energiesparende W\u00e4rmeplatte EcoGlow Safety 1200 von Brinsea ist eine wirksame und sichere Methode, um frisch geschl\u00fcpfte H\u00fchner-, Wachtel- oder Entenk\u00fcken in den ersten Tagen und Wochen ihres Lebens warm zu halten.<\/p>\n<p>Sie erw\u00e4rmt die K\u00fcken direkt durch Strahlungsw\u00e4rme und durch Kontaktw\u00e4rme wie unter der Henne und ist dabei besonders sparsam.<\/p>\n<p>Hauptmerkmale:<br \/>\n\u2022 Geeignet f\u00fcr bis zu 35 K\u00fcken oder 50 Wachteln<br \/>\n\u2022 Abmessungen von 438 x 283 x 61mm (nur Platte)<br \/>\n\u2022 Maximaler Stromverbrauch von 18 Watt<br \/>\n\u2022 Metallplatte verbessert die W\u00e4rmestrahlung und f\u00f6rdert die Temperaturgleichm\u00e4\u00dfigkeit<br \/>\n\u2022 Rand um die Heizplatte erm\u00f6glicht eine bessere W\u00e4rmespeicherung<br \/>\n\u2022 Einfache Einstellung der H\u00f6he<br \/>\n\u2022 Wasserdichte Konstruktion (Sicherheitsstandard IPX7).<\/p>\n<p>HINWEIS: Dieses Produkt ist nur f\u00fcr den Gebrauch in Innenr\u00e4umen bestimmt, und die Raumtemperatur sollte nicht unter 10 \u00b0C fallen; die W\u00e4rmeplatte EcoGlow Safety sollte an einem vor Zugluft gesch\u00fctzten Ort aufgestellt werden, und die K\u00fcken sollten \u00fcber ausreichend Einstreu verf\u00fcgen.<\/p>\n<p>3 Jahre Herstellergarantie, vorbehaltlich einer Online-Registrierung.<\/p>\n<p>(\u00fcbersetzt mit www.deepL.com)<\/p>\n","protected":false},"excerpt":{"rendered":"<p>Die energiesparende W\u00e4rmeplatte EcoGlow Safety 1200 von Brinsea ist eine wirksame und sichere Methode, um frisch geschl\u00fcpfte H\u00fchner-, Wachtel- oder Entenk\u00fcken in den ersten Tagen und Wochen ihres Lebens warm zu halten. Sie erw\u00e4rmt die K\u00fcken direkt durch Strahlungsw\u00e4rme und durch Kontaktw\u00e4rme wie unter der Henne und ist dabei besonders sparsam. Hauptmerkmale: \u2022 Geeignet f\u00fcr [&hellip;]<\/p>\n","protected":false},"featured_media":36999,"template":"","meta":{"_acf_changed":false,"wds_primary_product_brand":0,"wds_primary_product_cat":0},"product_brand":[],"product_cat":[457,453],"product_tag":[],"class_list":{"0":"post-43225","1":"product","2":"type-product","3":"status-publish","4":"has-post-thumbnail","6":"product_cat-fur-kuken-und-wachteln","7":"product_cat-kuekenaufzucht-zubehoer","9":"first","10":"instock","11":"taxable","12":"shipping-taxable","13":"purchasable","14":"product-type-simple"},"acf":[],"_links":{"self":[{"href":"https:\/\/netpet.ch\/de\/wp-json\/wp\/v2\/product\/43225","targetHints":{"allow":["GET"]}}],"collection":[{"href":"https:\/\/netpet.ch\/de\/wp-json\/wp\/v2\/product"}],"about":[{"href":"https:\/\/netpet.ch\/de\/wp-json\/wp\/v2\/types\/product"}],"wp:featuredmedia":[{"embeddable":true,"href":"https:\/\/netpet.ch\/de\/wp-json\/wp\/v2\/media\/36999"}],"wp:attachment":[{"href":"https:\/\/netpet.ch\/de\/wp-json\/wp\/v2\/media?parent=43225"}],"wp:term":[{"taxonomy":"product_brand","embeddable":true,"href":"https:\/\/netpet.ch\/de\/wp-json\/wp\/v2\/product_brand?post=43225"},{"taxonomy":"product_cat","embeddable":true,"href":"https:\/\/netpet.ch\/de\/wp-json\/wp\/v2\/product_cat?post=43225"},{"taxonomy":"product_tag","embeddable":true,"href":"https:\/\/netpet.ch\/de\/wp-json\/wp\/v2\/product_tag?post=43225"}],"curies":[{"name":"wp","href":"https:\/\/api.w.org\/{rel}","templated":true}]}}