{"id":43226,"date":"2023-03-10T23:54:43","date_gmt":"2023-03-10T22:54:43","guid":{"rendered":"https:\/\/dev.netpet.ch\/produit\/drinkwell-filtres-de-rechange-pour-fontaine-animaliere-lot-de-3\/"},"modified":"2025-06-03T22:56:52","modified_gmt":"2025-06-03T20:56:52","slug":"drinkwell-filtres-de-rechange-pour-fontaine-animaliere-lot-de-3","status":"publish","type":"product","link":"https:\/\/netpet.ch\/de\/produit\/drinkwell-filtres-de-rechange-pour-fontaine-animaliere-lot-de-3\/","title":{"rendered":"Drinkwell - Ersatzfilter f\u00fcr Haustierbrunnen (3er-Pack)"},"content":{"rendered":"<p>Drinkwell\u00ae Ersatz-Aktivkohlefilter halten das Wasser f\u00fcr Ihr Haustier sauber und frisch.<\/p>\n<p>Jeder Filter verf\u00fcgt \u00fcber ein Polyesterpolster mit doppelter Dichte, das Haare und Schmutz auff\u00e4ngt; die Aktivkohle entfernt schlechten Geschmack und Ger\u00fcche aus dem Wasser und macht es so attraktiver.<\/p>\n<p>Filter verl\u00e4ngern die Lebensdauer Ihres Trinkbrunnens und Ihrer Pumpe. Sie sollten alle 2 bis 4 Wochen ausgetauscht werden, um eine maximale Frische zu gew\u00e4hrleisten.<\/p>\n<p>Diese Filter sind mit den folgenden Drinkwell\u00ae-Tierbrunnen kompatibel:<br \/>\n- Original<br \/>\n- Platinum<br \/>\n- Grosse Hunde<br \/>\n- Mini.<\/p>\n<p>(\u00fcbersetzt mit www.deepL.com)<\/p>\n","protected":false},"excerpt":{"rendered":"<p><span style=\"color: #00ccff\">f\u00fcr Drinkwell\u00ae-Tierbrunnen Original, Platinum, Grosse Hunde, Mini<\/span><\/p>\n","protected":false},"featured_media":38184,"template":"","meta":{"_acf_changed":false,"wds_primary_product_brand":0,"wds_primary_product_cat":0},"product_brand":[],"product_cat":[481,520],"product_tag":[],"class_list":{"0":"post-43226","1":"product","2":"type-product","3":"status-publish","4":"has-post-thumbnail","6":"product_cat-ersatzfilter-und-ersatzteile","7":"product_cat-trinkbrunnen-hunde","9":"first","10":"instock","11":"taxable","12":"shipping-taxable","13":"purchasable","14":"product-type-simple"},"acf":[],"_links":{"self":[{"href":"https:\/\/netpet.ch\/de\/wp-json\/wp\/v2\/product\/43226","targetHints":{"allow":["GET"]}}],"collection":[{"href":"https:\/\/netpet.ch\/de\/wp-json\/wp\/v2\/product"}],"about":[{"href":"https:\/\/netpet.ch\/de\/wp-json\/wp\/v2\/types\/product"}],"wp:featuredmedia":[{"embeddable":true,"href":"https:\/\/netpet.ch\/de\/wp-json\/wp\/v2\/media\/38184"}],"wp:attachment":[{"href":"https:\/\/netpet.ch\/de\/wp-json\/wp\/v2\/media?parent=43226"}],"wp:term":[{"taxonomy":"product_brand","embeddable":true,"href":"https:\/\/netpet.ch\/de\/wp-json\/wp\/v2\/product_brand?post=43226"},{"taxonomy":"product_cat","embeddable":true,"href":"https:\/\/netpet.ch\/de\/wp-json\/wp\/v2\/product_cat?post=43226"},{"taxonomy":"product_tag","embeddable":true,"href":"https:\/\/netpet.ch\/de\/wp-json\/wp\/v2\/product_tag?post=43226"}],"curies":[{"name":"wp","href":"https:\/\/api.w.org\/{rel}","templated":true}]}}