{"id":43228,"date":"2023-03-10T23:54:28","date_gmt":"2023-03-10T22:54:28","guid":{"rendered":"https:\/\/dev.netpet.ch\/produit\/plateau-a-oeufs-pour-63-oeufs\/"},"modified":"2024-01-01T13:20:55","modified_gmt":"2024-01-01T12:20:55","slug":"plateau-a-oeufs-pour-63-oeufs","status":"publish","type":"product","link":"https:\/\/netpet.ch\/de\/produit\/plateau-a-oeufs-pour-63-oeufs\/","title":{"rendered":"Eierhorde f\u00fcr 63 Eier"},"content":{"rendered":"<p>Eierplatte aus weissem Kunststoff f\u00fcr 63 H\u00fchnereier mit einer maximalen Gr\u00f6\u00dfe von 40mm.<\/p>\n<p>Gr\u00f6\u00dfe 400x260mm.<\/p>\n<p>(\u00fcbersetzt mit www.deepL.com)<\/p>\n","protected":false},"excerpt":{"rendered":"<p>Eierplatte aus weissem Kunststoff f\u00fcr 63 H\u00fchnereier mit einer maximalen Gr\u00f6\u00dfe von 40mm. Gr\u00f6\u00dfe 400x260mm. (\u00fcbersetzt mit www.deepL.com)<\/p>\n","protected":false},"featured_media":46458,"template":"","meta":{"_acf_changed":false,"wds_primary_product_brand":0,"wds_primary_product_cat":0},"product_brand":[],"product_cat":[436],"product_tag":[],"class_list":{"0":"post-43228","1":"product","2":"type-product","3":"status-publish","4":"has-post-thumbnail","6":"product_cat-eierschachteln-und-horden","8":"first","9":"instock","10":"taxable","11":"shipping-taxable","12":"purchasable","13":"product-type-simple"},"acf":[],"_links":{"self":[{"href":"https:\/\/netpet.ch\/de\/wp-json\/wp\/v2\/product\/43228","targetHints":{"allow":["GET"]}}],"collection":[{"href":"https:\/\/netpet.ch\/de\/wp-json\/wp\/v2\/product"}],"about":[{"href":"https:\/\/netpet.ch\/de\/wp-json\/wp\/v2\/types\/product"}],"wp:featuredmedia":[{"embeddable":true,"href":"https:\/\/netpet.ch\/de\/wp-json\/wp\/v2\/media\/46458"}],"wp:attachment":[{"href":"https:\/\/netpet.ch\/de\/wp-json\/wp\/v2\/media?parent=43228"}],"wp:term":[{"taxonomy":"product_brand","embeddable":true,"href":"https:\/\/netpet.ch\/de\/wp-json\/wp\/v2\/product_brand?post=43228"},{"taxonomy":"product_cat","embeddable":true,"href":"https:\/\/netpet.ch\/de\/wp-json\/wp\/v2\/product_cat?post=43228"},{"taxonomy":"product_tag","embeddable":true,"href":"https:\/\/netpet.ch\/de\/wp-json\/wp\/v2\/product_tag?post=43228"}],"curies":[{"name":"wp","href":"https:\/\/api.w.org\/{rel}","templated":true}]}}