{"id":43229,"date":"2023-03-10T23:54:24","date_gmt":"2023-03-10T22:54:24","guid":{"rendered":"https:\/\/dev.netpet.ch\/produit\/pelle-a-fumier-26cm\/"},"modified":"2026-02-23T10:15:24","modified_gmt":"2026-02-23T09:15:24","slug":"pelle-a-fumier-26cm","status":"publish","type":"product","link":"https:\/\/netpet.ch\/de\/produit\/pelle-a-fumier-26cm\/","title":{"rendered":"Mistschaufel, 26cm"},"content":{"rendered":"<p>Diese Reinigungsschaufel aus rostfreiem Stahl erleichtert das Entfernen von verschmutzter Einstreu aus Ihrem H\u00fchnerstall. Sie ist leicht und robust und hat einen ergonomischen Griff aus PVC, der perfekt in der Hand liegt.<\/p>\n<p>Ungef\u00e4hre Gesamtabmessungen: 40x26x17cm (LxBxH)<br \/>\nUngef\u00e4hre Abmessungen der Schaufel: 24x26x10cm (LxBxH).<\/p>\n<p>(\u00fcbersetzt mit www.deepL.com)<\/p>\n","protected":false},"excerpt":{"rendered":"<p>Diese Reinigungsschaufel aus rostfreiem Stahl erleichtert das Entfernen von verschmutzter Einstreu aus Ihrem H\u00fchnerstall. Sie ist leicht und robust und hat einen ergonomischen Griff aus PVC, der perfekt in der Hand liegt. Ungef\u00e4hre Gesamtabmessungen: 40x26x17cm (LxBxH) Ungef\u00e4hre Abmessungen der Schaufel: 24x26x10cm (LxBxH). (\u00fcbersetzt mit www.deepL.com)<\/p>\n","protected":false},"featured_media":36965,"template":"","meta":{"_acf_changed":false,"wds_primary_product_brand":0,"wds_primary_product_cat":0},"product_brand":[],"product_cat":[455],"product_tag":[],"class_list":{"0":"post-43229","1":"product","2":"type-product","3":"status-publish","4":"has-post-thumbnail","6":"product_cat-reinigung","8":"first","9":"instock","10":"taxable","11":"shipping-taxable","12":"purchasable","13":"product-type-simple"},"acf":[],"_links":{"self":[{"href":"https:\/\/netpet.ch\/de\/wp-json\/wp\/v2\/product\/43229","targetHints":{"allow":["GET"]}}],"collection":[{"href":"https:\/\/netpet.ch\/de\/wp-json\/wp\/v2\/product"}],"about":[{"href":"https:\/\/netpet.ch\/de\/wp-json\/wp\/v2\/types\/product"}],"wp:featuredmedia":[{"embeddable":true,"href":"https:\/\/netpet.ch\/de\/wp-json\/wp\/v2\/media\/36965"}],"wp:attachment":[{"href":"https:\/\/netpet.ch\/de\/wp-json\/wp\/v2\/media?parent=43229"}],"wp:term":[{"taxonomy":"product_brand","embeddable":true,"href":"https:\/\/netpet.ch\/de\/wp-json\/wp\/v2\/product_brand?post=43229"},{"taxonomy":"product_cat","embeddable":true,"href":"https:\/\/netpet.ch\/de\/wp-json\/wp\/v2\/product_cat?post=43229"},{"taxonomy":"product_tag","embeddable":true,"href":"https:\/\/netpet.ch\/de\/wp-json\/wp\/v2\/product_tag?post=43229"}],"curies":[{"name":"wp","href":"https:\/\/api.w.org\/{rel}","templated":true}]}}