{"id":43232,"date":"2023-03-10T23:53:58","date_gmt":"2023-03-10T22:53:58","guid":{"rendered":"https:\/\/dev.netpet.ch\/produit\/systeme-dabreuvoir-automatique-coupelle-rouge-avec-flotteur\/"},"modified":"2023-08-19T17:09:54","modified_gmt":"2023-08-19T15:09:54","slug":"systeme-dabreuvoir-automatique-coupelle-rouge-avec-flotteur","status":"publish","type":"product","link":"https:\/\/netpet.ch\/de\/produit\/systeme-dabreuvoir-automatique-coupelle-rouge-avec-flotteur\/","title":{"rendered":"Automatisches Tr\u00e4nkesystem - Rote Beckentr\u00e4nke mit Schwimmerventil"},"content":{"rendered":"<p>Diese Beckentr\u00e4nken sind aus hochwertigem Kunststoff hergestellt und sind UV-Strahlen-best\u00e4ndig. Die gelbe Zunge f\u00e4llt gut auf und die Kombination mit der Farbe Rot ergibt ein sch\u00f6nes Ganze. Das runde Modell hat keine N\u00e4hte oder Schlitze und ist dadurch sehr leicht zu s\u00e4ubern.<\/p>\n<p>Das Risiko einer Leckage ist wirklich minimal. Die gro\u00dfen Beckentr\u00e4nken funktionieren mithilfe eines Schwimmerventils: die Beckentr\u00e4nke wird mit Wasser gef\u00fcllt und, sobald das Schwimmerventil zu treiben anf\u00e4ngt, wird der Wasserzufuhr abgesetzt. Auf diese Weise verf\u00fcgen die Tiere immer \u00fcber sauberes Trinkwasser.<\/p>\n<p>Die Beckentr\u00e4nken sind schon montiert, die anderen Teile des TrInksystems werden separat geliefert und sind ganz einfach zu montieren durch ihre Schraubgewinde.\u00a0 Das DHSZ Trinksystem ist sehr leicht an den Maschendraht zu befestigen, dank der inbegriffenen Fl\u00fcgelmutter. <span class=\"Y2IQFc\" lang=\"de\">Es sind keine Werkzeuge erforderlich.<\/span><\/p>\n<p><em><strong>Achtung:<\/strong> dieses Trinksystem ist nur mit einem <strong>niedrigen Wasserdruck<\/strong> zu verwenden. M\u00f6chten Sie das Trinksystem doch an einen hohen Wasserdruck anschlie\u00dfen (zum Beispiel direkt an die Wasserleitung), dann muss\u00a0 ein Wasserbeh\u00e4lter mit Schwimmerventil verwendet werden (Produktcode: olnl-vb8z). Der maximale zugestandene Wasserdruck ist der, der bei einem H\u00f6henunterschied von 40cm zwischen der Beckentr\u00e4nke und dem Wasserspiegel im Wasserbeh\u00e4lter mit Schwimmerventil entsteht.<\/em><\/p>\n<p>Das T-St\u00fcck 10x7x10mm (auf dem dritten Foto abgebildet) ist separat erh\u00e4ltlich. Mit diesem T-St\u00fcck (Produktcode: olnl-t10710) wird ihr Trinksystem ganz komplett. Dieses T-St\u00fcck kann direkt an die Beckentr\u00e4nken montiert werden und ist leicht an ein PVC-Rohr\/-Schlauch anzuschlie\u00dfen (Produktcode: olnl-s9z-1_bySPS und olnl-s9z-50S9Z).<\/p>\n<p>(\u00fcbersetzt mit www.deepL.com)<\/p>\n","protected":false},"excerpt":{"rendered":"<p>Inklusive Fl\u00fcgelmutter zur Befestigung an einem Maschendraht.<\/p>\n","protected":false},"featured_media":45312,"template":"","meta":{"_acf_changed":false,"wds_primary_product_brand":0,"wds_primary_product_cat":0},"product_brand":[],"product_cat":[433],"product_tag":[],"class_list":{"0":"post-43232","1":"product","2":"type-product","3":"status-publish","4":"has-post-thumbnail","6":"product_cat-tranken","8":"first","9":"instock","10":"taxable","11":"shipping-taxable","12":"purchasable","13":"product-type-simple"},"acf":[],"_links":{"self":[{"href":"https:\/\/netpet.ch\/de\/wp-json\/wp\/v2\/product\/43232","targetHints":{"allow":["GET"]}}],"collection":[{"href":"https:\/\/netpet.ch\/de\/wp-json\/wp\/v2\/product"}],"about":[{"href":"https:\/\/netpet.ch\/de\/wp-json\/wp\/v2\/types\/product"}],"wp:featuredmedia":[{"embeddable":true,"href":"https:\/\/netpet.ch\/de\/wp-json\/wp\/v2\/media\/45312"}],"wp:attachment":[{"href":"https:\/\/netpet.ch\/de\/wp-json\/wp\/v2\/media?parent=43232"}],"wp:term":[{"taxonomy":"product_brand","embeddable":true,"href":"https:\/\/netpet.ch\/de\/wp-json\/wp\/v2\/product_brand?post=43232"},{"taxonomy":"product_cat","embeddable":true,"href":"https:\/\/netpet.ch\/de\/wp-json\/wp\/v2\/product_cat?post=43232"},{"taxonomy":"product_tag","embeddable":true,"href":"https:\/\/netpet.ch\/de\/wp-json\/wp\/v2\/product_tag?post=43232"}],"curies":[{"name":"wp","href":"https:\/\/api.w.org\/{rel}","templated":true}]}}