{"id":43233,"date":"2023-03-10T23:53:38","date_gmt":"2023-03-10T22:53:38","guid":{"rendered":"https:\/\/dev.netpet.ch\/produit\/systeme-dabreuvoir-automatique-coupelle-8cm-en-inox\/"},"modified":"2023-08-19T17:34:18","modified_gmt":"2023-08-19T15:34:18","slug":"systeme-dabreuvoir-automatique-coupelle-8cm-en-inox","status":"publish","type":"product","link":"https:\/\/netpet.ch\/de\/produit\/systeme-dabreuvoir-automatique-coupelle-8cm-en-inox\/","title":{"rendered":"Automatisches Tr\u00e4nkesystem - Schale aus Edelstahl, 8cm"},"content":{"rendered":"<p>Die Tr\u00e4nke ist f\u00fcr alle Arten von Kleintieren geeignet: H\u00fchner, Kaninchen, Tauben, V\u00f6gel, ... Sie l\u00e4sst sich leicht am Maschendraht befestigen und mit ihrem Deckel an ein Tr\u00e4nkesystem mit einem 9mm PVC-Schlauch anschlie\u00dfen (Produktcode: olnl-s9z-1_bySPS und olnl-s9z-50).<\/p>\n<p>Das braune Kunststoffgestell verf\u00fcgt \u00fcber ein Schwimmerventil, das den Wasserzulauf aus einem Beh\u00e4lter reguliert. Eine Ablassschraube an der Unterseite der Tr\u00e4nke erleichtert das Entleeren und Reinigen der Tr\u00e4nke.<\/p>\n<p>Die Schale ist mit Edelstahl beschichtet.<\/p>\n<p>Ungef\u00e4hre Abmessungen der Tr\u00e4nke: 14x12x16cm (HxBxT)<br \/>\nUngef\u00e4hre Abmessungen der Schale: 3.5x8x8cm (HxBxT).<\/p>\n<p><em><strong>Achtung:<\/strong> dieses Trinksystem ist nur mit einem <strong>niedrigen Wasserdruck<\/strong> zu verwenden. M\u00f6chten Sie das Trinksystem doch an einen hohen Wasserdruck anschlie\u00dfen (zum Beispiel direkt an die Wasserleitung), dann muss\u00a0 ein Wasserbeh\u00e4lter mit Schwimmerventil verwendet werden (Produktcode: olnl-vb8z).<\/em><\/p>\n<p>(\u00fcbersetzt mit www.deepL.com)<\/p>\n","protected":false},"excerpt":{"rendered":"<p>Die Tr\u00e4nke ist f\u00fcr alle Arten von Kleintieren geeignet: H\u00fchner, Kaninchen, Tauben, V\u00f6gel, ... Sie l\u00e4sst sich leicht am Maschendraht befestigen und mit ihrem Deckel an ein Tr\u00e4nkesystem mit einem 9mm PVC-Schlauch anschlie\u00dfen (Produktcode: olnl-s9z-1_bySPS und olnl-s9z-50). Das braune Kunststoffgestell verf\u00fcgt \u00fcber ein Schwimmerventil, das den Wasserzulauf aus einem Beh\u00e4lter reguliert. Eine Ablassschraube an der [&hellip;]<\/p>\n","protected":false},"featured_media":43270,"template":"","meta":{"_acf_changed":false,"wds_primary_product_brand":0,"wds_primary_product_cat":0},"product_brand":[],"product_cat":[433],"product_tag":[],"class_list":{"0":"post-43233","1":"product","2":"type-product","3":"status-publish","4":"has-post-thumbnail","6":"product_cat-tranken","8":"first","9":"instock","10":"taxable","11":"shipping-taxable","12":"purchasable","13":"product-type-simple"},"acf":[],"_links":{"self":[{"href":"https:\/\/netpet.ch\/de\/wp-json\/wp\/v2\/product\/43233","targetHints":{"allow":["GET"]}}],"collection":[{"href":"https:\/\/netpet.ch\/de\/wp-json\/wp\/v2\/product"}],"about":[{"href":"https:\/\/netpet.ch\/de\/wp-json\/wp\/v2\/types\/product"}],"wp:featuredmedia":[{"embeddable":true,"href":"https:\/\/netpet.ch\/de\/wp-json\/wp\/v2\/media\/43270"}],"wp:attachment":[{"href":"https:\/\/netpet.ch\/de\/wp-json\/wp\/v2\/media?parent=43233"}],"wp:term":[{"taxonomy":"product_brand","embeddable":true,"href":"https:\/\/netpet.ch\/de\/wp-json\/wp\/v2\/product_brand?post=43233"},{"taxonomy":"product_cat","embeddable":true,"href":"https:\/\/netpet.ch\/de\/wp-json\/wp\/v2\/product_cat?post=43233"},{"taxonomy":"product_tag","embeddable":true,"href":"https:\/\/netpet.ch\/de\/wp-json\/wp\/v2\/product_tag?post=43233"}],"curies":[{"name":"wp","href":"https:\/\/api.w.org\/{rel}","templated":true}]}}