{"id":43234,"date":"2023-03-10T23:53:30","date_gmt":"2023-03-10T22:53:30","guid":{"rendered":"https:\/\/dev.netpet.ch\/produit\/systeme-dabreuvoir-automatique-pipette\/"},"modified":"2024-10-18T20:31:04","modified_gmt":"2024-10-18T18:31:04","slug":"systeme-dabreuvoir-automatique-pipette","status":"publish","type":"product","link":"https:\/\/netpet.ch\/de\/produit\/systeme-dabreuvoir-automatique-pipette\/","title":{"rendered":"Automatisches Tr\u00e4nkesystem - Nippeltr\u00e4nke"},"content":{"rendered":"<p>Dieses automatische Nippeltr\u00e4nkesystem eignet sich besonders f\u00fcr die Aufzucht von K\u00fcken oder kleinen Gefl\u00fcgelbest\u00e4nden.<\/p>\n<p>Es bietet viele Vorteile:<br \/>\n\u2022 Wasser bleibt sauber und Einstreu bleibt trocken, da die Tiere aus dem Nippel trinken<br \/>\n\u2022 hochwertiger Nippel aus extra hartem Kunststoff und rostfreiem Stahl<br \/>\n\u2022 einfache Montage am Maschendraht mithilfe der mitgelieferten Fl\u00fcgelmutter; es sind keine Werkzeuge erforderlich<br \/>\n\u2022 mehrere Tr\u00e4nken k\u00f6nnen \u00fcber eine einzige Wasserleitung versorgt werden.<\/p>\n<p><em><strong>Achtung<\/strong>: dieses Trinksystem ist nur mit einem <strong>niedrigen Wasserdruck<\/strong> zu verwenden. M\u00f6chten Sie das Trinksystem doch an einen hohen Wasserdruck anschlie\u00dfen (zum Beispiel direkt an die Wasserleitung), dann muss ein Wasserbeh\u00e4lter mit Schwimmerventil verwendet werden (Produktcode: olnl-vb8z). Der maximale zugestandene Wasserdruck ist der, der bei einem H\u00f6henunterschied von 40cm zwischen der Nippeltr\u00e4nke und dem Wasserspiegel im Wasserbeh\u00e4lter mit Schwimmerventil entsteht.<\/em><\/p>\n<p>Das T-St\u00fcck 10x7x10mm (auf dem letzten Foto abgebildet) ist separat erh\u00e4ltlich. Mit diesem T-St\u00fcck (Produktcode: olnl-t10710) wird ihr Trinksystem ganz komplett. Dieses T-St\u00fcck kann direkt an die Nippeltr\u00e4nken montiert werden und ist leicht an ein PVC-Rohr\/-Schlauch anzuschlie\u00dfen (Produktcode: olnl-s9z-1_bySPS und olnl-s9z-50).<\/p>\n<p>(\u00fcbersetzt mit www.deepL.com)<\/p>\n","protected":false},"excerpt":{"rendered":"<p>Inklusive Fl\u00fcgelmutter zur Befestigung an einem Maschendraht.<\/p>\n","protected":false},"featured_media":45300,"template":"","meta":{"_acf_changed":false,"wds_primary_product_brand":0,"wds_primary_product_cat":0},"product_brand":[],"product_cat":[433],"product_tag":[],"class_list":{"0":"post-43234","1":"product","2":"type-product","3":"status-publish","4":"has-post-thumbnail","6":"product_cat-tranken","8":"first","9":"instock","10":"taxable","11":"shipping-taxable","12":"purchasable","13":"product-type-simple"},"acf":[],"_links":{"self":[{"href":"https:\/\/netpet.ch\/de\/wp-json\/wp\/v2\/product\/43234","targetHints":{"allow":["GET"]}}],"collection":[{"href":"https:\/\/netpet.ch\/de\/wp-json\/wp\/v2\/product"}],"about":[{"href":"https:\/\/netpet.ch\/de\/wp-json\/wp\/v2\/types\/product"}],"wp:featuredmedia":[{"embeddable":true,"href":"https:\/\/netpet.ch\/de\/wp-json\/wp\/v2\/media\/45300"}],"wp:attachment":[{"href":"https:\/\/netpet.ch\/de\/wp-json\/wp\/v2\/media?parent=43234"}],"wp:term":[{"taxonomy":"product_brand","embeddable":true,"href":"https:\/\/netpet.ch\/de\/wp-json\/wp\/v2\/product_brand?post=43234"},{"taxonomy":"product_cat","embeddable":true,"href":"https:\/\/netpet.ch\/de\/wp-json\/wp\/v2\/product_cat?post=43234"},{"taxonomy":"product_tag","embeddable":true,"href":"https:\/\/netpet.ch\/de\/wp-json\/wp\/v2\/product_tag?post=43234"}],"curies":[{"name":"wp","href":"https:\/\/api.w.org\/{rel}","templated":true}]}}