{"id":43242,"date":"2023-03-10T23:51:17","date_gmt":"2023-03-10T22:51:17","guid":{"rendered":"https:\/\/dev.netpet.ch\/produit\/drinkwell-kit-de-nettoyage-pour-fontaine\/"},"modified":"2025-12-08T07:43:32","modified_gmt":"2025-12-08T06:43:32","slug":"drinkwell-kit-de-nettoyage-pour-fontaine","status":"publish","type":"product","link":"https:\/\/netpet.ch\/de\/produit\/drinkwell-kit-de-nettoyage-pour-fontaine\/","title":{"rendered":"Drinkwell - Reinigungsset f\u00fcr Trinkbrunnen"},"content":{"rendered":"<p>Das Petsafe Brunnenreinigungsset bietet eine einfache und praktische M\u00f6glichkeit, den Wasserspender Ihres vierbeinigen Freundes sauber zu halten.<\/p>\n<p>Es besteht aus drei B\u00fcrsten und ist ideal f\u00fcr die Reinigung des Brunnens und der Pumpe.<\/p>\n<p>Die gro\u00dfe B\u00fcrste mit ihrer schwammigen Oberseite eignet sich perfekt zum Einseifen der W\u00e4nde und der Schale des Wasserspenders; die kleine, flexible B\u00fcrste entfernt m\u00fchelos Schmutz und Ablagerungen von der Pumpe; die mittelgro\u00dfe, harte B\u00fcrste reinigt alle anderen Teile des Wasserspenders.<\/p>\n<p>Eine regelm\u00e4\u00dfige und h\u00e4ufige Reinigung verl\u00e4ngert die Lebensdauer des Brunnens.<\/p>\n<p>Abmessungen:<br \/>\n- gro\u00dfe B\u00fcrste: 32cm lang, Kopf mit einem Durchmesser von 5cm<br \/>\n- mittlere B\u00fcrste: L\u00e4nge 31cm, Kopf mit einem Durchmesser von 2cm.<br \/>\n- kleine B\u00fcrste: L\u00e4nge 14cm, Kopf mit einem Durchmesser von 1cm.<\/p>\n<p>(\u00fcbersetzt mit www.deepL.com)<\/p>\n","protected":false},"excerpt":{"rendered":"<p>Das Petsafe Brunnenreinigungsset bietet eine einfache und praktische M\u00f6glichkeit, den Wasserspender Ihres vierbeinigen Freundes sauber zu halten. Es besteht aus drei B\u00fcrsten und ist ideal f\u00fcr die Reinigung des Brunnens und der Pumpe. Die gro\u00dfe B\u00fcrste mit ihrer schwammigen Oberseite eignet sich perfekt zum Einseifen der W\u00e4nde und der Schale des Wasserspenders; die kleine, flexible [&hellip;]<\/p>\n","protected":false},"featured_media":38188,"template":"","meta":{"_acf_changed":false,"wds_primary_product_brand":0,"wds_primary_product_cat":0},"product_brand":[],"product_cat":[481,520],"product_tag":[],"class_list":{"0":"post-43242","1":"product","2":"type-product","3":"status-publish","4":"has-post-thumbnail","6":"product_cat-ersatzfilter-und-ersatzteile","7":"product_cat-trinkbrunnen-hunde","9":"first","10":"instock","11":"taxable","12":"shipping-taxable","13":"purchasable","14":"product-type-simple"},"acf":[],"_links":{"self":[{"href":"https:\/\/netpet.ch\/de\/wp-json\/wp\/v2\/product\/43242","targetHints":{"allow":["GET"]}}],"collection":[{"href":"https:\/\/netpet.ch\/de\/wp-json\/wp\/v2\/product"}],"about":[{"href":"https:\/\/netpet.ch\/de\/wp-json\/wp\/v2\/types\/product"}],"wp:featuredmedia":[{"embeddable":true,"href":"https:\/\/netpet.ch\/de\/wp-json\/wp\/v2\/media\/38188"}],"wp:attachment":[{"href":"https:\/\/netpet.ch\/de\/wp-json\/wp\/v2\/media?parent=43242"}],"wp:term":[{"taxonomy":"product_brand","embeddable":true,"href":"https:\/\/netpet.ch\/de\/wp-json\/wp\/v2\/product_brand?post=43242"},{"taxonomy":"product_cat","embeddable":true,"href":"https:\/\/netpet.ch\/de\/wp-json\/wp\/v2\/product_cat?post=43242"},{"taxonomy":"product_tag","embeddable":true,"href":"https:\/\/netpet.ch\/de\/wp-json\/wp\/v2\/product_tag?post=43242"}],"curies":[{"name":"wp","href":"https:\/\/api.w.org\/{rel}","templated":true}]}}