{"id":43243,"date":"2023-03-10T23:51:05","date_gmt":"2023-03-10T22:51:05","guid":{"rendered":"https:\/\/dev.netpet.ch\/produit\/powerheat-ampoule-infrarouge-100w-2\/"},"modified":"2023-12-10T19:09:05","modified_gmt":"2023-12-10T18:09:05","slug":"powerheat-ampoule-infrarouge-100w-2","status":"publish","type":"product","link":"https:\/\/netpet.ch\/de\/produit\/powerheat-ampoule-infrarouge-100w-2\/","title":{"rendered":"Powerheat - Infrarotlampe 100W"},"content":{"rendered":"<p>Diese energiesparende Infrarot-W\u00e4rmelampe mit E27-Sockel hat eine Leistung von 100 Watt. Sie ist aus dickem Glas hergestellt, wodurch sie spritzwassergesch\u00fctzt ist und sich insbesondere f\u00fcr die Aufzucht von Wasserv\u00f6geln eignet.<\/p>\n<p>(\u00fcbersetzt mit www.deepL.com)<\/p>\n","protected":false},"excerpt":{"rendered":"<p>Diese energiesparende Infrarot-W\u00e4rmelampe mit E27-Sockel hat eine Leistung von 100 Watt. Sie ist aus dickem Glas hergestellt, wodurch sie spritzwassergesch\u00fctzt ist und sich insbesondere f\u00fcr die Aufzucht von Wasserv\u00f6geln eignet. (\u00fcbersetzt mit www.deepL.com)<\/p>\n","protected":false},"featured_media":46372,"template":"","meta":{"_acf_changed":false,"wds_primary_product_brand":0,"wds_primary_product_cat":0},"product_brand":[],"product_cat":[453],"product_tag":[],"class_list":{"0":"post-43243","1":"product","2":"type-product","3":"status-publish","4":"has-post-thumbnail","6":"product_cat-kuekenaufzucht-zubehoer","8":"first","9":"instock","10":"taxable","11":"shipping-taxable","12":"purchasable","13":"product-type-simple"},"acf":[],"_links":{"self":[{"href":"https:\/\/netpet.ch\/de\/wp-json\/wp\/v2\/product\/43243","targetHints":{"allow":["GET"]}}],"collection":[{"href":"https:\/\/netpet.ch\/de\/wp-json\/wp\/v2\/product"}],"about":[{"href":"https:\/\/netpet.ch\/de\/wp-json\/wp\/v2\/types\/product"}],"wp:featuredmedia":[{"embeddable":true,"href":"https:\/\/netpet.ch\/de\/wp-json\/wp\/v2\/media\/46372"}],"wp:attachment":[{"href":"https:\/\/netpet.ch\/de\/wp-json\/wp\/v2\/media?parent=43243"}],"wp:term":[{"taxonomy":"product_brand","embeddable":true,"href":"https:\/\/netpet.ch\/de\/wp-json\/wp\/v2\/product_brand?post=43243"},{"taxonomy":"product_cat","embeddable":true,"href":"https:\/\/netpet.ch\/de\/wp-json\/wp\/v2\/product_cat?post=43243"},{"taxonomy":"product_tag","embeddable":true,"href":"https:\/\/netpet.ch\/de\/wp-json\/wp\/v2\/product_tag?post=43243"}],"curies":[{"name":"wp","href":"https:\/\/api.w.org\/{rel}","templated":true}]}}