{"id":43248,"date":"2023-03-10T23:50:10","date_gmt":"2023-03-10T22:50:10","guid":{"rendered":"https:\/\/dev.netpet.ch\/produit\/cable-chauffant-pour-abreuvoir\/"},"modified":"2026-01-07T19:06:50","modified_gmt":"2026-01-07T18:06:50","slug":"cable-chauffant-pour-abreuvoir","status":"publish","type":"product","link":"https:\/\/netpet.ch\/de\/produit\/cable-chauffant-pour-abreuvoir\/","title":{"rendered":"Tr\u00e4nke Heizkabel"},"content":{"rendered":"<p>Mit diesem 80 cm langen Heizkabel f\u00fcr Tr\u00e4nken k\u00f6nnen Sie die Tr\u00e4nken von Gefl\u00fcgel, Nagetieren oder V\u00f6geln frostfrei halten.<\/p>\n<p>Es besteht aus Silikon und ist mit einem \u00dcberzug aus rostfreiem Stahl versehen, der f\u00fcr eine h\u00f6here Widerstandsf\u00e4higkeit sorgt. Auch sein geringer Verbrauch von 10 Watt ist bemerkenswert.<\/p>\n<p>Hinweis: Achten Sie darauf, dass das Kabel richtig in der Tr\u00e4nke liegt, bevor Sie es mit dem Adapter verbinden.<\/p>\n<p>2.2m langes Anschlusskabel und Adapter 230vac &gt; 24vdc (1,2amp) im Lieferumfang enthalten.<\/p>\n<p>(\u00fcbersetzt mit www.deepL.com)<\/p>\n","protected":false},"excerpt":{"rendered":"<p>Mit diesem 80 cm langen Heizkabel f\u00fcr Tr\u00e4nken k\u00f6nnen Sie die Tr\u00e4nken von Gefl\u00fcgel, Nagetieren oder V\u00f6geln frostfrei halten. Es besteht aus Silikon und ist mit einem \u00dcberzug aus rostfreiem Stahl versehen, der f\u00fcr eine h\u00f6here Widerstandsf\u00e4higkeit sorgt. Auch sein geringer Verbrauch von 10 Watt ist bemerkenswert. Hinweis: Achten Sie darauf, dass das Kabel richtig [&hellip;]<\/p>\n","protected":false},"featured_media":37028,"template":"","meta":{"_acf_changed":false,"wds_primary_product_brand":0,"wds_primary_product_cat":0},"product_brand":[],"product_cat":[433,434],"product_tag":[],"class_list":{"0":"post-43248","1":"product","2":"type-product","3":"status-publish","4":"has-post-thumbnail","6":"product_cat-tranken","7":"product_cat-zubehoer","9":"first","10":"instock","11":"taxable","12":"shipping-taxable","13":"purchasable","14":"product-type-simple"},"acf":[],"_links":{"self":[{"href":"https:\/\/netpet.ch\/de\/wp-json\/wp\/v2\/product\/43248","targetHints":{"allow":["GET"]}}],"collection":[{"href":"https:\/\/netpet.ch\/de\/wp-json\/wp\/v2\/product"}],"about":[{"href":"https:\/\/netpet.ch\/de\/wp-json\/wp\/v2\/types\/product"}],"wp:featuredmedia":[{"embeddable":true,"href":"https:\/\/netpet.ch\/de\/wp-json\/wp\/v2\/media\/37028"}],"wp:attachment":[{"href":"https:\/\/netpet.ch\/de\/wp-json\/wp\/v2\/media?parent=43248"}],"wp:term":[{"taxonomy":"product_brand","embeddable":true,"href":"https:\/\/netpet.ch\/de\/wp-json\/wp\/v2\/product_brand?post=43248"},{"taxonomy":"product_cat","embeddable":true,"href":"https:\/\/netpet.ch\/de\/wp-json\/wp\/v2\/product_cat?post=43248"},{"taxonomy":"product_tag","embeddable":true,"href":"https:\/\/netpet.ch\/de\/wp-json\/wp\/v2\/product_tag?post=43248"}],"curies":[{"name":"wp","href":"https:\/\/api.w.org\/{rel}","templated":true}]}}