{"id":43249,"date":"2023-03-10T23:49:48","date_gmt":"2023-03-10T22:49:48","guid":{"rendered":"https:\/\/dev.netpet.ch\/produit\/plateau-a-oeufs-pour-30-oeufs-3\/"},"modified":"2025-05-09T11:50:10","modified_gmt":"2025-05-09T09:50:10","slug":"plateau-a-oeufs-pour-30-oeufs-3","status":"publish","type":"product","link":"https:\/\/netpet.ch\/de\/produit\/plateau-a-oeufs-pour-30-oeufs-3\/","title":{"rendered":"Eierhorde f\u00fcr 30 Eier"},"content":{"rendered":"<p>Robuste Eierplatte aus Kunststoff in einem sch\u00f6nen Gelbton f\u00fcr 30 H\u00fchnereier.<\/p>\n<p>Nicht kompatibel mit den anderen Eierhorden, die im Online-Shop netpet.ch angeboten werden.<\/p>\n<p>(\u00fcbersetzt mit www.deepL.com)<\/p>\n","protected":false},"excerpt":{"rendered":"<p>Robuste Eierplatte aus Kunststoff in einem sch\u00f6nen Gelbton f\u00fcr 30 H\u00fchnereier. Nicht kompatibel mit den anderen Eierhorden, die im Online-Shop netpet.ch angeboten werden. (\u00fcbersetzt mit www.deepL.com)<\/p>\n","protected":false},"featured_media":35767,"template":"","meta":{"_acf_changed":false,"wds_primary_product_brand":0,"wds_primary_product_cat":0},"product_brand":[],"product_cat":[436],"product_tag":[],"class_list":{"0":"post-43249","1":"product","2":"type-product","3":"status-publish","4":"has-post-thumbnail","6":"product_cat-eierschachteln-und-horden","8":"first","9":"outofstock","10":"taxable","11":"shipping-taxable","12":"purchasable","13":"product-type-simple"},"acf":[],"_links":{"self":[{"href":"https:\/\/netpet.ch\/de\/wp-json\/wp\/v2\/product\/43249","targetHints":{"allow":["GET"]}}],"collection":[{"href":"https:\/\/netpet.ch\/de\/wp-json\/wp\/v2\/product"}],"about":[{"href":"https:\/\/netpet.ch\/de\/wp-json\/wp\/v2\/types\/product"}],"wp:featuredmedia":[{"embeddable":true,"href":"https:\/\/netpet.ch\/de\/wp-json\/wp\/v2\/media\/35767"}],"wp:attachment":[{"href":"https:\/\/netpet.ch\/de\/wp-json\/wp\/v2\/media?parent=43249"}],"wp:term":[{"taxonomy":"product_brand","embeddable":true,"href":"https:\/\/netpet.ch\/de\/wp-json\/wp\/v2\/product_brand?post=43249"},{"taxonomy":"product_cat","embeddable":true,"href":"https:\/\/netpet.ch\/de\/wp-json\/wp\/v2\/product_cat?post=43249"},{"taxonomy":"product_tag","embeddable":true,"href":"https:\/\/netpet.ch\/de\/wp-json\/wp\/v2\/product_tag?post=43249"}],"curies":[{"name":"wp","href":"https:\/\/api.w.org\/{rel}","templated":true}]}}