{"id":43642,"date":"2023-03-13T07:51:56","date_gmt":"2023-03-13T06:51:56","guid":{"rendered":"https:\/\/netpet.ch\/produit\/pelle-a-grains-en-aluminium-diverses-tailles\/"},"modified":"2024-01-13T09:37:35","modified_gmt":"2024-01-13T08:37:35","slug":"pelle-a-grains-en-aluminium-diverses-tailles","status":"publish","type":"product","link":"https:\/\/netpet.ch\/de\/produit\/pelle-a-grains-en-aluminium-diverses-tailles\/","title":{"rendered":"Aluminium Futterdosier-Schaufel - Verschiedene Gr\u00f6ssen"},"content":{"rendered":"<p>Diese Futterschaufeln sind perfekt, um die verschiedenen Futtertr\u00f6ge Ihres Gefl\u00fcgels leicht zu bef\u00fcllen. Aus Aluminium gefertigt, sind sie robust und leicht.<\/p>\n<p>Erh\u00e4ltlich in zwei Gr\u00f6\u00dfen:<br \/>\n- Gesamtl\u00e4nge 27cm, L\u00e4nge des L\u00f6ffels 18cm, Fassungsverm\u00f6gen 600ml.<br \/>\n- Gesamtl\u00e4nge von 31cm, L\u00e4nge des L\u00f6ffels 22cm, Fassungsverm\u00f6gen 1000ml.<\/p>\n<p>(\u00fcbersetzt mit www.deepL.com)<\/p>\n","protected":false},"excerpt":{"rendered":"<p>Diese Futterschaufeln sind perfekt, um die verschiedenen Futtertr\u00f6ge Ihres Gefl\u00fcgels leicht zu bef\u00fcllen. Aus Aluminium gefertigt, sind sie robust und leicht. Erh\u00e4ltlich in zwei Gr\u00f6\u00dfen: - Gesamtl\u00e4nge 27cm, L\u00e4nge des L\u00f6ffels 18cm, Fassungsverm\u00f6gen 600ml. - Gesamtl\u00e4nge von 31cm, L\u00e4nge des L\u00f6ffels 22cm, Fassungsverm\u00f6gen 1000ml. (\u00fcbersetzt mit www.deepL.com)<\/p>\n","protected":false},"featured_media":43433,"template":"","meta":{"_acf_changed":false,"wds_primary_product_brand":0,"wds_primary_product_cat":0},"product_brand":[],"product_cat":[452,434],"product_tag":[],"class_list":{"0":"post-43642","1":"product","2":"type-product","3":"status-publish","4":"has-post-thumbnail","6":"product_cat-futterautomaten","7":"product_cat-zubehoer","9":"first","10":"instock","11":"taxable","12":"shipping-taxable","13":"purchasable","14":"product-type-variable"},"acf":[],"_links":{"self":[{"href":"https:\/\/netpet.ch\/de\/wp-json\/wp\/v2\/product\/43642","targetHints":{"allow":["GET"]}}],"collection":[{"href":"https:\/\/netpet.ch\/de\/wp-json\/wp\/v2\/product"}],"about":[{"href":"https:\/\/netpet.ch\/de\/wp-json\/wp\/v2\/types\/product"}],"wp:featuredmedia":[{"embeddable":true,"href":"https:\/\/netpet.ch\/de\/wp-json\/wp\/v2\/media\/43433"}],"wp:attachment":[{"href":"https:\/\/netpet.ch\/de\/wp-json\/wp\/v2\/media?parent=43642"}],"wp:term":[{"taxonomy":"product_brand","embeddable":true,"href":"https:\/\/netpet.ch\/de\/wp-json\/wp\/v2\/product_brand?post=43642"},{"taxonomy":"product_cat","embeddable":true,"href":"https:\/\/netpet.ch\/de\/wp-json\/wp\/v2\/product_cat?post=43642"},{"taxonomy":"product_tag","embeddable":true,"href":"https:\/\/netpet.ch\/de\/wp-json\/wp\/v2\/product_tag?post=43642"}],"curies":[{"name":"wp","href":"https:\/\/api.w.org\/{rel}","templated":true}]}}