{"id":43668,"date":"2023-03-13T08:00:44","date_gmt":"2023-03-13T07:00:44","guid":{"rendered":"https:\/\/netpet.ch\/produit\/oeuf-factice-en-caoutchouc-pour-poule-56mm-lot-de-2-blanc-ou-brun\/"},"modified":"2025-06-24T12:49:10","modified_gmt":"2025-06-24T10:49:10","slug":"oeuf-factice-en-caoutchouc-pour-poule-56mm-lot-de-2-blanc-ou-brun","status":"publish","type":"product","link":"https:\/\/netpet.ch\/de\/produit\/oeuf-factice-en-caoutchouc-pour-poule-56mm-lot-de-2-blanc-ou-brun\/","title":{"rendered":"Gummi-Ei f\u00fcr Legeh\u00fchner, 56mm (2er-Pack) - Weiss oder braun"},"content":{"rendered":"<p>Falsche Nesteier k\u00f6nnen verschiedene Zwecke erf\u00fcllen:<br \/>\n\u2022 H\u00fchner dazu bringen, ihre Eier an der richtigen Stelle zu legen<br \/>\n\u2022 sie davon abhalten, ihre Eier zu fressen<br \/>\n\u2022 als Lockvogel dienen, wenn Eier aus einem Nest entfernt werden.<\/p>\n<p>Diese falschen Nesteier aus angenehmem, widerstandsf\u00e4higem Gummi sind 56x44mm gro\u00df und 65g schwer. Sie sind in Wei\u00df oder Braun erh\u00e4ltlich und werden im 2er-Set geliefert.<\/p>\n<p>(\u00fcbersetzt mit www.deepL.com)<\/p>\n","protected":false},"excerpt":{"rendered":"<p>Falsche Nesteier k\u00f6nnen verschiedene Zwecke erf\u00fcllen: \u2022 H\u00fchner dazu bringen, ihre Eier an der richtigen Stelle zu legen \u2022 sie davon abhalten, ihre Eier zu fressen \u2022 als Lockvogel dienen, wenn Eier aus einem Nest entfernt werden. Diese falschen Nesteier aus angenehmem, widerstandsf\u00e4higem Gummi sind 56x44mm gro\u00df und 65g schwer. Sie sind in Wei\u00df oder [&hellip;]<\/p>\n","protected":false},"featured_media":43444,"template":"","meta":{"_acf_changed":false,"wds_primary_product_brand":0,"wds_primary_product_cat":0},"product_brand":[],"product_cat":[456,434],"product_tag":[],"class_list":{"0":"post-43668","1":"product","2":"type-product","3":"status-publish","4":"has-post-thumbnail","6":"product_cat-legenester","7":"product_cat-zubehoer","9":"first","10":"instock","11":"taxable","12":"shipping-taxable","13":"purchasable","14":"product-type-variable"},"acf":[],"_links":{"self":[{"href":"https:\/\/netpet.ch\/de\/wp-json\/wp\/v2\/product\/43668","targetHints":{"allow":["GET"]}}],"collection":[{"href":"https:\/\/netpet.ch\/de\/wp-json\/wp\/v2\/product"}],"about":[{"href":"https:\/\/netpet.ch\/de\/wp-json\/wp\/v2\/types\/product"}],"wp:featuredmedia":[{"embeddable":true,"href":"https:\/\/netpet.ch\/de\/wp-json\/wp\/v2\/media\/43444"}],"wp:attachment":[{"href":"https:\/\/netpet.ch\/de\/wp-json\/wp\/v2\/media?parent=43668"}],"wp:term":[{"taxonomy":"product_brand","embeddable":true,"href":"https:\/\/netpet.ch\/de\/wp-json\/wp\/v2\/product_brand?post=43668"},{"taxonomy":"product_cat","embeddable":true,"href":"https:\/\/netpet.ch\/de\/wp-json\/wp\/v2\/product_cat?post=43668"},{"taxonomy":"product_tag","embeddable":true,"href":"https:\/\/netpet.ch\/de\/wp-json\/wp\/v2\/product_tag?post=43668"}],"curies":[{"name":"wp","href":"https:\/\/api.w.org\/{rel}","templated":true}]}}