{"id":43686,"date":"2023-03-13T09:20:32","date_gmt":"2023-03-13T08:20:32","guid":{"rendered":"https:\/\/netpet.ch\/produit\/danish-design-coussin-matelasse-a-motif-hibou-diverses-tailles\/"},"modified":"2026-01-01T21:57:07","modified_gmt":"2026-01-01T20:57:07","slug":"danish-design-coussin-matelasse-a-motif-hibou-diverses-tailles","status":"publish","type":"product","link":"https:\/\/netpet.ch\/de\/produit\/danish-design-coussin-matelasse-a-motif-hibou-diverses-tailles\/","title":{"rendered":"Danish Design - Liegekissen mit Eulenmotiv - Verschiedene Gr\u00f6ssen"},"content":{"rendered":"<p>Das gesteppte Kissen mit Eulenmotiv der Marke Danish Design bietet Hunden und Katzen einen bequemen, kuscheligen und sicheren Ruheplatz.<\/p>\n<p>Es hat eine ovale Form, ist aus hochwertigem Stoff aus 100% Baumwolle gefertigt und bietet ein originalartiges Design, das von der britischen Landschaft inspiriert ist. Der Druck zeigt marinefarbene Eulenpaare auf einem subtilen weidenfarbenen Hintergrund. Die F\u00fcllung besteht aus thermischen Polyesterfasern, die Wohlbefinden, Weichheit und W\u00e4rme gew\u00e4hrleisten.<\/p>\n<p>Erh\u00e4ltlich in verschiedenen Gr\u00f6\u00dfen.<\/p>\n<p>(\u00fcbersetzt mit www.deepL.com)<\/p>\n","protected":false},"excerpt":{"rendered":"<p>Das gesteppte Kissen mit Eulenmotiv der Marke Danish Design bietet Hunden und Katzen einen bequemen, kuscheligen und sicheren Ruheplatz. Es hat eine ovale Form, ist aus hochwertigem Stoff aus 100% Baumwolle gefertigt und bietet ein originalartiges Design, das von der britischen Landschaft inspiriert ist. Der Druck zeigt marinefarbene Eulenpaare auf einem subtilen weidenfarbenen Hintergrund. Die [&hellip;]<\/p>\n","protected":false},"featured_media":46799,"template":"","meta":{"_acf_changed":false,"wds_primary_product_brand":0,"wds_primary_product_cat":0},"product_brand":[],"product_cat":[518,505],"product_tag":[],"class_list":{"0":"post-43686","1":"product","2":"type-product","3":"status-publish","4":"has-post-thumbnail","6":"product_cat-betten-kissen-und-decken-hunde","7":"product_cat-betten-kissen-und-decken-katzen","9":"first","10":"instock","11":"sale","12":"taxable","13":"shipping-taxable","14":"purchasable","15":"product-type-variable"},"acf":[],"_links":{"self":[{"href":"https:\/\/netpet.ch\/de\/wp-json\/wp\/v2\/product\/43686","targetHints":{"allow":["GET"]}}],"collection":[{"href":"https:\/\/netpet.ch\/de\/wp-json\/wp\/v2\/product"}],"about":[{"href":"https:\/\/netpet.ch\/de\/wp-json\/wp\/v2\/types\/product"}],"wp:featuredmedia":[{"embeddable":true,"href":"https:\/\/netpet.ch\/de\/wp-json\/wp\/v2\/media\/46799"}],"wp:attachment":[{"href":"https:\/\/netpet.ch\/de\/wp-json\/wp\/v2\/media?parent=43686"}],"wp:term":[{"taxonomy":"product_brand","embeddable":true,"href":"https:\/\/netpet.ch\/de\/wp-json\/wp\/v2\/product_brand?post=43686"},{"taxonomy":"product_cat","embeddable":true,"href":"https:\/\/netpet.ch\/de\/wp-json\/wp\/v2\/product_cat?post=43686"},{"taxonomy":"product_tag","embeddable":true,"href":"https:\/\/netpet.ch\/de\/wp-json\/wp\/v2\/product_tag?post=43686"}],"curies":[{"name":"wp","href":"https:\/\/api.w.org\/{rel}","templated":true}]}}