{"id":43696,"date":"2023-03-13T10:31:17","date_gmt":"2023-03-13T09:31:17","guid":{"rendered":"https:\/\/netpet.ch\/produit\/danish-design-coussin-matelasse-a-motif-tweed-diverses-tailles\/"},"modified":"2024-01-20T17:20:16","modified_gmt":"2024-01-20T16:20:16","slug":"danish-design-coussin-matelasse-a-motif-tweed-diverses-tailles","status":"publish","type":"product","link":"https:\/\/netpet.ch\/de\/produit\/danish-design-coussin-matelasse-a-motif-tweed-diverses-tailles\/","title":{"rendered":"Danish Design - Liegekissen mit Tweedmotiv - Verschiedene Gr\u00f6ssen"},"content":{"rendered":"<p>Das gesteppte Kissen mit Tweedmotiv der Marke Danish Design bietet Hunden und Katzen einen bequemen, kuscheligen und sicheren Ruheplatz.<\/p>\n<p>Es hat eine ovale Form und bietet mit seinem l\u00e4ndlich gr\u00fcnen Tweedstoff und dem beigem Kunstwildleder einen originalen und eleganten Stil, der vom britischen Erbe und den britischen Traditionen inspiriert ist.<\/p>\n<p>Es besteht aus hochwertigen, strapazierf\u00e4higen Materialien und ist mit thermischen Polyesterfasern gef\u00fcllt, die Wohlbefinden, Weichheit und W\u00e4rme gew\u00e4hrleisten.<\/p>\n<p>Erh\u00e4ltlich in verschiedenen Gr\u00f6\u00dfen.<\/p>\n<p>(\u00fcbersetzt mit www.deepL.com)<\/p>\n","protected":false},"excerpt":{"rendered":"<p>Das gesteppte Kissen mit Tweedmotiv der Marke Danish Design bietet Hunden und Katzen einen bequemen, kuscheligen und sicheren Ruheplatz. Es hat eine ovale Form und bietet mit seinem l\u00e4ndlich gr\u00fcnen Tweedstoff und dem beigem Kunstwildleder einen originalen und eleganten Stil, der vom britischen Erbe und den britischen Traditionen inspiriert ist. Es besteht aus hochwertigen, strapazierf\u00e4higen [&hellip;]<\/p>\n","protected":false},"featured_media":46755,"template":"","meta":{"_acf_changed":false,"wds_primary_product_brand":0,"wds_primary_product_cat":0},"product_brand":[],"product_cat":[518,505],"product_tag":[],"class_list":{"0":"post-43696","1":"product","2":"type-product","3":"status-publish","4":"has-post-thumbnail","6":"product_cat-betten-kissen-und-decken-hunde","7":"product_cat-betten-kissen-und-decken-katzen","9":"first","10":"instock","11":"sale","12":"taxable","13":"shipping-taxable","14":"purchasable","15":"product-type-variable"},"acf":[],"_links":{"self":[{"href":"https:\/\/netpet.ch\/de\/wp-json\/wp\/v2\/product\/43696","targetHints":{"allow":["GET"]}}],"collection":[{"href":"https:\/\/netpet.ch\/de\/wp-json\/wp\/v2\/product"}],"about":[{"href":"https:\/\/netpet.ch\/de\/wp-json\/wp\/v2\/types\/product"}],"wp:featuredmedia":[{"embeddable":true,"href":"https:\/\/netpet.ch\/de\/wp-json\/wp\/v2\/media\/46755"}],"wp:attachment":[{"href":"https:\/\/netpet.ch\/de\/wp-json\/wp\/v2\/media?parent=43696"}],"wp:term":[{"taxonomy":"product_brand","embeddable":true,"href":"https:\/\/netpet.ch\/de\/wp-json\/wp\/v2\/product_brand?post=43696"},{"taxonomy":"product_cat","embeddable":true,"href":"https:\/\/netpet.ch\/de\/wp-json\/wp\/v2\/product_cat?post=43696"},{"taxonomy":"product_tag","embeddable":true,"href":"https:\/\/netpet.ch\/de\/wp-json\/wp\/v2\/product_tag?post=43696"}],"curies":[{"name":"wp","href":"https:\/\/api.w.org\/{rel}","templated":true}]}}