{"id":43868,"date":"2023-04-17T07:35:28","date_gmt":"2023-04-17T05:35:28","guid":{"rendered":"https:\/\/netpet.ch\/?post_type=product&#038;p=43868"},"modified":"2026-02-17T20:40:32","modified_gmt":"2026-02-17T19:40:32","slug":"mehlwuermer-getrocknet-500g","status":"publish","type":"product","link":"https:\/\/netpet.ch\/de\/produit\/mehlwuermer-getrocknet-500g\/","title":{"rendered":"Mehlw\u00fcrmer, getrocknet, 500g"},"content":{"rendered":"<p>Getrocknete Mehlw\u00fcrmer sind <strong>Leckerbissen<\/strong>, die reich an Proteinen und essentiellen Omega-3- und Omega-6-Fetts\u00e4uren sind, und die Ihre H\u00fchner, K\u00fcken und Gefl\u00fcgel lieben werden.<\/p>\n<p>Sie sind eine Energie- und N\u00e4hrstoffquelle, die die Gesundheit Ihrer Tiere f\u00f6rdert; sie unterhalten Ihre H\u00fchner, wenn sie in ihrem Gehege verstreut sind; auch das Verteilen von Mehlw\u00fcrmern mit der Hand ist ideal, um ein Tier an den Menschen zu gew\u00f6hnen.<\/p>\n<p>Mehlw\u00fcrmer k\u00f6nnen das ganze Jahr \u00fcber als <strong>Erg\u00e4nzung zu einer gesunden Ern\u00e4hrung<\/strong> verf\u00fcttert werden.<\/p>\n<p>Auch Gartenv\u00f6gel, Igel, Hamster, Schildkr\u00f6ten und Teichfische freuen sich \u00fcber diese Leckerbissen.<\/p>\n<p>Herkunft: Frankreich<\/p>\n<p>(\u00fcbersetzt mit www.deepL.com)<\/p>\n","protected":false},"excerpt":{"rendered":"<p>Getrocknete Mehlw\u00fcrmer sind Leckerbissen, die reich an Proteinen und essentiellen Omega-3- und Omega-6-Fetts\u00e4uren sind, und die Ihre H\u00fchner, K\u00fcken und Gefl\u00fcgel lieben werden. Sie sind eine Energie- und N\u00e4hrstoffquelle, die die Gesundheit Ihrer Tiere f\u00f6rdert; sie unterhalten Ihre H\u00fchner, wenn sie in ihrem Gehege verstreut sind; auch das Verteilen von Mehlw\u00fcrmern mit der Hand ist [&hellip;]<\/p>\n","protected":false},"featured_media":43866,"template":"","meta":{"_acf_changed":false,"wds_primary_product_brand":0,"wds_primary_product_cat":0},"product_brand":[],"product_cat":[435],"product_tag":[],"class_list":{"0":"post-43868","1":"product","2":"type-product","3":"status-publish","4":"has-post-thumbnail","6":"product_cat-wohlbefinden-und-futter","8":"first","9":"outofstock","10":"taxable","11":"shipping-taxable","12":"purchasable","13":"product-type-simple"},"acf":[],"_links":{"self":[{"href":"https:\/\/netpet.ch\/de\/wp-json\/wp\/v2\/product\/43868","targetHints":{"allow":["GET"]}}],"collection":[{"href":"https:\/\/netpet.ch\/de\/wp-json\/wp\/v2\/product"}],"about":[{"href":"https:\/\/netpet.ch\/de\/wp-json\/wp\/v2\/types\/product"}],"wp:featuredmedia":[{"embeddable":true,"href":"https:\/\/netpet.ch\/de\/wp-json\/wp\/v2\/media\/43866"}],"wp:attachment":[{"href":"https:\/\/netpet.ch\/de\/wp-json\/wp\/v2\/media?parent=43868"}],"wp:term":[{"taxonomy":"product_brand","embeddable":true,"href":"https:\/\/netpet.ch\/de\/wp-json\/wp\/v2\/product_brand?post=43868"},{"taxonomy":"product_cat","embeddable":true,"href":"https:\/\/netpet.ch\/de\/wp-json\/wp\/v2\/product_cat?post=43868"},{"taxonomy":"product_tag","embeddable":true,"href":"https:\/\/netpet.ch\/de\/wp-json\/wp\/v2\/product_tag?post=43868"}],"curies":[{"name":"wp","href":"https:\/\/api.w.org\/{rel}","templated":true}]}}