{"id":43938,"date":"2023-04-20T19:35:50","date_gmt":"2023-04-20T17:35:50","guid":{"rendered":"https:\/\/netpet.ch\/?post_type=product&#038;p=43938"},"modified":"2026-02-16T16:54:43","modified_gmt":"2026-02-16T15:54:43","slug":"cat-mate-katzenklappe-fuer-glassscheiben-ref-210","status":"publish","type":"product","link":"https:\/\/netpet.ch\/de\/produit\/cat-mate-katzenklappe-fuer-glassscheiben-ref-210\/","title":{"rendered":"Cat Mate - Katzenklappe f\u00fcr Glasscheiben (Ref: 210)"},"content":{"rendered":"<p>Diese Katzenklappe f\u00fcr Fenster und Glast\u00fcren hat eine elegante runde Form und eignet sich f\u00fcr Einfach- und Doppelverglasungen mit einer Dicke von bis zu 3cm.<\/p>\n<p><strong>Hauptmerkmale der Katzenklappe f\u00fcr Glasscheiben von Cat Mate:<\/strong><br \/>\n- geeignet f\u00fcr kleine und mittelgro\u00dfe Katzen<br \/>\n- einfach zu bedienende Verriegelung mit 4 Positionen (rein und raus, nur rein, nur raus, gesperrt)<br \/>\n- ger\u00e4uscharmer Mechanismus beim \u00d6ffnen oder Schlie\u00dfen<br \/>\n- hergestellt aus superhartem Polymer<br \/>\n- transparente Klappe mit Magnetverschluss ist dank der B\u00fcrstendichtung zug- und wetterfest<br \/>\n- Anti-Regen-Dichtung<br \/>\n- Installation auf Einfach- oder Mehrfachverglasung*, PVC-\/Metallt\u00fcr, Holzt\u00fcr<br \/>\n- 3 Jahre Herstellergarantie, vorbehaltlich einer Online-Registrierung beim Kauf.<\/p>\n<p><strong>Abmessungen:<\/strong><br \/>\n- Gesamtdurchmesser: 245mm<br \/>\n- Klappen\u00f6ffnungsgr\u00f6\u00dfe: ca. 145x145mm (BxH)<br \/>\n- Durchmesser des Ausschnitts: 223mm.<\/p>\n<p>*Bei bestehenden geh\u00e4rteten, Doppel- und Dreifachverglasungen ist eine neue Platte aus Glas erforderlich.<\/p>\n<p>(\u00fcbersetzt mit www.deepL.com)<\/p>\n","protected":false},"excerpt":{"rendered":"<p>Diese Katzenklappe f\u00fcr Fenster und Glast\u00fcren hat eine elegante runde Form und eignet sich f\u00fcr Einfach- und Doppelverglasungen mit einer Dicke von bis zu 3cm. Hauptmerkmale der Katzenklappe f\u00fcr Glasscheiben von Cat Mate: - geeignet f\u00fcr kleine und mittelgro\u00dfe Katzen - einfach zu bedienende Verriegelung mit 4 Positionen (rein und raus, nur rein, nur raus, [&hellip;]<\/p>\n","protected":false},"featured_media":43935,"template":"","meta":{"_acf_changed":false,"wds_primary_product_brand":0,"wds_primary_product_cat":0},"product_brand":[],"product_cat":[467,468,466],"product_tag":[444],"class_list":{"0":"post-43938","1":"product","2":"type-product","3":"status-publish","4":"has-post-thumbnail","6":"product_cat-cat-mate-de","7":"product_cat-katzenklappen-de","8":"product_cat-katzenklappen","9":"product_tag-promo-de","11":"first","12":"instock","13":"sale","14":"taxable","15":"shipping-taxable","16":"purchasable","17":"product-type-simple"},"acf":[],"_links":{"self":[{"href":"https:\/\/netpet.ch\/de\/wp-json\/wp\/v2\/product\/43938","targetHints":{"allow":["GET"]}}],"collection":[{"href":"https:\/\/netpet.ch\/de\/wp-json\/wp\/v2\/product"}],"about":[{"href":"https:\/\/netpet.ch\/de\/wp-json\/wp\/v2\/types\/product"}],"wp:featuredmedia":[{"embeddable":true,"href":"https:\/\/netpet.ch\/de\/wp-json\/wp\/v2\/media\/43935"}],"wp:attachment":[{"href":"https:\/\/netpet.ch\/de\/wp-json\/wp\/v2\/media?parent=43938"}],"wp:term":[{"taxonomy":"product_brand","embeddable":true,"href":"https:\/\/netpet.ch\/de\/wp-json\/wp\/v2\/product_brand?post=43938"},{"taxonomy":"product_cat","embeddable":true,"href":"https:\/\/netpet.ch\/de\/wp-json\/wp\/v2\/product_cat?post=43938"},{"taxonomy":"product_tag","embeddable":true,"href":"https:\/\/netpet.ch\/de\/wp-json\/wp\/v2\/product_tag?post=43938"}],"curies":[{"name":"wp","href":"https:\/\/api.w.org\/{rel}","templated":true}]}}