{"id":44033,"date":"2023-04-22T10:04:21","date_gmt":"2023-04-22T08:04:21","guid":{"rendered":"https:\/\/netpet.ch\/?post_type=product&#038;p=44033"},"modified":"2023-04-23T18:25:10","modified_gmt":"2023-04-23T16:25:10","slug":"absorbine-botanicals-koerperspuelung-251ml","status":"publish","type":"product","link":"https:\/\/netpet.ch\/de\/produit\/absorbine-botanicals-koerperspuelung-251ml\/","title":{"rendered":"Absorbine - Botanicals K\u00f6rpersp\u00fclung - 251ml"},"content":{"rendered":"<p>Mit der Absorbine\u00ae Botanicals K\u00f6rpersp\u00fclung k\u00f6nnen Sie Ihr Pferd mit entspannender Aromatherapie, Aloe Vera und Arnika erfrischen.<\/p>\n<p>Mit 12 Kr\u00e4utern und \u00e4therischen \u00d6len entspannt sie das Pferd sanft und beruhigt m\u00fcde Muskeln und Sehnen, wobei sie auch Haut und Fell pflegt.<\/p>\n<p>In einer praktischen Verpackung - die 251 ml fassende Flasche mit Haken l\u00e4sst sich leicht aufh\u00e4ngen - reicht die konzentrierte Formel zur Herstellung von 100 Litern beruhigender Sp\u00fcllotion.<\/p>\n<p><span style=\"color: #999999\"><em><span style=\"font-size: x-small\">Zusammensetzung: \u00c4therisches Rosmarin\u00f6l, Lavendel\u00f6l, Pfefferminz\u00f6l, Arnikaextrakt, Sellerie-Wurzel Extrakt, kanadische Weidenr\u00f6schen, Aloe-vera-Saft, Kampferlorbeer, \u00e4therisches Gew\u00fcrznelkenblatt\u00f6l, Lobelia\u00f6l, Sassafras\u00f6l, Spike Lavend\u00f6l.<\/span><\/em><\/span><\/p>\n","protected":false},"excerpt":{"rendered":"<p>Mit der Absorbine\u00ae Botanicals K\u00f6rpersp\u00fclung k\u00f6nnen Sie Ihr Pferd mit entspannender Aromatherapie, Aloe Vera und Arnika erfrischen. Mit 12 Kr\u00e4utern und \u00e4therischen \u00d6len entspannt sie das Pferd sanft und beruhigt m\u00fcde Muskeln und Sehnen, wobei sie auch Haut und Fell pflegt. In einer praktischen Verpackung - die 251 ml fassende Flasche mit Haken l\u00e4sst sich [&hellip;]<\/p>\n","protected":false},"featured_media":44032,"template":"","meta":{"_acf_changed":false,"wds_primary_product_brand":0,"wds_primary_product_cat":0},"product_brand":[],"product_cat":[488],"product_tag":[444],"class_list":{"0":"post-44033","1":"product","2":"type-product","3":"status-publish","4":"has-post-thumbnail","6":"product_cat-pferdepflege","7":"product_tag-promo-de","9":"first","10":"instock","11":"sale","12":"taxable","13":"shipping-taxable","14":"purchasable","15":"product-type-simple"},"acf":[],"_links":{"self":[{"href":"https:\/\/netpet.ch\/de\/wp-json\/wp\/v2\/product\/44033","targetHints":{"allow":["GET"]}}],"collection":[{"href":"https:\/\/netpet.ch\/de\/wp-json\/wp\/v2\/product"}],"about":[{"href":"https:\/\/netpet.ch\/de\/wp-json\/wp\/v2\/types\/product"}],"wp:featuredmedia":[{"embeddable":true,"href":"https:\/\/netpet.ch\/de\/wp-json\/wp\/v2\/media\/44032"}],"wp:attachment":[{"href":"https:\/\/netpet.ch\/de\/wp-json\/wp\/v2\/media?parent=44033"}],"wp:term":[{"taxonomy":"product_brand","embeddable":true,"href":"https:\/\/netpet.ch\/de\/wp-json\/wp\/v2\/product_brand?post=44033"},{"taxonomy":"product_cat","embeddable":true,"href":"https:\/\/netpet.ch\/de\/wp-json\/wp\/v2\/product_cat?post=44033"},{"taxonomy":"product_tag","embeddable":true,"href":"https:\/\/netpet.ch\/de\/wp-json\/wp\/v2\/product_tag?post=44033"}],"curies":[{"name":"wp","href":"https:\/\/api.w.org\/{rel}","templated":true}]}}