{"id":44075,"date":"2023-04-23T17:30:30","date_gmt":"2023-04-23T15:30:30","guid":{"rendered":"https:\/\/netpet.ch\/?post_type=product&#038;p=44075"},"modified":"2023-07-21T14:13:46","modified_gmt":"2023-07-21T12:13:46","slug":"wahl-showman-copper-tones-kupferfarbene-toene-shampoo-500ml","status":"publish","type":"product","link":"https:\/\/netpet.ch\/de\/produit\/wahl-showman-copper-tones-kupferfarbene-toene-shampoo-500ml\/","title":{"rendered":"Wahl Showman - Copper tones\/kupferfarbene T\u00f6ne Shampoo - 500ml"},"content":{"rendered":"<p>Auf nat\u00fcrlichen Inhaltsstoffen basierendes Shampoo, ohne sch\u00e4dliche Detergenzien oder Reinigungsmittel.<\/p>\n<p>Seine perfekt ausgewogene Formel mit Pfirsich-, Birnen-, Passionsblumen- und Kiwi-Extrakten sorgt f\u00fcr hervorragende Ergebnisse bei rotem, braunem und kupferfarbenem Fell, indem es Schmutz, Fett und Flecken wirksam beseitigt.<\/p>\n<p>Die Farbverst\u00e4rker revitalisieren und erfrischen die nat\u00fcrliche Pigmentierung von rotem und braunem Fell, so dass das Fell gl\u00e4nzend und seidig ist und vor Leben und Gesundheit strahlend aussieht.<\/p>\n<p>Professionelle hochkonzentrierte Formel 15:1.<\/p>\n<p>(\u00fcbersetzt mit www.deepL.com)<\/p>\n<p>&nbsp;<\/p>\n<p><span style=\"color: #999999\"><em><span style=\"font-size: x-small\"> Ingredients: Aqua (Water), Sodium Laureth Sulfate, Cocamidopropyl Betaine, Sodium Chloride, Glycol Distearate, Cocamide MEA, Parfum (Fragrance), Amyl Cinnamal, Prunus Persica (Peach) Extract, Pyrus Communis (Pear) Extract, Passiflora Incarnata (Passionfruit) Extract, Actinidia Chinensis (Kiwi) Extract, Laureth-10, Citric Acid, Methylchloroisothiazolinone, Methylisothiazolinone, CI 16035, CI 42090.<\/span><\/em><\/span><\/p>\n","protected":false},"excerpt":{"rendered":"<p>Auf nat\u00fcrlichen Inhaltsstoffen basierendes Shampoo, ohne sch\u00e4dliche Detergenzien oder Reinigungsmittel. Seine perfekt ausgewogene Formel mit Pfirsich-, Birnen-, Passionsblumen- und Kiwi-Extrakten sorgt f\u00fcr hervorragende Ergebnisse bei rotem, braunem und kupferfarbenem Fell, indem es Schmutz, Fett und Flecken wirksam beseitigt. Die Farbverst\u00e4rker revitalisieren und erfrischen die nat\u00fcrliche Pigmentierung von rotem und braunem Fell, so dass das Fell [&hellip;]<\/p>\n","protected":false},"featured_media":44074,"template":"","meta":{"_acf_changed":false,"wds_primary_product_brand":0,"wds_primary_product_cat":0},"product_brand":[],"product_cat":[488,530],"product_tag":[],"class_list":{"0":"post-44075","1":"product","2":"type-product","3":"status-publish","4":"has-post-thumbnail","6":"product_cat-pferdepflege","7":"product_cat-reinigung-shampoo","9":"first","10":"instock","11":"taxable","12":"shipping-taxable","13":"purchasable","14":"product-type-simple"},"acf":[],"_links":{"self":[{"href":"https:\/\/netpet.ch\/de\/wp-json\/wp\/v2\/product\/44075","targetHints":{"allow":["GET"]}}],"collection":[{"href":"https:\/\/netpet.ch\/de\/wp-json\/wp\/v2\/product"}],"about":[{"href":"https:\/\/netpet.ch\/de\/wp-json\/wp\/v2\/types\/product"}],"wp:featuredmedia":[{"embeddable":true,"href":"https:\/\/netpet.ch\/de\/wp-json\/wp\/v2\/media\/44074"}],"wp:attachment":[{"href":"https:\/\/netpet.ch\/de\/wp-json\/wp\/v2\/media?parent=44075"}],"wp:term":[{"taxonomy":"product_brand","embeddable":true,"href":"https:\/\/netpet.ch\/de\/wp-json\/wp\/v2\/product_brand?post=44075"},{"taxonomy":"product_cat","embeddable":true,"href":"https:\/\/netpet.ch\/de\/wp-json\/wp\/v2\/product_cat?post=44075"},{"taxonomy":"product_tag","embeddable":true,"href":"https:\/\/netpet.ch\/de\/wp-json\/wp\/v2\/product_tag?post=44075"}],"curies":[{"name":"wp","href":"https:\/\/api.w.org\/{rel}","templated":true}]}}