{"id":44079,"date":"2023-04-23T18:33:41","date_gmt":"2023-04-23T16:33:41","guid":{"rendered":"https:\/\/netpet.ch\/?post_type=product&#038;p=44079"},"modified":"2023-07-21T14:07:32","modified_gmt":"2023-07-21T12:07:32","slug":"wahl-showman-deep-black-shampoo-500ml","status":"publish","type":"product","link":"https:\/\/netpet.ch\/de\/produit\/wahl-showman-deep-black-shampoo-500ml\/","title":{"rendered":"Wahl Showman - Deep black Shampoo - 500ml"},"content":{"rendered":"<p>Auf nat\u00fcrlichen Inhaltsstoffen basierendes Shampoo, ohne sch\u00e4dliche Detergenzien oder Reinigungsmittel.<\/p>\n<p>Seine perfekt ausgewogene Formel mit Pfirsich-, Birnen-, Passionsblumen- und Kiwi-Extrakten sorgt f\u00fcr hervorragende Ergebnisse bei schwarzem und wei\u00dfem Fell, indem es Schmutz, Fett und Flecken wirksam beseitigt.<\/p>\n<p>Die Farbverst\u00e4rker revitalisieren und erfrischen die nat\u00fcrliche Pigmentierung von schwarzem und weissem Fell, so dass das Fell gl\u00e4nzend und seidig ist und vor Lebenskraft und Gesundheit strahlend aussieht.<\/p>\n<p>Professionelle hochkonzentrierte Formel 15:1.<\/p>\n<p>(\u00fcbersetzt mit www.deepL.com)<\/p>\n<p>&nbsp;<\/p>\n<p><span style=\"color: #999999\"><em><span style=\"font-size: x-small\"> Ingredients: Aqua (Water), Sodium Laureth Sulfate, Sodium Chloride, Cocamidopropyl Betaine, Glycol Distearate, Parfum (Fragrance), Limonene, Prunus Persica (Peach) Extract, Pyrus Communis (Pear) Extract, Passiflora Incarnata (Passionfruit) Extract, Actinidia Chinensis (Kiwi) Extract, Cocamide MEA, Citric Acid, Laureth-10, Sodium Benzoate, Methylchloroisothiazolinone, Methylisothiazolinone, CI 42090, CI 19140, CI 16035.<\/span><\/em><\/span><\/p>\n","protected":false},"excerpt":{"rendered":"<p>Auf nat\u00fcrlichen Inhaltsstoffen basierendes Shampoo, ohne sch\u00e4dliche Detergenzien oder Reinigungsmittel. Seine perfekt ausgewogene Formel mit Pfirsich-, Birnen-, Passionsblumen- und Kiwi-Extrakten sorgt f\u00fcr hervorragende Ergebnisse bei schwarzem und wei\u00dfem Fell, indem es Schmutz, Fett und Flecken wirksam beseitigt. Die Farbverst\u00e4rker revitalisieren und erfrischen die nat\u00fcrliche Pigmentierung von schwarzem und weissem Fell, so dass das Fell gl\u00e4nzend [&hellip;]<\/p>\n","protected":false},"featured_media":44078,"template":"","meta":{"_acf_changed":false,"wds_primary_product_brand":0,"wds_primary_product_cat":0},"product_brand":[],"product_cat":[488,530],"product_tag":[],"class_list":{"0":"post-44079","1":"product","2":"type-product","3":"status-publish","4":"has-post-thumbnail","6":"product_cat-pferdepflege","7":"product_cat-reinigung-shampoo","9":"first","10":"instock","11":"taxable","12":"shipping-taxable","13":"purchasable","14":"product-type-simple"},"acf":[],"_links":{"self":[{"href":"https:\/\/netpet.ch\/de\/wp-json\/wp\/v2\/product\/44079","targetHints":{"allow":["GET"]}}],"collection":[{"href":"https:\/\/netpet.ch\/de\/wp-json\/wp\/v2\/product"}],"about":[{"href":"https:\/\/netpet.ch\/de\/wp-json\/wp\/v2\/types\/product"}],"wp:featuredmedia":[{"embeddable":true,"href":"https:\/\/netpet.ch\/de\/wp-json\/wp\/v2\/media\/44078"}],"wp:attachment":[{"href":"https:\/\/netpet.ch\/de\/wp-json\/wp\/v2\/media?parent=44079"}],"wp:term":[{"taxonomy":"product_brand","embeddable":true,"href":"https:\/\/netpet.ch\/de\/wp-json\/wp\/v2\/product_brand?post=44079"},{"taxonomy":"product_cat","embeddable":true,"href":"https:\/\/netpet.ch\/de\/wp-json\/wp\/v2\/product_cat?post=44079"},{"taxonomy":"product_tag","embeddable":true,"href":"https:\/\/netpet.ch\/de\/wp-json\/wp\/v2\/product_tag?post=44079"}],"curies":[{"name":"wp","href":"https:\/\/api.w.org\/{rel}","templated":true}]}}