{"id":44221,"date":"2023-05-08T12:26:00","date_gmt":"2023-05-08T10:26:00","guid":{"rendered":"https:\/\/netpet.ch\/produit\/dainese-gilet-de-protection-pour-homme-diverses-tailles-et-couleurs\/"},"modified":"2024-01-20T00:02:58","modified_gmt":"2024-01-19T23:02:58","slug":"dainese-gilet-de-protection-pour-homme-diverses-tailles-et-couleurs","status":"publish","type":"product","link":"https:\/\/netpet.ch\/de\/produit\/dainese-gilet-de-protection-pour-homme-diverses-tailles-et-couleurs\/","title":{"rendered":"Dainese - Schutzweste f\u00fcr Herren - Verschiedene Gr\u00f6ssen und Farben"},"content":{"rendered":"<p>Die Schutzweste Balios Beta 3 von Dainese verschiebt die Grenzen des leichten, bequemen und atmungsaktiven Schutzes auf ein neues Niveau. Sie ist mit der Flexagon-Technologie ausgestattet, die durch ihre innovative Konstruktion die Standards f\u00fcr komfortablen Schutz neu definiert.<\/p>\n<p>Seine Oberfl\u00e4che besteht aus sechseckigen Schutzelementen aus Crash Absorb\u00ae Memory Foam, die in ein atmungsaktives und robustes Netzgewebe eingebettet sind.<\/p>\n<p>Jedes Element verf\u00fcgt \u00fcber einen Freiheitsgrad in allen Achsen, so dass sich die Gesamtkonstruktion an die Konturen des Oberk\u00f6rpers anpasst und ihm bei allen Bewegungen folgt, als w\u00e4re sie eine sch\u00fctzende zweite Haut.<\/p>\n<p>Die Schutzweste Balios Beta 3 von Dainese entspricht den Sicherheitsstandards CE EN 13158:2009 und BETA 2009 der Stufe 3.<\/p>\n<p>Die Schutzausr\u00fcstung wird durch ein praktisches System von elastischen B\u00e4ndern erg\u00e4nzt, mit denen die Weste am Unterk\u00f6rper befestigt werden kann, um in allen Phasen des Gebrauchs einen besseren Halt zu gew\u00e4hrleisten.<\/p>\n<p>(\u00fcbersetzt mit www.deepL.com)<\/p>\n","protected":false},"excerpt":{"rendered":"<p>Die Schutzweste Balios Beta 3 von Dainese verschiebt die Grenzen des leichten, bequemen und atmungsaktiven Schutzes auf ein neues Niveau. Sie ist mit der Flexagon-Technologie ausgestattet, die durch ihre innovative Konstruktion die Standards f\u00fcr komfortablen Schutz neu definiert. Seine Oberfl\u00e4che besteht aus sechseckigen Schutzelementen aus Crash Absorb\u00ae Memory Foam, die in ein atmungsaktives und robustes [&hellip;]<\/p>\n","protected":false},"featured_media":44222,"template":"","meta":{"_acf_changed":false,"wds_primary_product_brand":0,"wds_primary_product_cat":0},"product_brand":[],"product_cat":[500],"product_tag":[444],"class_list":{"0":"post-44221","1":"product","2":"type-product","3":"status-publish","4":"has-post-thumbnail","6":"product_cat-reiter-in","7":"product_tag-promo-de","9":"first","10":"instock","11":"sale","12":"taxable","13":"shipping-taxable","14":"purchasable","15":"product-type-variable"},"acf":[],"_links":{"self":[{"href":"https:\/\/netpet.ch\/de\/wp-json\/wp\/v2\/product\/44221","targetHints":{"allow":["GET"]}}],"collection":[{"href":"https:\/\/netpet.ch\/de\/wp-json\/wp\/v2\/product"}],"about":[{"href":"https:\/\/netpet.ch\/de\/wp-json\/wp\/v2\/types\/product"}],"wp:featuredmedia":[{"embeddable":true,"href":"https:\/\/netpet.ch\/de\/wp-json\/wp\/v2\/media\/44222"}],"wp:attachment":[{"href":"https:\/\/netpet.ch\/de\/wp-json\/wp\/v2\/media?parent=44221"}],"wp:term":[{"taxonomy":"product_brand","embeddable":true,"href":"https:\/\/netpet.ch\/de\/wp-json\/wp\/v2\/product_brand?post=44221"},{"taxonomy":"product_cat","embeddable":true,"href":"https:\/\/netpet.ch\/de\/wp-json\/wp\/v2\/product_cat?post=44221"},{"taxonomy":"product_tag","embeddable":true,"href":"https:\/\/netpet.ch\/de\/wp-json\/wp\/v2\/product_tag?post=44221"}],"curies":[{"name":"wp","href":"https:\/\/api.w.org\/{rel}","templated":true}]}}