{"id":44292,"date":"2023-05-11T19:06:45","date_gmt":"2023-05-11T17:06:45","guid":{"rendered":"https:\/\/netpet.ch\/?post_type=product&#038;p=44292"},"modified":"2024-01-13T09:22:19","modified_gmt":"2024-01-13T08:22:19","slug":"rueckenschutzweste-fuer-huehner-gelb-oder-rosa","status":"publish","type":"product","link":"https:\/\/netpet.ch\/de\/produit\/rueckenschutzweste-fuer-huehner-gelb-oder-rosa\/","title":{"rendered":"R\u00fcckenschutzweste f\u00fcr H\u00fchner - Gelb oder rosa"},"content":{"rendered":"<p>Diese Schutzweste f\u00fcr H\u00fchner sch\u00fctzt die Federn auf dem R\u00fccken vor den Sporen der H\u00e4hne; sie kann auch gegen Federpicken verwendet werden.<\/p>\n<p>Die Weste hat eine Gr\u00f6\u00dfe von ca. 24x31cm, eine gro\u00dfe Kopf\u00f6ffnung und l\u00e4sst sich mithilfe von Velcro-Streifen leicht befestigen, die unter den Fl\u00fcgeln verlaufen.<\/p>\n<p>Hinweis: Bei bereits bestehenden Verletzungen sollten diese nicht mit der Weste bedeckt werden.<\/p>\n<p>(\u00fcbersetzt mit www.deepL.com)<\/p>\n","protected":false},"excerpt":{"rendered":"<p>Diese Schutzweste f\u00fcr H\u00fchner sch\u00fctzt die Federn auf dem R\u00fccken vor den Sporen der H\u00e4hne; sie kann auch gegen Federpicken verwendet werden. Die Weste hat eine Gr\u00f6\u00dfe von ca. 24x31cm, eine gro\u00dfe Kopf\u00f6ffnung und l\u00e4sst sich mithilfe von Velcro-Streifen leicht befestigen, die unter den Fl\u00fcgeln verlaufen. Hinweis: Bei bereits bestehenden Verletzungen sollten diese nicht mit [&hellip;]<\/p>\n","protected":false},"featured_media":44281,"template":"","meta":{"_acf_changed":false,"wds_primary_product_brand":0,"wds_primary_product_cat":0},"product_brand":[],"product_cat":[434],"product_tag":[],"class_list":{"0":"post-44292","1":"product","2":"type-product","3":"status-publish","4":"has-post-thumbnail","6":"product_cat-zubehoer","8":"first","9":"instock","10":"taxable","11":"shipping-taxable","12":"purchasable","13":"product-type-variable"},"acf":[],"_links":{"self":[{"href":"https:\/\/netpet.ch\/de\/wp-json\/wp\/v2\/product\/44292","targetHints":{"allow":["GET"]}}],"collection":[{"href":"https:\/\/netpet.ch\/de\/wp-json\/wp\/v2\/product"}],"about":[{"href":"https:\/\/netpet.ch\/de\/wp-json\/wp\/v2\/types\/product"}],"wp:featuredmedia":[{"embeddable":true,"href":"https:\/\/netpet.ch\/de\/wp-json\/wp\/v2\/media\/44281"}],"wp:attachment":[{"href":"https:\/\/netpet.ch\/de\/wp-json\/wp\/v2\/media?parent=44292"}],"wp:term":[{"taxonomy":"product_brand","embeddable":true,"href":"https:\/\/netpet.ch\/de\/wp-json\/wp\/v2\/product_brand?post=44292"},{"taxonomy":"product_cat","embeddable":true,"href":"https:\/\/netpet.ch\/de\/wp-json\/wp\/v2\/product_cat?post=44292"},{"taxonomy":"product_tag","embeddable":true,"href":"https:\/\/netpet.ch\/de\/wp-json\/wp\/v2\/product_tag?post=44292"}],"curies":[{"name":"wp","href":"https:\/\/api.w.org\/{rel}","templated":true}]}}