{"id":44298,"date":"2023-05-11T22:34:51","date_gmt":"2023-05-11T20:34:51","guid":{"rendered":"https:\/\/netpet.ch\/?post_type=product&#038;p=44298"},"modified":"2026-01-04T00:01:33","modified_gmt":"2026-01-03T23:01:33","slug":"metallhalter-fuer-nippeltraenke-mit-klappdeckel-1l","status":"publish","type":"product","link":"https:\/\/netpet.ch\/de\/produit\/metallhalter-fuer-nippeltraenke-mit-klappdeckel-1l\/","title":{"rendered":"Metallhalter, f\u00fcr Nippeltr\u00e4nke mit Klappdeckel 1L"},"content":{"rendered":"<p>Mit dieser verzinkten Halterung l\u00e4sst sich die Nippeltr\u00e4nke mit Klappdeckel und einem Fassungsverm\u00f6gen von 1 Liter* leicht an einem Gitter oder K\u00e4fig befestigen.<\/p>\n<p>*Tr\u00e4nke nicht enthalten, separat erh\u00e4ltlich : <a href=\"https:\/\/netpet.ch\/de\/produit\/abreuvoir-a-pipette-avec-couvercle-articule-et-anneau-de-fixation-1l\/\" target=\"_blank\" rel=\"noopener\"><span style=\"color: #0000ff\">Nippeltr\u00e4nke mit Klappdeckel, 1L<\/span><\/a> (Produktcode: olnl-dfk10ku) und <a href=\"https:\/\/netpet.ch\/de\/produit\/nippeltraenke-fuer-kaninchen-mit-klappdeckel-1l\/\" target=\"_blank\" rel=\"noopener\"><span style=\"color: #0000ff\">Nippeltr\u00e4nke f\u00fcr Kaninchen mit Klappdeckel, 1L<\/span><\/a> (Produktcode: olnl-dfk10c).<\/p>\n<p>(\u00fcbersetzt mit www.deepL.com)<\/p>\n","protected":false},"excerpt":{"rendered":"<p>Mit dieser verzinkten Halterung l\u00e4sst sich die Nippeltr\u00e4nke mit Klappdeckel und einem Fassungsverm\u00f6gen von 1 Liter* leicht an einem Gitter oder K\u00e4fig befestigen. *Tr\u00e4nke nicht enthalten, separat erh\u00e4ltlich : Nippeltr\u00e4nke mit Klappdeckel, 1L (Produktcode: olnl-dfk10ku) und Nippeltr\u00e4nke f\u00fcr Kaninchen mit Klappdeckel, 1L (Produktcode: olnl-dfk10c). (\u00fcbersetzt mit www.deepL.com)<\/p>\n","protected":false},"featured_media":44297,"template":"","meta":{"_acf_changed":false,"wds_primary_product_brand":0,"wds_primary_product_cat":0},"product_brand":[],"product_cat":[457,433],"product_tag":[],"class_list":{"0":"post-44298","1":"product","2":"type-product","3":"status-publish","4":"has-post-thumbnail","6":"product_cat-fur-kuken-und-wachteln","7":"product_cat-tranken","9":"first","10":"instock","11":"taxable","12":"shipping-taxable","13":"purchasable","14":"product-type-simple"},"acf":[],"_links":{"self":[{"href":"https:\/\/netpet.ch\/de\/wp-json\/wp\/v2\/product\/44298","targetHints":{"allow":["GET"]}}],"collection":[{"href":"https:\/\/netpet.ch\/de\/wp-json\/wp\/v2\/product"}],"about":[{"href":"https:\/\/netpet.ch\/de\/wp-json\/wp\/v2\/types\/product"}],"wp:featuredmedia":[{"embeddable":true,"href":"https:\/\/netpet.ch\/de\/wp-json\/wp\/v2\/media\/44297"}],"wp:attachment":[{"href":"https:\/\/netpet.ch\/de\/wp-json\/wp\/v2\/media?parent=44298"}],"wp:term":[{"taxonomy":"product_brand","embeddable":true,"href":"https:\/\/netpet.ch\/de\/wp-json\/wp\/v2\/product_brand?post=44298"},{"taxonomy":"product_cat","embeddable":true,"href":"https:\/\/netpet.ch\/de\/wp-json\/wp\/v2\/product_cat?post=44298"},{"taxonomy":"product_tag","embeddable":true,"href":"https:\/\/netpet.ch\/de\/wp-json\/wp\/v2\/product_tag?post=44298"}],"curies":[{"name":"wp","href":"https:\/\/api.w.org\/{rel}","templated":true}]}}