{"id":44630,"date":"2023-05-12T10:55:52","date_gmt":"2023-05-12T08:55:52","guid":{"rendered":"https:\/\/netpet.ch\/?post_type=product&#038;p=44630"},"modified":"2026-02-20T13:10:55","modified_gmt":"2026-02-20T12:10:55","slug":"sureflap-dualscan-mikrochip-katzenklappe","status":"publish","type":"product","link":"https:\/\/netpet.ch\/de\/produit\/sureflap-dualscan-mikrochip-katzenklappe\/","title":{"rendered":"SureFlap - DualScan Mikrochip Katzenklappe"},"content":{"rendered":"<p><span id=\"page80R_mcid814\" class=\"markedContent\"><span dir=\"ltr\" role=\"presentation\">Die mikrochipgesteuerte SureFlap DualScan <\/span><\/span><span id=\"page80R_mcid815\" class=\"markedContent\"><span dir=\"ltr\" role=\"presentation\">Katzenklappe ist besonders f\u00fcr Haushalte mit mehreren Tieren geeignet, wo der Ein- und Austritt f\u00fcr verschiedene Tiere unterschiedlich geregelt werden muss.<\/span><\/span><\/p>\n<p>Das Ger\u00e4t erm\u00f6glicht es, ausgew\u00e4hlte Haustiere auf einen Aufenthalt im Haus zu beschr\u00e4nken, w\u00e4hrend die anderen ihren Freigang genie\u00dfen k\u00f6nnen. Selbstverst\u00e4ndlich wird es auch unerw\u00fcnschten Eindringlingen den Zugang von au\u00dfen verwehren und nur die Katzen hereinlassen, deren Identifikationschip oder RFID-Identifikationsmarke registriert wurde.<\/p>\n<p><strong>Hauptmerkmale der SureFlap DualScan Mikrochip Katzenklappe:<\/strong><br \/>\n- <span id=\"page80R_mcid815\" class=\"markedContent\"><span dir=\"ltr\" role=\"presentation\">f\u00fcr Haushalte mit mehreren Tieren besonders geeignet<\/span><\/span><br \/>\n- DualScan-Technologie mit Doppelantenne, die es erm\u00f6glicht, f\u00fcr jedes Tier eine Austrittsberechtigung einzustellen, um bestimmte Haustiere in der Wohnung zu halten<br \/>\n- Ein-\/Ausgangsberechtigungen einfach einzustellen und zu \u00e4ndern<br \/>\n- Katzenklappe mit Mikrochip-Leseger\u00e4t, das den Zugang f\u00fcr streunende Katzen und fremde Tieren verhindert<br \/>\n- M\u00f6glichkeit, bis zu 32 Chipnummern zu speichern<br \/>\n- f\u00fcr Tiere ohne Mikrochip, Betrieb mit einem RFID-Halsbandanh\u00e4nger (separat erh\u00e4ltlich, Produktcode: sf-col001)<br \/>\n- Sicherheitsprogrammiermodus: versehentlich nach drau\u00dfen gelangte Hauskatzen k\u00f6nnen wieder ins Haus zur\u00fcckkehren<br \/>\n- robuste Verarbeitung und elegantes Design<br \/>\n- Magnetverschluss h\u00e4lt die T\u00fcr geschlossen, wenn sie nicht benutzt wird<br \/>\n- manuelle Verriegelung mit 4 Positionen: Ein- und Ausgang, nur Ausgang, nur Eingang, vollst\u00e4ndig geschlossen<br \/>\n- Batteriebetrieb (4 AA-Batterien, nicht im Lieferumfang enthalten): durchschnittliche Batterielebensdauer mindestens sechs Monate; Anzeige bei niedrigem Batteriestand<br \/>\n- eingebautes Zugluftschutzsystem<br \/>\n- Installation m\u00f6glich auf Holz und Kunststoff, Glas und Metall (mit Montageadapter, Produktcode: sf-nrm-gma001) oder in einer Wand (mit Tunnelverl\u00e4ngerung, Produktcode: sf-nrm-tun001)<br \/>\n- 3 Jahre Herstellergarantie, mit Online-Registrierung.<\/p>\n<p><strong>Abmessungen:<\/strong><br \/>\n- Abmessungen des Au\u00dfenrahmens: 210x210mm (BxH)<br \/>\n- Abmessungen der Klappen\u00f6ffnung (Durchgang des Tieres): 142x120mm (BxH)<br \/>\n- Ausschnittsgr\u00f6sse: 165x171mm (BxH)<br \/>\n- optimaler Durchmesser des Ausschnitts f\u00fcr den Einbau in Glas: 212mm (die Katzenklappe kann in L\u00f6cher mit einem Durchmesser von bis zu 260mm eingebaut werden)<br \/>\n- Tunneltiefe: 70mm.<\/p>\n<p>(\u00fcbersetzt mit www.deepL.com)<\/p>\n<p>&nbsp;<\/p>\n<p><iframe loading=\"lazy\" title=\"SureFlap\u00ae DualScan Mikrochip Katzenklappe\" width=\"500\" height=\"281\" src=\"https:\/\/www.youtube.com\/embed\/c-JqC1l3GjI?feature=oembed\" frameborder=\"0\" allow=\"accelerometer; autoplay; clipboard-write; encrypted-media; gyroscope; picture-in-picture; web-share\" referrerpolicy=\"strict-origin-when-cross-origin\" allowfullscreen><\/iframe><\/p>\n","protected":false},"excerpt":{"rendered":"<p>Die mikrochipgesteuerte SureFlap DualScan Katzenklappe ist besonders f\u00fcr Haushalte mit mehreren Tieren geeignet, wo der Ein- und Austritt f\u00fcr verschiedene Tiere unterschiedlich geregelt werden muss. Das Ger\u00e4t erm\u00f6glicht es, ausgew\u00e4hlte Haustiere auf einen Aufenthalt im Haus zu beschr\u00e4nken, w\u00e4hrend die anderen ihren Freigang genie\u00dfen k\u00f6nnen. Selbstverst\u00e4ndlich wird es auch unerw\u00fcnschten Eindringlingen den Zugang von au\u00dfen [&hellip;]<\/p>\n","protected":false},"featured_media":44736,"template":"","meta":{"_acf_changed":false,"wds_primary_product_brand":0,"wds_primary_product_cat":0},"product_brand":[],"product_cat":[466,470,475,476],"product_tag":[],"class_list":{"0":"post-44630","1":"product","2":"type-product","3":"status-publish","4":"has-post-thumbnail","6":"product_cat-katzenklappen","7":"product_cat-katzenklappen-mit-chip","8":"product_cat-sureflap-de","9":"product_cat-katzenklappen-de-3","11":"first","12":"instock","13":"sale","14":"taxable","15":"shipping-taxable","16":"purchasable","17":"product-type-simple"},"acf":[],"_links":{"self":[{"href":"https:\/\/netpet.ch\/de\/wp-json\/wp\/v2\/product\/44630","targetHints":{"allow":["GET"]}}],"collection":[{"href":"https:\/\/netpet.ch\/de\/wp-json\/wp\/v2\/product"}],"about":[{"href":"https:\/\/netpet.ch\/de\/wp-json\/wp\/v2\/types\/product"}],"wp:featuredmedia":[{"embeddable":true,"href":"https:\/\/netpet.ch\/de\/wp-json\/wp\/v2\/media\/44736"}],"wp:attachment":[{"href":"https:\/\/netpet.ch\/de\/wp-json\/wp\/v2\/media?parent=44630"}],"wp:term":[{"taxonomy":"product_brand","embeddable":true,"href":"https:\/\/netpet.ch\/de\/wp-json\/wp\/v2\/product_brand?post=44630"},{"taxonomy":"product_cat","embeddable":true,"href":"https:\/\/netpet.ch\/de\/wp-json\/wp\/v2\/product_cat?post=44630"},{"taxonomy":"product_tag","embeddable":true,"href":"https:\/\/netpet.ch\/de\/wp-json\/wp\/v2\/product_tag?post=44630"}],"curies":[{"name":"wp","href":"https:\/\/api.w.org\/{rel}","templated":true}]}}