{"id":44692,"date":"2023-05-26T18:38:21","date_gmt":"2023-05-26T16:38:21","guid":{"rendered":"https:\/\/netpet.ch\/?post_type=product&#038;p=44692"},"modified":"2023-05-27T23:16:07","modified_gmt":"2023-05-27T21:16:07","slug":"sureflap-tunnelverlaengerung-fuer-haustierklappen-xxl","status":"publish","type":"product","link":"https:\/\/netpet.ch\/de\/produit\/sureflap-tunnelverlaengerung-fuer-haustierklappen-xxl\/","title":{"rendered":"SureFlap - Tunnelverl\u00e4ngerung f\u00fcr Haustierklappen XXL"},"content":{"rendered":"<p>Die Tunnelverl\u00e4ngerung f\u00fcr die Haustierklappe von SureFlap kann verwendet werden, um den Tunnel der Mikrochip Haustierklappe XXL (Produktcode: sf-xxl-sur101) bei der Anbringung in einer Wand zu verl\u00e4ngern.<\/p>\n<p>Diese Verl\u00e4ngerungen sind 50mm lang und passen perfekt in den 70mm langen Tunnel der Haustierklappe; mehrere Verl\u00e4ngerungen k\u00f6nnen hinzugef\u00fcgt werden, um einen Tunnel der richtigen L\u00e4nge zu bilden.<\/p>\n<p>(\u00fcbersetzt mit www.deepL.com)<\/p>\n","protected":false},"excerpt":{"rendered":"<p>Die Tunnelverl\u00e4ngerung f\u00fcr die Haustierklappe von SureFlap kann verwendet werden, um den Tunnel der Mikrochip Haustierklappe XXL (Produktcode: sf-xxl-sur101) bei der Anbringung in einer Wand zu verl\u00e4ngern. Diese Verl\u00e4ngerungen sind 50mm lang und passen perfekt in den 70mm langen Tunnel der Haustierklappe; mehrere Verl\u00e4ngerungen k\u00f6nnen hinzugef\u00fcgt werden, um einen Tunnel der richtigen L\u00e4nge zu bilden. [&hellip;]<\/p>\n","protected":false},"featured_media":44687,"template":"","meta":{"_acf_changed":false,"wds_primary_product_brand":0,"wds_primary_product_cat":0},"product_brand":[],"product_cat":[477,526],"product_tag":[],"class_list":{"0":"post-44692","1":"product","2":"type-product","3":"status-publish","4":"has-post-thumbnail","6":"product_cat-ersatzteile-zubehor-de-2","7":"product_cat-tueren","9":"first","10":"instock","11":"taxable","12":"shipping-taxable","13":"purchasable","14":"product-type-simple"},"acf":[],"_links":{"self":[{"href":"https:\/\/netpet.ch\/de\/wp-json\/wp\/v2\/product\/44692","targetHints":{"allow":["GET"]}}],"collection":[{"href":"https:\/\/netpet.ch\/de\/wp-json\/wp\/v2\/product"}],"about":[{"href":"https:\/\/netpet.ch\/de\/wp-json\/wp\/v2\/types\/product"}],"wp:featuredmedia":[{"embeddable":true,"href":"https:\/\/netpet.ch\/de\/wp-json\/wp\/v2\/media\/44687"}],"wp:attachment":[{"href":"https:\/\/netpet.ch\/de\/wp-json\/wp\/v2\/media?parent=44692"}],"wp:term":[{"taxonomy":"product_brand","embeddable":true,"href":"https:\/\/netpet.ch\/de\/wp-json\/wp\/v2\/product_brand?post=44692"},{"taxonomy":"product_cat","embeddable":true,"href":"https:\/\/netpet.ch\/de\/wp-json\/wp\/v2\/product_cat?post=44692"},{"taxonomy":"product_tag","embeddable":true,"href":"https:\/\/netpet.ch\/de\/wp-json\/wp\/v2\/product_tag?post=44692"}],"curies":[{"name":"wp","href":"https:\/\/api.w.org\/{rel}","templated":true}]}}