{"id":44866,"date":"2023-06-05T12:54:40","date_gmt":"2023-06-05T10:54:40","guid":{"rendered":"https:\/\/netpet.ch\/?post_type=product&#038;p=44866"},"modified":"2023-06-05T13:53:20","modified_gmt":"2023-06-05T11:53:20","slug":"drinkwell-ersatz-schaumfilter-fuer-haustierbrunnen-2er-pack","status":"publish","type":"product","link":"https:\/\/netpet.ch\/de\/produit\/drinkwell-ersatz-schaumfilter-fuer-haustierbrunnen-2er-pack\/","title":{"rendered":"Drinkwell - Ersatz-Schaumfilter f\u00fcr Haustierbrunnen (2er-Pack)"},"content":{"rendered":"<p>Der Drinkwell\u00ae 360-Vorfilter f\u00e4ngt gro\u00dfe Partikel, Haar und Schmutz im Wasser auf, bevor sie zur Pumpe gelangen, und sorgt so f\u00fcr eine bessere Gesamtfiltration und sauberes Wasser f\u00fcr Ihr Haustier.<\/p>\n<p>Diese Schaumfilter helfen dabei, die Pumpe zwischen den Reinigungsvorg\u00e4ngen sauber zu halten, und erhalten die Flussrate des Trinkbrunnens aufrecht.<\/p>\n<p>Diese Filter sind <strong>mit den Drinkwell\u00ae-Tierbrunnen 360 aus Kunststoff kompatibel<\/strong>.<\/p>\n<p>Sie sollten alle 1 bis 2 Monate ausgetauscht werden, um eine maximale Frische zu gew\u00e4hrleisten.<\/p>\n<p>(\u00fcbersetzt mit www.deepL.com)<\/p>\n","protected":false},"excerpt":{"rendered":"<p><span style=\"color: #00ccff\">f\u00fcr Drinkwell\u00ae-Tierbrunnen 360 aus Kunststoff<\/span><\/p>\n","protected":false},"featured_media":44861,"template":"","meta":{"_acf_changed":false,"wds_primary_product_brand":0,"wds_primary_product_cat":0},"product_brand":[],"product_cat":[481,520],"product_tag":[],"class_list":{"0":"post-44866","1":"product","2":"type-product","3":"status-publish","4":"has-post-thumbnail","6":"product_cat-ersatzfilter-und-ersatzteile","7":"product_cat-trinkbrunnen-hunde","9":"first","10":"instock","11":"taxable","12":"shipping-taxable","13":"purchasable","14":"product-type-simple"},"acf":[],"_links":{"self":[{"href":"https:\/\/netpet.ch\/de\/wp-json\/wp\/v2\/product\/44866","targetHints":{"allow":["GET"]}}],"collection":[{"href":"https:\/\/netpet.ch\/de\/wp-json\/wp\/v2\/product"}],"about":[{"href":"https:\/\/netpet.ch\/de\/wp-json\/wp\/v2\/types\/product"}],"wp:featuredmedia":[{"embeddable":true,"href":"https:\/\/netpet.ch\/de\/wp-json\/wp\/v2\/media\/44861"}],"wp:attachment":[{"href":"https:\/\/netpet.ch\/de\/wp-json\/wp\/v2\/media?parent=44866"}],"wp:term":[{"taxonomy":"product_brand","embeddable":true,"href":"https:\/\/netpet.ch\/de\/wp-json\/wp\/v2\/product_brand?post=44866"},{"taxonomy":"product_cat","embeddable":true,"href":"https:\/\/netpet.ch\/de\/wp-json\/wp\/v2\/product_cat?post=44866"},{"taxonomy":"product_tag","embeddable":true,"href":"https:\/\/netpet.ch\/de\/wp-json\/wp\/v2\/product_tag?post=44866"}],"curies":[{"name":"wp","href":"https:\/\/api.w.org\/{rel}","templated":true}]}}