{"id":44875,"date":"2023-06-05T16:22:56","date_gmt":"2023-06-05T14:22:56","guid":{"rendered":"https:\/\/netpet.ch\/produit\/drinkwell-filtres-en-mousse-de-rechange-pour-fontaine-animaliere-lot-de-2-2\/"},"modified":"2023-09-03T12:50:31","modified_gmt":"2023-09-03T10:50:31","slug":"drinkwell-filtres-en-mousse-de-rechange-pour-fontaine-animaliere-lot-de-2-2","status":"publish","type":"product","link":"https:\/\/netpet.ch\/de\/produit\/drinkwell-filtres-en-mousse-de-rechange-pour-fontaine-animaliere-lot-de-2-2\/","title":{"rendered":"Drinkwell - Ersatz-Schaumfilter f\u00fcr Haustierbrunnen (2er-Pack)"},"content":{"rendered":"<p>Die Drinkwell\u00ae Ersatz-Schaumvorfilter fangen gro\u00dfe Schmutzpartikel und Haar im Wasser auf, bevor sie die Pumpe erreichen, und sorgen so f\u00fcr sauberes Wasser f\u00fcr Ihr Haustier.<\/p>\n<p>Diese Schaumfilter helfen dabei, die Pumpe zwischen den Reinigungsvorg\u00e4ngen sauberer zu halten, und erhalten die Flussrate des Trinkbrunnens aufrecht. <\/p>\n<p>Diese Filter sind <strong>kompatibel mit den Drinkwell\u00ae-Tierbrunnen 360 aus Keramik und Edelstahl, Avalon, Pagoda, Sedona, Butterfly, Seaside, Streamside<\/strong>.<\/p>\n<p>Sie sollten alle 4 bis 6 Wochen ausgetauscht werden, um eine maximale Frische zu gew\u00e4hrleisten.<\/p>\n<p>(\u00fcbersetzt mit www.deepL.com)<\/p>\n","protected":false},"excerpt":{"rendered":"<p><span style=\"color: #00ccff\">f\u00fcr Drinkwell\u00ae-Tierbrunnen 360 aus Keramik und Edelstahl, Avalon, Pagoda, Butterfly, Seaside, Streamside<\/span><\/p>\n","protected":false},"featured_media":44870,"template":"","meta":{"_acf_changed":false,"wds_primary_product_brand":0,"wds_primary_product_cat":0},"product_brand":[],"product_cat":[481,520],"product_tag":[],"class_list":{"0":"post-44875","1":"product","2":"type-product","3":"status-publish","4":"has-post-thumbnail","6":"product_cat-ersatzfilter-und-ersatzteile","7":"product_cat-trinkbrunnen-hunde","9":"first","10":"instock","11":"taxable","12":"shipping-taxable","13":"purchasable","14":"product-type-simple"},"acf":[],"_links":{"self":[{"href":"https:\/\/netpet.ch\/de\/wp-json\/wp\/v2\/product\/44875","targetHints":{"allow":["GET"]}}],"collection":[{"href":"https:\/\/netpet.ch\/de\/wp-json\/wp\/v2\/product"}],"about":[{"href":"https:\/\/netpet.ch\/de\/wp-json\/wp\/v2\/types\/product"}],"wp:featuredmedia":[{"embeddable":true,"href":"https:\/\/netpet.ch\/de\/wp-json\/wp\/v2\/media\/44870"}],"wp:attachment":[{"href":"https:\/\/netpet.ch\/de\/wp-json\/wp\/v2\/media?parent=44875"}],"wp:term":[{"taxonomy":"product_brand","embeddable":true,"href":"https:\/\/netpet.ch\/de\/wp-json\/wp\/v2\/product_brand?post=44875"},{"taxonomy":"product_cat","embeddable":true,"href":"https:\/\/netpet.ch\/de\/wp-json\/wp\/v2\/product_cat?post=44875"},{"taxonomy":"product_tag","embeddable":true,"href":"https:\/\/netpet.ch\/de\/wp-json\/wp\/v2\/product_tag?post=44875"}],"curies":[{"name":"wp","href":"https:\/\/api.w.org\/{rel}","templated":true}]}}